{"id":894,"date":"2025-06-30T14:09:16","date_gmt":"2025-06-30T14:09:16","guid":{"rendered":"https:\/\/cablesafe.com\/?post_type=product&#038;p=894"},"modified":"2025-07-02T09:02:16","modified_gmt":"2025-07-02T09:02:16","slug":"safety-nets-product","status":"publish","type":"product","link":"https:\/\/cablesafe.com\/pt\/dropped-objects-prevention\/safety-nets-product\/","title":{"rendered":"Rede de seguran\u00e7a ajustada ao tamanho"},"content":{"rendered":"<h2 class=\"p-rich_text_section\"><strong>Descri\u00e7\u00e3o<\/strong><\/h2>\n<p>As redes de seguran\u00e7a Fit-to-size servem como um m\u00e9todo de fixa\u00e7\u00e3o fi\u00e1vel para equipamento em altura, para evitar um elevado risco de se tornar um objeto ca\u00eddo. As redes de seguran\u00e7a s\u00e3o feitas de <a href=\"https:\/\/en.wikipedia.org\/wiki\/Marine_grade_stainless\" target=\"_blank\" rel=\"noopener\">a\u00e7o inoxid\u00e1vel<\/a>\u00a0SUS\/ AISI316: que \u00e9 o a\u00e7o de alta qualidade preferido pela ind\u00fastria para utiliza\u00e7\u00e3o e opera\u00e7\u00e3o em ambientes mar\u00edtimos, offshore ou outros ambientes agressivos devido \u00e0 sua boa resist\u00eancia contra a corros\u00e3o por perfura\u00e7\u00e3o.<\/p>\n<p>Para evitar que os objectos caiam de altura, as redes de seguran\u00e7a s\u00e3o enroladas \u00e0 volta dos objectos. O tamanho do objecto determina o tamanho da rede de seguran\u00e7a necess\u00e1ria, os tamanhos padr\u00e3o das redes de seguran\u00e7a fazem uma correspond\u00eancia f\u00e1cil com qualquer equipamento (tais como: caixas de jun\u00e7\u00e3o, luzes para navega\u00e7\u00e3o, luzes TL ou luzes de faixa, altifalantes, caixas de som, c\u00e2maras cctv, monitores e equipamento detector).<\/p>\n<p>A rede de seguran\u00e7a de a\u00e7o inoxid\u00e1vel de alta qualidade apanhar\u00e1 o objecto quando este cair acidentalmente para o ch\u00e3o de trabalho ou plataforma. Estas redes de seguran\u00e7a podem ser utilizadas para trabalhos de instala\u00e7\u00e3o tempor\u00e1ria, mas s\u00e3o mais adequadas para objectos instalados permanentemente em altura que introduzem riscos de queda de objectos.<\/p>\n<p>Esta rede de seguran\u00e7a foi concebida para prender o equipamento em caso de falha do sistema de seguran\u00e7a prim\u00e1rio ou secund\u00e1rio. \u00c9 normalmente utilizada para proteger a vida dos trabalhadores e dos pe\u00f5es.<\/p>","protected":false},"excerpt":{"rendered":"<div class=\"wpb_text_column wpb_content_element\">\n<h5>Redes de seguran\u00e7a para evitar acidentes com queda de objectos<\/h5>\n<p><img loading=\"lazy\" decoding=\"async\" class=\"alignnone wp-image-8224\" src=\"https:\/\/cablesafe.com\/wp-content\/uploads\/2021\/03\/1-2.jpg\" alt=\"\" width=\"96\" height=\"96\" srcset=\"https:\/\/cablesafe.com\/wp-content\/uploads\/2021\/03\/1-2.jpg 200w, https:\/\/cablesafe.com\/wp-content\/uploads\/2021\/03\/1-2-100x100.jpg 100w\" sizes=\"auto, (max-width: 96px) 100vw, 96px\" \/> <img loading=\"lazy\" decoding=\"async\" class=\"alignnone wp-image-8225\" src=\"https:\/\/cablesafe.com\/wp-content\/uploads\/2021\/03\/2-2.jpg\" alt=\"\" width=\"106\" height=\"106\" srcset=\"https:\/\/cablesafe.com\/wp-content\/uploads\/2021\/03\/2-2.jpg 200w, https:\/\/cablesafe.com\/wp-content\/uploads\/2021\/03\/2-2-100x100.jpg 100w\" sizes=\"auto, (max-width: 106px) 100vw, 106px\" \/><\/p>\n<p>Rede de Seguran\u00e7a Anti-queda. Os objectos largados s\u00e3o uma das principais fontes de incidentes nas ind\u00fastrias pesadas. Na ind\u00fastria da perfura\u00e7\u00e3o, os objectos largados no mar est\u00e3o listados nos dez principais incidentes mais frequentes. Ao fixar os objectos em altura (por exemplo, altifalantes, c\u00e2mara cctv, luzes de navega\u00e7\u00e3o, luzes de inunda\u00e7\u00e3o ou luzes de faixa \/ TL, etc.) utilizando dispositivos de bloqueio secund\u00e1rio e t\u00e9cnicas adicionais de fixa\u00e7\u00e3o, os incidentes s\u00e3o evitados e o risco de queda ou queda de objectos \u00e9 significativamente reduzido para as pessoas que trabalham abaixo destes objectos.<\/p>\n<p>Todas as nossas Redes de Seguran\u00e7a CableSafe t\u00eam uma garantia de 3 anos se instaladas correctamente.<\/p>\n<a href=\"https:\/\/cablesafe.com\/pt\/contact\/\" class=\"button primary\" >\n\t\t<span>Obter lista de pre\u00e7os<\/span>\n\t<\/a>\n <a href=\"https:\/\/cablesafe.com\/pt\/contact\/\" class=\"button primary\" >\n\t\t<span>Ficha de dados<\/span>\n\t<\/a>\n\n<\/div>","protected":false},"featured_media":15183,"comment_status":"open","ping_status":"closed","template":"","meta":{"inline_featured_image":false},"product_brand":[],"product_cat":[21],"product_tag":[],"class_list":{"0":"post-894","1":"product","2":"type-product","3":"status-publish","4":"has-post-thumbnail","6":"product_cat-dropped-objects-prevention","8":"first","9":"instock","10":"taxable","11":"shipping-taxable","12":"product-type-simple"},"_links":{"self":[{"href":"https:\/\/cablesafe.com\/pt\/wp-json\/wp\/v2\/product\/894","targetHints":{"allow":["GET"]}}],"collection":[{"href":"https:\/\/cablesafe.com\/pt\/wp-json\/wp\/v2\/product"}],"about":[{"href":"https:\/\/cablesafe.com\/pt\/wp-json\/wp\/v2\/types\/product"}],"replies":[{"embeddable":true,"href":"https:\/\/cablesafe.com\/pt\/wp-json\/wp\/v2\/comments?post=894"}],"wp:featuredmedia":[{"embeddable":true,"href":"https:\/\/cablesafe.com\/pt\/wp-json\/wp\/v2\/media\/15183"}],"wp:attachment":[{"href":"https:\/\/cablesafe.com\/pt\/wp-json\/wp\/v2\/media?parent=894"}],"wp:term":[{"taxonomy":"product_brand","embeddable":true,"href":"https:\/\/cablesafe.com\/pt\/wp-json\/wp\/v2\/product_brand?post=894"},{"taxonomy":"product_cat","embeddable":true,"href":"https:\/\/cablesafe.com\/pt\/wp-json\/wp\/v2\/product_cat?post=894"},{"taxonomy":"product_tag","embeddable":true,"href":"https:\/\/cablesafe.com\/pt\/wp-json\/wp\/v2\/product_tag?post=894"}],"curies":[{"name":"wp","href":"https:\/\/api.w.org\/{rel}","templated":true}]}}