{"id":1702,"date":"2015-03-04T02:32:54","date_gmt":"2015-03-04T02:32:54","guid":{"rendered":"https:\/\/cablesafe.com\/uncategorized\/5-channel-cable-guard\/"},"modified":"2024-04-26T12:27:43","modified_gmt":"2024-04-26T12:27:43","slug":"5-channel-cable-guard","status":"publish","type":"product","link":"https:\/\/cablesafe.com\/pt\/5-channels\/5-channel-cable-guard\/","title":{"rendered":"Guarda de Cabo de 5 Canais"},"content":{"rendered":"<h2 class=\"p-rich_text_section\"><strong>Descri\u00e7\u00e3o<\/strong><\/h2>\n<p>Os Protectores de Cabos de 5 Canais reduzem o risco de choque el\u00e9ctrico quando os cabos e mangueiras s\u00e3o expostos a elementos externos. Os protectores de cabos de 5 canais s\u00e3o uma ferramenta de seguran\u00e7a ideal para evitar escorregamentos, trope\u00e7\u00f5es e quedas. Os protectores leves de 5 canais s\u00e3o concebidos para uma utiliza\u00e7\u00e3o intensiva. Os protectores de cabos de 5 canais para servi\u00e7o pesado CableSafe\u00ae s\u00e3o a solu\u00e7\u00e3o mais rent\u00e1vel para protec\u00e7\u00f5es de cabos para servi\u00e7o pesado, concebidos para proteger com materiais de alta qualidade.<\/p>\n<p>Os Protectores de Cabos de 5 Canais s\u00e3o a ferramenta de seguran\u00e7a necess\u00e1ria para evitar estes acidentes e permitir\u00e3o uma passagem segura cont\u00ednua. Os Protectores de Cabos criam um passadi\u00e7o livre de trope\u00e7\u00f5es que reduz os acidentes com escorregamentos, trope\u00e7\u00f5es e quedas de cabos e mangueiras. Os Protectores de Cabos proporcionam protec\u00e7\u00e3o contra elementos exteriores. Os Protectores de Cabos s\u00e3o rent\u00e1veis e especialmente concebidos para uma utiliza\u00e7\u00e3o intensiva com materiais de qualidade. Os Protectores de Cabos t\u00eam uma garantia de 2 anos em condi\u00e7\u00f5es normais de funcionamento.<\/p>","protected":false},"excerpt":{"rendered":"<p><img loading=\"lazy\" decoding=\"async\" class=\"alignnone size-full wp-image-9576\" src=\"https:\/\/cablesafe.com\/wp-content\/uploads\/2015\/03\/Cable-Guard-land-rover-gif.gif\" alt=\"\" width=\"600\" height=\"338\" \/><\/p>\n<ul>\n<li>Material: Poliuretano n\u00e3o condutor, estabilizado por UV<\/li>\n<li>Dimens\u00f5es (MM): (l) 900 mm x (w) 500 mm (h) x 50 mm<\/li>\n<li>Peso: 9,8 kg (40% mais leve que as vers\u00f5es de borracha)<\/li>\n<li>Dimens\u00f5es do canal:\n<ul>\n<li>4 canais: (w) 34 mm x (h) 36 mm<\/li>\n<li>1 centro: (w) 40 mm x (h) 36 mm<\/li>\n<\/ul>\n<\/li>\n<li>Carregamento de peso por pneu testado em laborat\u00f3rio NATA durante 5 minutos: 6T<\/li>\n<li>Guarda-cabos de cinco canais<\/li>\n<\/ul>\n<p><iframe loading=\"lazy\" title=\"Leitor de v\u00eddeo do YouTube\" src=\"https:\/\/www.youtube.com\/embed\/GDi_SrJCGHw\" width=\"560\" height=\"315\" frameborder=\"0\" allowfullscreen=\"allowfullscreen\"><\/iframe><\/p>","protected":false},"featured_media":7963,"comment_status":"closed","ping_status":"closed","template":"","meta":{"inline_featured_image":false},"product_brand":[],"product_cat":[33,31],"product_tag":[],"class_list":{"0":"post-1702","1":"product","2":"type-product","3":"status-publish","4":"has-post-thumbnail","6":"product_cat-5-channels","7":"product_cat-cable-guards","9":"first","10":"instock","11":"taxable","12":"shipping-taxable","13":"purchasable","14":"product-type-simple"},"_links":{"self":[{"href":"https:\/\/cablesafe.com\/pt\/wp-json\/wp\/v2\/product\/1702","targetHints":{"allow":["GET"]}}],"collection":[{"href":"https:\/\/cablesafe.com\/pt\/wp-json\/wp\/v2\/product"}],"about":[{"href":"https:\/\/cablesafe.com\/pt\/wp-json\/wp\/v2\/types\/product"}],"replies":[{"embeddable":true,"href":"https:\/\/cablesafe.com\/pt\/wp-json\/wp\/v2\/comments?post=1702"}],"wp:featuredmedia":[{"embeddable":true,"href":"https:\/\/cablesafe.com\/pt\/wp-json\/wp\/v2\/media\/7963"}],"wp:attachment":[{"href":"https:\/\/cablesafe.com\/pt\/wp-json\/wp\/v2\/media?parent=1702"}],"wp:term":[{"taxonomy":"product_brand","embeddable":true,"href":"https:\/\/cablesafe.com\/pt\/wp-json\/wp\/v2\/product_brand?post=1702"},{"taxonomy":"product_cat","embeddable":true,"href":"https:\/\/cablesafe.com\/pt\/wp-json\/wp\/v2\/product_cat?post=1702"},{"taxonomy":"product_tag","embeddable":true,"href":"https:\/\/cablesafe.com\/pt\/wp-json\/wp\/v2\/product_tag?post=1702"}],"curies":[{"name":"wp","href":"https:\/\/api.w.org\/{rel}","templated":true}]}}