{"id":1701,"date":"2015-03-04T02:32:19","date_gmt":"2015-03-04T02:32:19","guid":{"rendered":"https:\/\/cablesafe.com\/uncategorized\/3-channel-cable-guard\/"},"modified":"2024-04-26T12:28:06","modified_gmt":"2024-04-26T12:28:06","slug":"3-channel-cable-guard","status":"publish","type":"product","link":"https:\/\/cablesafe.com\/pt\/3-channels\/3-channel-cable-guard\/","title":{"rendered":"Guarda de Cabo de 3 Canais"},"content":{"rendered":"<h2 class=\"p-rich_text_section\"><strong>Descri\u00e7\u00e3o<\/strong><\/h2>\n<p>As protec\u00e7\u00f5es de cabo de 3 canais de alta resist\u00eancia s\u00e3o um instrumento de seguran\u00e7a ideal para evitar escorregamentos, trope\u00e7\u00f5es e acidentes com quedas. As protec\u00e7\u00f5es leves s\u00e3o concebidas para uso pesado. As protec\u00e7\u00f5es para cabos pesados CableSafe\u00ae s\u00e3o a solu\u00e7\u00e3o de protec\u00e7\u00e3o de cabos pesados mais rent\u00e1vel, concebida para proteger com materiais de qualidade.<\/p>\n<p>Os Protectores de Cabos de 3 Canais protegem os cabos e mangueiras el\u00e9ctricas num ambiente exterior reduzindo os pontos de trope\u00e7o para o tr\u00e1fego e reduzindo os riscos de choque el\u00e9ctrico quando os cabos e mangueiras s\u00e3o expostos aos elementos exteriores. Os Protectores de Cabos s\u00e3o a ferramenta de seguran\u00e7a necess\u00e1ria para evitar estes acidentes e permitir\u00e3o uma passagem segura cont\u00ednua.<\/p>\n<p>Os Guardas de Cabos criam um passadi\u00e7o livre de trope\u00e7\u00f5es que reduz os deslizamentos, trope\u00e7\u00f5es e quedas de cabos e mangueiras. Os Protectores de Cabos fornecem protec\u00e7\u00e3o contra elementos exteriores. Os Protectores de Cabos s\u00e3o rent\u00e1veis e especialmente concebidos para uma utiliza\u00e7\u00e3o intensiva com materiais de qualidade. Os Protectores de Cabos t\u00eam uma garantia de 2 anos em condi\u00e7\u00f5es normais de funcionamento.<\/p>","protected":false},"excerpt":{"rendered":"<p><img loading=\"lazy\" decoding=\"async\" class=\"alignnone size-full wp-image-9576\" src=\"https:\/\/cablesafe.com\/wp-content\/uploads\/2015\/03\/Cable-Guard-land-rover-gif.gif\" alt=\"\" width=\"600\" height=\"338\" \/><\/p>\n<ul>\n<li>Material: Poliuretano n\u00e3o condutor, estabilizado por UV<\/li>\n<li>Dimens\u00f5es: (l) x 900 mm x (w) 500 mm x (h) 75 mm<\/li>\n<li>Peso: 12,7 kg (35% mais leve que vers\u00f5es de borracha)<\/li>\n<li>Dimens\u00f5es do canal: (w) 65 mm x (h) 55 mm<\/li>\n<li>Carregamento de peso por pneu testado em laborat\u00f3rio NATA durante 5 minutos: 6T<\/li>\n<li>Guarda de cabos de tr\u00eas canais<\/li>\n<\/ul>","protected":false},"featured_media":7962,"comment_status":"closed","ping_status":"closed","template":"","meta":{"inline_featured_image":false},"product_brand":[],"product_cat":[32,31],"product_tag":[],"class_list":{"0":"post-1701","1":"product","2":"type-product","3":"status-publish","4":"has-post-thumbnail","6":"product_cat-3-channels","7":"product_cat-cable-guards","9":"first","10":"instock","11":"taxable","12":"shipping-taxable","13":"purchasable","14":"product-type-simple"},"_links":{"self":[{"href":"https:\/\/cablesafe.com\/pt\/wp-json\/wp\/v2\/product\/1701","targetHints":{"allow":["GET"]}}],"collection":[{"href":"https:\/\/cablesafe.com\/pt\/wp-json\/wp\/v2\/product"}],"about":[{"href":"https:\/\/cablesafe.com\/pt\/wp-json\/wp\/v2\/types\/product"}],"replies":[{"embeddable":true,"href":"https:\/\/cablesafe.com\/pt\/wp-json\/wp\/v2\/comments?post=1701"}],"wp:featuredmedia":[{"embeddable":true,"href":"https:\/\/cablesafe.com\/pt\/wp-json\/wp\/v2\/media\/7962"}],"wp:attachment":[{"href":"https:\/\/cablesafe.com\/pt\/wp-json\/wp\/v2\/media?parent=1701"}],"wp:term":[{"taxonomy":"product_brand","embeddable":true,"href":"https:\/\/cablesafe.com\/pt\/wp-json\/wp\/v2\/product_brand?post=1701"},{"taxonomy":"product_cat","embeddable":true,"href":"https:\/\/cablesafe.com\/pt\/wp-json\/wp\/v2\/product_cat?post=1701"},{"taxonomy":"product_tag","embeddable":true,"href":"https:\/\/cablesafe.com\/pt\/wp-json\/wp\/v2\/product_tag?post=1701"}],"curies":[{"name":"wp","href":"https:\/\/api.w.org\/{rel}","templated":true}]}}