{"id":1700,"date":"2015-03-04T02:31:36","date_gmt":"2015-03-04T02:31:36","guid":{"rendered":"https:\/\/cablesafe.com\/uncategorized\/3-channel-cable-guard-small\/"},"modified":"2024-04-26T12:28:26","modified_gmt":"2024-04-26T12:28:26","slug":"3-channel-cable-guard-small","status":"publish","type":"product","link":"https:\/\/cablesafe.com\/pt\/3-channels\/3-channel-cable-guard-small\/","title":{"rendered":"Cabo de 3 canais de guarda pequeno"},"content":{"rendered":"<h2 class=\"p-rich_text_section\"><strong>Descri\u00e7\u00e3o<\/strong><\/h2>\n<p>Cabos pesados de 3 canais Cabos e mangueiras de pequenas dimens\u00f5es protegem os cabos e mangueiras el\u00e9ctricas. O nosso Guarda-cabos de 3 canais \u00e9 mais pequeno e leve do que o nosso guarda-cabos de 3 canais normal. Esta Guarda de Cabos \u00e9 ideal para uso com cabos mais pequenos. O Cable Guard ainda tem 3 canais, o que garante que os cabos possam ser bem organizados. Reduz acidentes de trope\u00e7o e protege os cabos e mangueiras contra o tr\u00e1fego, o que reduz o desgaste e aumenta significativamente o tempo de vida \u00fatil do Cabo. Os Protectores de Cabos para trabalhos pesados reduzem o risco de choques el\u00e9ctricos quando os cabos e mangueiras s\u00e3o expostos a elementos exteriores.<\/p>\n<p>Protec\u00e7\u00e3o de Cabo de 3 Canais Pequena protec\u00e7\u00e3o de cabos e mangueiras el\u00e9ctricas num ambiente exterior reduzindo os pontos de trope\u00e7o para o tr\u00e1fego e reduzindo os riscos de choque el\u00e9ctrico quando os cabos e mangueiras s\u00e3o expostos aos elementos exteriores. Os Guardas de Cabos s\u00e3o a ferramenta de seguran\u00e7a necess\u00e1ria para evitar estes acidentes e permitir\u00e3o uma passagem segura cont\u00ednua.<\/p>\n<p>Os Guardas de Cabos criam um passadi\u00e7o livre de trope\u00e7\u00f5es que reduz os deslizamentos, trope\u00e7\u00f5es e quedas de cabos e mangueiras. Os Protectores de Cabos fornecem protec\u00e7\u00e3o contra elementos exteriores. Os Protectores de Cabos s\u00e3o rent\u00e1veis e especialmente concebidos para uma utiliza\u00e7\u00e3o intensiva com materiais de qualidade. Os Protectores de Cabos t\u00eam uma garantia de 2 anos em condi\u00e7\u00f5es normais de funcionamento.<\/p>","protected":false},"excerpt":{"rendered":"<p><img loading=\"lazy\" decoding=\"async\" class=\"alignnone size-full wp-image-9576\" src=\"https:\/\/cablesafe.com\/wp-content\/uploads\/2015\/03\/Cable-Guard-land-rover-gif.gif\" alt=\"\" width=\"600\" height=\"338\" \/><\/p>\n<ul>\n<li>Material: Poliuretano n\u00e3o condutor, estabilizado por UV<\/li>\n<li>Dimens\u00f5es: (l) 900 mm x (w) 300 mm x (h) 45 mm<\/li>\n<li>Peso: 5,4 kg (muito mais leve do que as vers\u00f5es em borracha)<\/li>\n<li>Dimens\u00f5es do canal: (w) 30 mm x (h) 35 mm<\/li>\n<li>Carregamento de peso por pneu testado em laborat\u00f3rio NATA durante 5 minutos: 8T<\/li>\n<li>Cabo de tr\u00eas canais Guarda Pequeno<\/li>\n<\/ul>\n<p><iframe loading=\"lazy\" title=\"Leitor de v\u00eddeo do YouTube\" src=\"https:\/\/www.youtube.com\/embed\/GDi_SrJCGHw\" width=\"560\" height=\"315\" frameborder=\"0\" allowfullscreen=\"allowfullscreen\"><\/iframe><\/p>","protected":false},"featured_media":7961,"comment_status":"closed","ping_status":"closed","template":"","meta":{"inline_featured_image":false},"product_brand":[],"product_cat":[32,31],"product_tag":[],"class_list":{"0":"post-1700","1":"product","2":"type-product","3":"status-publish","4":"has-post-thumbnail","6":"product_cat-3-channels","7":"product_cat-cable-guards","9":"first","10":"instock","11":"taxable","12":"shipping-taxable","13":"purchasable","14":"product-type-simple"},"_links":{"self":[{"href":"https:\/\/cablesafe.com\/pt\/wp-json\/wp\/v2\/product\/1700","targetHints":{"allow":["GET"]}}],"collection":[{"href":"https:\/\/cablesafe.com\/pt\/wp-json\/wp\/v2\/product"}],"about":[{"href":"https:\/\/cablesafe.com\/pt\/wp-json\/wp\/v2\/types\/product"}],"replies":[{"embeddable":true,"href":"https:\/\/cablesafe.com\/pt\/wp-json\/wp\/v2\/comments?post=1700"}],"wp:featuredmedia":[{"embeddable":true,"href":"https:\/\/cablesafe.com\/pt\/wp-json\/wp\/v2\/media\/7961"}],"wp:attachment":[{"href":"https:\/\/cablesafe.com\/pt\/wp-json\/wp\/v2\/media?parent=1700"}],"wp:term":[{"taxonomy":"product_brand","embeddable":true,"href":"https:\/\/cablesafe.com\/pt\/wp-json\/wp\/v2\/product_brand?post=1700"},{"taxonomy":"product_cat","embeddable":true,"href":"https:\/\/cablesafe.com\/pt\/wp-json\/wp\/v2\/product_cat?post=1700"},{"taxonomy":"product_tag","embeddable":true,"href":"https:\/\/cablesafe.com\/pt\/wp-json\/wp\/v2\/product_tag?post=1700"}],"curies":[{"name":"wp","href":"https:\/\/api.w.org\/{rel}","templated":true}]}}