{"id":82,"date":"2013-08-11T19:06:15","date_gmt":"2013-08-11T19:06:15","guid":{"rendered":"http:\/\/localhost:8888\/test\/?page_id=520"},"modified":"2024-06-10T11:25:03","modified_gmt":"2024-06-10T11:25:03","slug":"about","status":"publish","type":"page","link":"https:\/\/cablesafe.com\/pt\/about\/","title":{"rendered":"Sobre"},"content":{"rendered":"<div id=\"gap-1185602132\" class=\"gap-element clearfix\" style=\"display:block; height:auto;\">\n\t\t\n<style>\n#gap-1185602132 {\n  padding-top: 30px;\n}\n<\/style>\n\t<\/div>\n\t\n\n\n\t<section class=\"section\" id=\"section_1706795705\">\n\t\t<div class=\"section-bg fill\" >\n\t\t\t\t\t\t\t\t\t\n\t\t\t\n\t<div class=\"is-border\"\n\t\tstyle=\"border-color:rgba(255, 255, 255, 0.506);border-width:0px 30px 0px 30;\">\n\t<\/div>\n\n\t\t<\/div>\n\n\t\t\n\n\t\t<div class=\"section-content relative\">\n\t\t\t\n\n<div class=\"row\"  id=\"row-742622408\">\n\n\n\t<div id=\"col-266446887\" class=\"col small-12 large-12\"  >\n\t\t\t\t<div class=\"col-inner\"  >\n\t\t\t\n\t\t\t\n\n<p>CableSafe \u00e9 uma empresa especializada em engenharia, parte da Westmark BV. A nossa empresa \u00e9 constitu\u00edda por um grupo de Engenheiros com mais de 40 anos de experi\u00eancia pr\u00e1tica operacional na ind\u00fastria do Petr\u00f3leo e G\u00e1s, Qu\u00edmica, Constru\u00e7\u00e3o e Gera\u00e7\u00e3o de Energia. Somos especializados em Seguran\u00e7a de Cabos, Gest\u00e3o de Cabos, Seguran\u00e7a de Espa\u00e7o Confinado e Preven\u00e7\u00e3o de Objectos Deixados cair. Como empresa familiar, orgulhamo-nos das nossas capacidades internas de engenharia e fabrico. Assim, fabricamos a maioria dos nossos produtos apenas na UE e Am\u00e9rica do Norte, garantindo qualidade, desempenho e fiabilidade de topo.<\/p>\n\n\t\t<\/div>\n\t\t\t\t\t<\/div>\n\n\t\n\n<\/div>\n\n\t\t<\/div>\n\n\t\t\n<style>\n#section_1706795705 {\n  padding-top: 30px;\n  padding-bottom: 30px;\n}\n<\/style>\n\t<\/section>\n\t\n\n\t<section class=\"section dark\" id=\"section_189654050\">\n\t\t<div class=\"section-bg fill\" >\n\t\t\t\t\t\t\t\t\t\n\t\t\t\n\t<div class=\"is-border\"\n\t\tstyle=\"border-color:rgb(0, 0, 0);border-width:0px 0p 0px 0px;\">\n\t<\/div>\n\n\t\t<\/div>\n\n\t\t\n\n\t\t<div class=\"section-content relative\">\n\t\t\t\n\n<div class=\"row\"  id=\"row-620589763\">\n\n\n\t<div id=\"col-1228153902\" class=\"col small-12 large-12\"  >\n\t\t\t\t<div class=\"col-inner\"  >\n\t\t\t\n\t\t\t\n\n<div class=\"row align-bottom\"  id=\"row-1629335424\">\n\n\n\t<div id=\"col-593028544\" class=\"col medium-7 small-12 large-7\"  >\n\t\t\t\t<div class=\"col-inner\"  >\n\t\t\t\n\t\t\t\n\n\t<div id=\"text-1217562323\" class=\"text\">\n\t\t\n\n<h1>VOLTA SOCIAL<\/h1>\n\t\t\n<style>\n#text-1217562323 {\n  font-size: 3.25rem;\n}\n<\/style>\n\t<\/div>\n\t\n\n\t\t<\/div>\n\t\t\t\t\t<\/div>\n\n\t\n\n\t<div id=\"col-709126134\" class=\"col medium-5 small-12 large-5\"  >\n\t\t\t\t<div class=\"col-inner\"  >\n\t\t\t\n\t<div class=\"is-border\"\n\t\tstyle=\"border-width:0px 0px 0px 3px;\">\n\t<\/div>\n\t\t\t\n\n<h4>O Retorno Social \u00e9 extremamente importante para a nossa empresa. Tentamos faz\u00ea-lo vendo que ac\u00e7\u00f5es devem ser tomadas para diminuir o nosso impacto sobre o ambiente.<\/h4>\n\n\t\t<\/div>\n\t\t\t\t\n<style>\n#col-709126134 > .col-inner {\n  padding: 0px 85px 0px 85px;\n  margin: 0px 0px 65px 0px;\n}\n<\/style>\n\t<\/div>\n\n\t\n\n\t<div id=\"col-879010358\" class=\"col medium-12 small-12 large-9\"  >\n\t\t\t\t<div class=\"col-inner\"  >\n\t\t\t\n\t\t\t\n\n\t<div id=\"gap-1131744949\" class=\"gap-element clearfix\" style=\"display:block; height:auto;\">\n\t\t\n<style>\n#gap-1131744949 {\n  padding-top: 50px;\n}\n<\/style>\n\t<\/div>\n\t\n\n\n\t\t<\/div>\n\t\t\t\t\t<\/div>\n\n\t\n\n<\/div>\n\n\t\t<\/div>\n\t\t\t\t\n<style>\n#col-1228153902 > .col-inner {\n  margin: 0px 0px -80px 0px;\n}\n<\/style>\n\t<\/div>\n\n\t\n\n<\/div>\n\n\t\t<\/div>\n\n\t\t\n<style>\n#section_189654050 {\n  padding-top: 73px;\n  padding-bottom: 73px;\n  background-color: rgb(0,0,0);\n}\n<\/style>\n\t<\/section>\n\t\n\n\t<section class=\"section\" id=\"section_283467747\">\n\t\t<div class=\"section-bg fill\" >\n\t\t\t\t\t\t\t\t\t\n\t\t\t\n\t<div class=\"is-border\"\n\t\tstyle=\"border-color:rgba(255, 255, 255, 0.506);border-width:0px 30px 0px 30;\">\n\t<\/div>\n\n\t\t<\/div>\n\n\t\t\n\n\t\t<div class=\"section-content relative\">\n\t\t\t\n\n<div class=\"row\"  id=\"row-943388417\">\n\n\n\t<div id=\"col-1136963517\" class=\"col small-12 large-12\"  >\n\t\t\t\t<div class=\"col-inner\"  >\n\t\t\t\n\t\t\t\n\n<p>O Retorno Social \u00e9 um aspecto importante para Westmark. \u00c9 assim que a produ\u00e7\u00e3o dos nossos produtos de seguran\u00e7a \u00e9 feita, tanto quanto poss\u00edvel, em oficinas e pris\u00f5es abrigadas. Estes locais s\u00e3o maioritariamente ocupados por profissionais qualificados com uma defici\u00eancia ou dist\u00e2ncia do mercado de trabalho.<\/p>\n<p>Queremos dar \u00e0s pessoas \u00e0 dist\u00e2ncia do mercado de trabalho uma oportunidade de se reintegrarem na nossa sociedade, e de as actualizar de uma forma criativa. Isto d\u00e1 a um ex-presidi\u00e1rio uma grande oportunidade de reintegra\u00e7\u00e3o e uma pequena oportunidade de reincid\u00eancia.<\/p>\n<p>Tentamos estar o mais conscientes poss\u00edvel do nosso impacto sobre o ambiente. \u00c9 por isso que temos sess\u00f5es regulares com os nossos fornecedores de mat\u00e9rias-primas sobre sustentabilidade e que mais ac\u00e7\u00f5es podemos empreender. Utilizamos a ilumina\u00e7\u00e3o LED durante a produ\u00e7\u00e3o dos nossos Ganchos de Seguran\u00e7a. Al\u00e9m disso, arrefecemos as m\u00e1quinas de uma forma eficiente, tentando manter o nosso impacto sobre o ambiente ao m\u00ednimo.<\/p>\n<p>As nossas barreiras de esgoto, barreiras de saia de esgoto e barreiras de servi\u00e7o leve s\u00e3o feitas em locais de trabalho seguros por pessoas que n\u00e3o conseguem encontrar um emprego no mercado de trabalho. Oferecemos v\u00e1rias pistas de aprendizagem que est\u00e3o de acordo com as exig\u00eancias do mercado de trabalho. Ao gui\u00e1-las e acompanh\u00e1-las, esperamos ter um impacto na vida destas pessoas e ajud\u00e1-las a realizar o seu potencial.<\/p>\n<p>Nas nossas pistas de aprendizagem, pode encontrar pessoas de todas as diferentes experi\u00eancias, idades, etnias, personagens, sonhos e passatempos. Estas diferen\u00e7as e talentos exactos s\u00e3o o que nos torna a todos ligados.<\/p>\n<p>Queremos assegurar que todos tenham a oportunidade de participar como membros da sociedade.<\/p>\n\n\t\t<\/div>\n\t\t\t\t\t<\/div>\n\n\t\n\n<\/div>\n\n\t\t<\/div>\n\n\t\t\n<style>\n#section_283467747 {\n  padding-top: 30px;\n  padding-bottom: 30px;\n}\n<\/style>\n\t<\/section>\n\t\n<div class=\"row\"  id=\"row-823834320\">\n\n\n\t<div id=\"col-424674103\" class=\"col medium-4 small-12 large-4\"  >\n\t\t\t\t<div class=\"col-inner\"  >\n\t\t\t\n\t\t\t\n\n\t<div class=\"img has-hover x md-x lg-x y md-y lg-y\" id=\"image_1889255901\">\n\t\t\t\t\t\t\t\t<div class=\"img-inner dark\" >\n\t\t\t<img loading=\"lazy\" decoding=\"async\" width=\"500\" height=\"350\" src=\"https:\/\/cablesafe.com\/wp-content\/uploads\/2022\/03\/1.png\" class=\"attachment-large size-large\" alt=\"\" \/>\t\t\t\t\t\t\n\t\t\t\t\t<\/div>\n\t\t\t\t\t\t\t\t\n<style>\n#image_1889255901 {\n  width: 100%;\n}\n<\/style>\n\t<\/div>\n\t\n\n\n\t\t<\/div>\n\t\t\t\t\t<\/div>\n\n\t\n\n\t<div id=\"col-79935716\" class=\"col medium-4 small-12 large-4\"  >\n\t\t\t\t<div class=\"col-inner\"  >\n\t\t\t\n\t\t\t\n\n\t<div class=\"img has-hover x md-x lg-x y md-y lg-y\" id=\"image_423875984\">\n\t\t\t\t\t\t\t\t<div class=\"img-inner dark\" >\n\t\t\t<img loading=\"lazy\" decoding=\"async\" width=\"500\" height=\"350\" src=\"https:\/\/cablesafe.com\/wp-content\/uploads\/2022\/03\/3.png\" class=\"attachment-large size-large\" alt=\"\" \/>\t\t\t\t\t\t\n\t\t\t\t\t<\/div>\n\t\t\t\t\t\t\t\t\n<style>\n#image_423875984 {\n  width: 100%;\n}\n<\/style>\n\t<\/div>\n\t\n\n\n\t\t<\/div>\n\t\t\t\t\t<\/div>\n\n\t\n\n\t<div id=\"col-373704932\" class=\"col medium-4 small-12 large-4\"  >\n\t\t\t\t<div class=\"col-inner\"  >\n\t\t\t\n\t\t\t\n\n\t<div class=\"img has-hover x md-x lg-x y md-y lg-y\" id=\"image_253604906\">\n\t\t\t\t\t\t\t\t<div class=\"img-inner dark\" >\n\t\t\t<img loading=\"lazy\" decoding=\"async\" width=\"500\" height=\"350\" src=\"https:\/\/cablesafe.com\/wp-content\/uploads\/2022\/03\/5.png\" class=\"attachment-large size-large\" alt=\"\" \/>\t\t\t\t\t\t\n\t\t\t\t\t<\/div>\n\t\t\t\t\t\t\t\t\n<style>\n#image_253604906 {\n  width: 100%;\n}\n<\/style>\n\t<\/div>\n\t\n\n\n\t\t<\/div>\n\t\t\t\t\t<\/div>\n\n\t\n\n<\/div>\n\t<div id=\"gap-436768668\" class=\"gap-element clearfix\" style=\"display:block; height:auto;\">\n\t\t\n<style>\n#gap-436768668 {\n  padding-top: 30px;\n}\n<\/style>\n\t<\/div>","protected":false},"excerpt":{"rendered":"","protected":false},"author":4,"featured_media":8866,"parent":0,"menu_order":0,"comment_status":"closed","ping_status":"closed","template":"page-blank.php","meta":{"inline_featured_image":false,"footnotes":""},"class_list":["post-82","page","type-page","status-publish","has-post-thumbnail","hentry"],"_links":{"self":[{"href":"https:\/\/cablesafe.com\/pt\/wp-json\/wp\/v2\/pages\/82","targetHints":{"allow":["GET"]}}],"collection":[{"href":"https:\/\/cablesafe.com\/pt\/wp-json\/wp\/v2\/pages"}],"about":[{"href":"https:\/\/cablesafe.com\/pt\/wp-json\/wp\/v2\/types\/page"}],"author":[{"embeddable":true,"href":"https:\/\/cablesafe.com\/pt\/wp-json\/wp\/v2\/users\/4"}],"replies":[{"embeddable":true,"href":"https:\/\/cablesafe.com\/pt\/wp-json\/wp\/v2\/comments?post=82"}],"version-history":[{"count":1,"href":"https:\/\/cablesafe.com\/pt\/wp-json\/wp\/v2\/pages\/82\/revisions"}],"predecessor-version":[{"id":13220,"href":"https:\/\/cablesafe.com\/pt\/wp-json\/wp\/v2\/pages\/82\/revisions\/13220"}],"wp:featuredmedia":[{"embeddable":true,"href":"https:\/\/cablesafe.com\/pt\/wp-json\/wp\/v2\/media\/8866"}],"wp:attachment":[{"href":"https:\/\/cablesafe.com\/pt\/wp-json\/wp\/v2\/media?parent=82"}],"curies":[{"name":"wp","href":"https:\/\/api.w.org\/{rel}","templated":true}]}}