{"id":7101,"date":"2021-03-10T13:52:11","date_gmt":"2021-03-10T13:52:11","guid":{"rendered":"https:\/\/cablesafe.com\/?page_id=7101"},"modified":"2021-12-08T10:55:52","modified_gmt":"2021-12-08T10:55:52","slug":"cable-stand-download","status":"publish","type":"page","link":"https:\/\/cablesafe.com\/pt\/cable-safety\/cable-stand-download\/","title":{"rendered":"Cable Stand download"},"content":{"rendered":"<section class=\"section dark\" id=\"section_481982611\">\n\t\t<div class=\"section-bg fill\" >\n\t\t\t\t\t\t\t\t\t\n\t\t\t\n\n\t\t<\/div>\n\n\t\t\n\n\t\t<div class=\"section-content relative\">\n\t\t\t\n\n<div class=\"row\" style=\"max-width:1300px\" id=\"row-1135220322\">\n\n\n\t<div id=\"col-1782097929\" class=\"col medium-12 small-12 large-8\"  >\n\t\t\t\t<div class=\"col-inner\"  >\n\t\t\t\n\t\t\t\n\n<h6>CABLESAFE<\/h6>\n\t<div id=\"text-580219797\" class=\"text\">\n\t\t\n\n<h2>Obrigado pelo seu pedido<\/h2>\n\t\t\n<style>\n#text-580219797 {\n  font-size: 2.75rem;\n}\n<\/style>\n\t<\/div>\n\t\n\n\t\t<\/div>\n\t\t\t\t\t<\/div>\n\n\t\n\n<\/div>\n\n\t\t<\/div>\n\n\t\t\n<style>\n#section_481982611 {\n  padding-top: 30px;\n  padding-bottom: 30px;\n  min-height: 400px;\n  background-color: rgb(0,0,0);\n}\n@media (min-width:550px) {\n  #section_481982611 {\n    min-height: 400px;\n  }\n}\n@media (min-width:850px) {\n  #section_481982611 {\n    min-height: 600px;\n  }\n}\n<\/style>\n\t<\/section>\n\t\n<div class=\"row align-bottom\" style=\"max-width:1300px\" id=\"row-2012102018\">\n\n\n\t<div id=\"col-1608131546\" class=\"col medium-12 small-12 large-4\"  >\n\t\t\t\t<div class=\"col-inner\"  >\n\t\t\t\n\t\t\t\n\n\t<div id=\"gap-994706784\" class=\"gap-element clearfix\" style=\"display:block; height:auto;\">\n\t\t\n<style>\n#gap-994706784 {\n  padding-top: 0px;\n}\n@media (min-width:550px) {\n  #gap-994706784 {\n    padding-top: 0px;\n  }\n}\n@media (min-width:850px) {\n  #gap-994706784 {\n    padding-top: 35px;\n  }\n}\n<\/style>\n\t<\/div>\n\t\n\n<a href=\"https:\/\/cablesafe.com\/wp-content\/uploads\/2021\/12\/CableSafe-Cable-Stand-Data-Sheet-v1.3.pdf\" target=\"_blank\" class=\"button primary is-larger expand\" rel=\"noopener\" >\n\t\t<span>Clique aqui para a ficha de dados<\/span>\n\t<\/a>\n\n\n\n\t\t<\/div>\n\t\t\t\t\t<\/div>\n\n\t\n\n\t<div id=\"col-1626296404\" class=\"col medium-12 small-12 large-8 medium-col-first\"  >\n\t\t\t\t<div class=\"col-inner\"  >\n\t\t\t\n\t\t\t\n\n\n  <div class=\"banner has-hover\" id=\"banner-854970469\">\n          <div class=\"banner-inner fill\">\n        <div class=\"banner-bg fill\" >\n            <img loading=\"lazy\" decoding=\"async\" width=\"1020\" height=\"658\" src=\"https:\/\/cablesafe.com\/wp-content\/uploads\/2021\/03\/3-1240x800.jpg\" class=\"bg attachment-large size-large\" alt=\"\" \/>                                    \n                    <\/div>\n\t\t\n        <div class=\"banner-layers container\">\n            <div class=\"fill banner-link\"><\/div>            \n\n\n        <\/div>\n      <\/div>\n\n            \n<style>\n#banner-854970469 {\n  padding-top: 300px;\n  background-color: rgb(0, 46, 44);\n}\n@media (min-width:550px) {\n  #banner-854970469 {\n    padding-top: 600px;\n  }\n}\n<\/style>\n  <\/div>\n\n\n\n\t\t<\/div>\n\t\t\t\t\n<style>\n#col-1626296404 > .col-inner {\n  margin: -120px 0px 0px 0px;\n}\n@media (min-width:550px) {\n  #col-1626296404 > .col-inner {\n    margin: -120px 0px 0px 0px;\n  }\n}\n@media (min-width:850px) {\n  #col-1626296404 > .col-inner {\n    margin: -616px 0px 0px 0px;\n  }\n}\n<\/style>\n\t<\/div>\n\n\t\n\n<\/div>\n\n\t<section class=\"section\" id=\"section_1921390294\">\n\t\t<div class=\"section-bg fill\" >\n\t\t\t\t\t\t\t\t\t\n\t\t\t\n\n\t\t<\/div>\n\n\t\t\n\n\t\t<div class=\"section-content relative\">\n\t\t\t\n\n\t<div id=\"gap-2108959638\" class=\"gap-element clearfix\" style=\"display:block; height:auto;\">\n\t\t\n<style>\n#gap-2108959638 {\n  padding-top: 50px;\n}\n<\/style>\n\t<\/div>\n\t\n\n<div class=\"row align-middle\" style=\"max-width:1300px\" id=\"row-1354689721\">\n\n\n\t<div id=\"col-1607544088\" class=\"col medium-8 small-12 large-8\"  >\n\t\t\t\t<div class=\"col-inner\"  >\n\t\t\t\n\t\t\t\n\n\t<div id=\"text-2328220603\" class=\"text\">\n\t\t\n\n<h2><span style=\"color: #000000;\">INFORMA\u00c7\u00c3O MAIS ESPEC\u00cdFICA SOBRE O PRODUTO?<\/span><\/h2>\n\t\t\n<style>\n#text-2328220603 {\n  font-size: 2rem;\n}\n@media (min-width:550px) {\n  #text-2328220603 {\n    font-size: 1.25rem;\n  }\n}\n@media (min-width:850px) {\n  #text-2328220603 {\n    font-size: 2rem;\n  }\n}\n<\/style>\n\t<\/div>\n\t\n\n\t\t<\/div>\n\t\t\t\t\t<\/div>\n\n\t\n\n\t<div id=\"col-3000548\" class=\"col medium-4 small-12 large-4\"  >\n\t\t\t\t<div class=\"col-inner\"  >\n\t\t\t\n\t\t\t\n\n<a href=\"mailto:cs@westmarkbv.com\" class=\"button primary\" style=\"padding:5px 30px 5px 30px;\">\n\t\t<span>Correio electr\u00f3nico<\/span>\n\t<i class=\"icon-envelop\" aria-hidden=\"true\"><\/i><\/a>\n\n\n<a href=\"tel:0031334614844\" class=\"button primary\" style=\"padding:5px 30px 5px 30px;\">\n\t\t<span>Chame-nos<\/span>\n\t<i class=\"icon-phone\" aria-hidden=\"true\"><\/i><\/a>\n\n\n\n\t\t<\/div>\n\t\t\t\t\t<\/div>\n\n\t\n\n<\/div>\n\n\t\t<\/div>\n\n\t\t\n<style>\n#section_1921390294 {\n  padding-top: 20px;\n  padding-bottom: 20px;\n  background-color: rgb(254, 215, 80);\n}\n<\/style>\n\t<\/section>","protected":false},"excerpt":{"rendered":"","protected":false},"author":4,"featured_media":8886,"parent":6970,"menu_order":0,"comment_status":"closed","ping_status":"closed","template":"page-blank.php","meta":{"inline_featured_image":false,"footnotes":""},"class_list":["post-7101","page","type-page","status-publish","has-post-thumbnail","hentry"],"_links":{"self":[{"href":"https:\/\/cablesafe.com\/pt\/wp-json\/wp\/v2\/pages\/7101","targetHints":{"allow":["GET"]}}],"collection":[{"href":"https:\/\/cablesafe.com\/pt\/wp-json\/wp\/v2\/pages"}],"about":[{"href":"https:\/\/cablesafe.com\/pt\/wp-json\/wp\/v2\/types\/page"}],"author":[{"embeddable":true,"href":"https:\/\/cablesafe.com\/pt\/wp-json\/wp\/v2\/users\/4"}],"replies":[{"embeddable":true,"href":"https:\/\/cablesafe.com\/pt\/wp-json\/wp\/v2\/comments?post=7101"}],"version-history":[{"count":0,"href":"https:\/\/cablesafe.com\/pt\/wp-json\/wp\/v2\/pages\/7101\/revisions"}],"up":[{"embeddable":true,"href":"https:\/\/cablesafe.com\/pt\/wp-json\/wp\/v2\/pages\/6970"}],"wp:featuredmedia":[{"embeddable":true,"href":"https:\/\/cablesafe.com\/pt\/wp-json\/wp\/v2\/media\/8886"}],"wp:attachment":[{"href":"https:\/\/cablesafe.com\/pt\/wp-json\/wp\/v2\/media?parent=7101"}],"curies":[{"name":"wp","href":"https:\/\/api.w.org\/{rel}","templated":true}]}}