{"id":13827,"date":"2024-10-15T09:50:00","date_gmt":"2024-10-15T09:50:00","guid":{"rendered":"https:\/\/cablesafe.com\/?page_id=13827"},"modified":"2024-10-15T09:51:34","modified_gmt":"2024-10-15T09:51:34","slug":"payment-methods","status":"publish","type":"page","link":"https:\/\/cablesafe.com\/pt\/payment-methods\/","title":{"rendered":"Formas de pagamento"},"content":{"rendered":"<div class=\"row\"  id=\"row-1556001285\">\n\n\n\t<div id=\"col-1017677384\" class=\"col small-12 large-12\"  >\n\t\t\t\t<div class=\"col-inner\"  >\n\t\t\t\n\t\t\t\n\n<h5 class=\"uppercase\">Formas de pagamento<\/h5>\n<p dir=\"ltr\" data-placeholder=\"Vertaling\">Aceitamos pagamento por cart\u00e3o de d\u00e9bito, cart\u00e3o de cr\u00e9dito, transfer\u00eancia banc\u00e1ria ou Paypal.<\/p>\n<p dir=\"ltr\" data-placeholder=\"Vertaling\">N\u00e3o aceitamos pagamento por cheque.<\/p>\n<p class=\"tw-data-text tw-text-large tw-ta\" dir=\"ltr\" data-placeholder=\"Vertaling\"><span lang=\"en\" tabindex=\"0\">Perguntas sobre os nossos m\u00e9todos de pagamento? Por favor contacte-nos.<\/span><\/p>\n<p dir=\"ltr\" data-placeholder=\"Vertaling\"><strong>CableSafe \/ Westmark B.V.<\/strong><br \/>Arnhemseweg 87, 3832 GK Leusden<\/p>\n<p>T : +31334614844 (NL)<br \/>T : 011334614844 (N\u00d3S)<br \/>E : <a href=\"mailto:info@cablesafe.com\">info@cablesafe.com<\/a><\/p>\n\n\n\t\t<\/div>\n\t\t\t\t\t<\/div>\n\n\t\n\n<\/div>","protected":false},"excerpt":{"rendered":"","protected":false},"author":4,"featured_media":0,"parent":0,"menu_order":0,"comment_status":"closed","ping_status":"closed","template":"","meta":{"inline_featured_image":false,"footnotes":""},"class_list":["post-13827","page","type-page","status-publish","hentry"],"_links":{"self":[{"href":"https:\/\/cablesafe.com\/pt\/wp-json\/wp\/v2\/pages\/13827","targetHints":{"allow":["GET"]}}],"collection":[{"href":"https:\/\/cablesafe.com\/pt\/wp-json\/wp\/v2\/pages"}],"about":[{"href":"https:\/\/cablesafe.com\/pt\/wp-json\/wp\/v2\/types\/page"}],"author":[{"embeddable":true,"href":"https:\/\/cablesafe.com\/pt\/wp-json\/wp\/v2\/users\/4"}],"replies":[{"embeddable":true,"href":"https:\/\/cablesafe.com\/pt\/wp-json\/wp\/v2\/comments?post=13827"}],"version-history":[{"count":2,"href":"https:\/\/cablesafe.com\/pt\/wp-json\/wp\/v2\/pages\/13827\/revisions"}],"predecessor-version":[{"id":13829,"href":"https:\/\/cablesafe.com\/pt\/wp-json\/wp\/v2\/pages\/13827\/revisions\/13829"}],"wp:attachment":[{"href":"https:\/\/cablesafe.com\/pt\/wp-json\/wp\/v2\/media?parent=13827"}],"curies":[{"name":"wp","href":"https:\/\/api.w.org\/{rel}","templated":true}]}}