{"id":13262,"date":"2024-06-26T08:08:03","date_gmt":"2024-06-26T08:08:03","guid":{"rendered":"https:\/\/cablesafe.com\/?page_id=13262"},"modified":"2024-06-26T09:12:12","modified_gmt":"2024-06-26T09:12:12","slug":"guard-nets","status":"publish","type":"page","link":"https:\/\/cablesafe.com\/pt\/guard-nets\/","title":{"rendered":"Redes de prote\u00e7\u00e3o"},"content":{"rendered":"<section class=\"section\" id=\"section_219497725\">\n\t\t<div class=\"section-bg fill\" >\n\t\t\t<img loading=\"lazy\" decoding=\"async\" width=\"1206\" height=\"702\" src=\"https:\/\/cablesafe.com\/wp-content\/uploads\/2024\/06\/Scherm\u00adafbeelding-2024-06-26-om-11.10.29.png\" class=\"bg attachment-original size-original\" alt=\"\" \/>\t\t\t\t\t\t\n\t\t\t\n\n\t\t<\/div>\n\n\t\t\n\n\t\t<div class=\"section-content relative\">\n\t\t\t\n\n<div class=\"row\" style=\"max-width:1300px\" id=\"row-1977812817\">\n\n\n\t<div id=\"col-1873365853\" class=\"col medium-11 small-12 large-7\"  >\n\t\t\t\t<div class=\"col-inner\"  >\n\t\t\t\n\t\t\t\n\n\t<div id=\"text-4018650724\" class=\"text\">\n\t\t\n\n<h2 class=\"uppercase\">REDES DE PROTEC\u00c7\u00c3O<\/h2>\n\n\t\t\n<style>\n#text-4018650724 {\n  font-size: 1.25rem;\n}\n@media (min-width:550px) {\n  #text-4018650724 {\n    font-size: 2.25rem;\n  }\n}\n<\/style>\n\t<\/div>\n\t\n\n\t\t<\/div>\n\t\t\t\t\n<style>\n#col-1873365853 > .col-inner {\n  padding: 30px 30px 10px 40px;\n}\n<\/style>\n\t<\/div>\n\n\t\n\n\n<style>\n#row-1977812817 > .col > .col-inner {\n  background-color: rgb(255, 214, 80);\n}\n<\/style>\n<\/div>\n\n\t\t<\/div>\n\n\t\t\n<style>\n#section_219497725 {\n  padding-top: 30px;\n  padding-bottom: 30px;\n  min-height: 400px;\n}\n#section_219497725 .section-bg img {\n  object-position: 100% 11%;\n}\n@media (min-width:550px) {\n  #section_219497725 {\n    min-height: 600px;\n  }\n}\n@media (min-width:850px) {\n  #section_219497725 {\n    min-height: 600px;\n  }\n}\n<\/style>\n\t<\/section>\n\t\n\n\t<section class=\"section\" id=\"section_1206662097\">\n\t\t<div class=\"section-bg fill\" >\n\t\t\t\t\t\t\t\t\t\n\t\t\t\n\n\t\t<\/div>\n\n\t\t\n\n\t\t<div class=\"section-content relative\">\n\t\t\t\n\n<div class=\"row align-center\" style=\"max-width:1300px\" id=\"row-2013359184\">\n\n\n\t<div id=\"col-1278828368\" class=\"col medium-11 small-12 large-9\"  >\n\t\t\t\t<div class=\"col-inner\"  >\n\t\t\t\n\t\t\t\n\n<div class=\"text-center\"><div class=\"is-divider divider clearfix\" style=\"margin-top:15.2px;margin-bottom:15.2px;max-width:150px;height:8px;background-color:rgb(254, 215, 80);\"><\/div><\/div>\n\n\t<div id=\"text-1494330539\" class=\"text\">\n\t\t\n\n<div class=\"flex-shrink-0 flex flex-col relative items-end\">\n<div>\n<div class=\"pt-0.5 juice:pt-0\">\n<div class=\"gizmo-bot-avatar flex h-6 w-6 items-center justify-center overflow-hidden rounded-full juice:h-8 juice:w-8\">\n<h1 class=\"relative p-1 rounded-sm flex items-center justify-center bg-token-main-surface-primary text-token-text-primary h-8 w-8\"><span style=\"font-size: 20.16px;\">As redes de prote\u00e7\u00e3o, essenciais para evitar a queda de objectos, aumentam a seguran\u00e7a ao apanharem e conterem de forma fi\u00e1vel os objectos que caem.<\/span><\/h1>\n<\/div>\n<\/div>\n<\/div>\n<\/div>\n\t\t\n<style>\n#text-1494330539 {\n  font-size: 1.75rem;\n  text-align: center;\n}\n@media (min-width:550px) {\n  #text-1494330539 {\n    font-size: 1.25rem;\n  }\n}\n@media (min-width:850px) {\n  #text-1494330539 {\n    font-size: 1.75rem;\n  }\n}\n<\/style>\n\t<\/div>\n\t\n\t<div id=\"text-299920575\" class=\"text\">\n\t\t\n\n<p>As redes de prote\u00e7\u00e3o s\u00e3o uma parte essencial da nossa gama de produtos de preven\u00e7\u00e3o de queda de objectos, concebida para melhorar a seguran\u00e7a e a prote\u00e7\u00e3o em v\u00e1rios ambientes de trabalho. Estas redes constituem uma barreira fi\u00e1vel para apanhar e conter objectos em queda.<\/p>\n\t\t\n<style>\n#text-299920575 {\n  font-size: 1rem;\n  text-align: center;\n}\n@media (min-width:550px) {\n  #text-299920575 {\n    font-size: 1rem;\n  }\n}\n<\/style>\n\t<\/div>\n\t\n\t\n  \n    <div class=\"row  equalize-box large-columns-2 medium-columns-2 small-columns-1 row-small\" >\n  \n\t     <div class=\"product-small col has-hover product type-product post-10466 status-publish first instock product_cat-dropped-objects-prevention has-post-thumbnail taxable shipping-taxable product-type-simple\">\n\t<div class=\"col-inner\">\n\t\n<div class=\"badge-container absolute left top z-1\">\n\n<\/div>\n\t<div class=\"product-small box\">\n\t\t<div class=\"box-image\">\n\t\t\t<div class=\"image-fade_in_back\">\n\t\t\t\t<a href=\"https:\/\/cablesafe.com\/pt\/dropped-objects-prevention\/prevention-guards\/\">\n\t\t\t\t\t<img loading=\"lazy\" decoding=\"async\" width=\"300\" height=\"300\" src=\"https:\/\/cablesafe.com\/wp-content\/uploads\/2022\/08\/Guard-5-300x300.jpg\" class=\"attachment-woocommerce_thumbnail size-woocommerce_thumbnail\" alt=\"Dropped Objects Prevention Panel Guard Net\" srcset=\"https:\/\/cablesafe.com\/wp-content\/uploads\/2022\/08\/Guard-5-300x300.jpg 300w, https:\/\/cablesafe.com\/wp-content\/uploads\/2022\/08\/Guard-5-280x280.jpg 280w, https:\/\/cablesafe.com\/wp-content\/uploads\/2022\/08\/Guard-5-100x100.jpg 100w\" sizes=\"auto, (max-width: 300px) 100vw, 300px\" \/><img loading=\"lazy\" decoding=\"async\" width=\"300\" height=\"300\" src=\"https:\/\/cablesafe.com\/wp-content\/uploads\/2022\/08\/Guard-6-300x300.jpg\" class=\"show-on-hover absolute fill hide-for-small back-image\" alt=\"Alternative view of Dropped Objects Prevention Panel Guard Net\" aria-hidden=\"true\" srcset=\"https:\/\/cablesafe.com\/wp-content\/uploads\/2022\/08\/Guard-6-300x300.jpg 300w, https:\/\/cablesafe.com\/wp-content\/uploads\/2022\/08\/Guard-6-280x280.jpg 280w, https:\/\/cablesafe.com\/wp-content\/uploads\/2022\/08\/Guard-6-100x100.jpg 100w\" sizes=\"auto, (max-width: 300px) 100vw, 300px\" \/>\t\t\t\t<\/a>\n\t\t\t<\/div>\n\t\t\t<div class=\"image-tools is-small top right show-on-hover\">\n\t\t\t\t\t\t\t<\/div>\n\t\t\t<div class=\"image-tools is-small hide-for-small bottom left show-on-hover\">\n\t\t\t\t\t\t\t<\/div>\n\t\t\t<div class=\"image-tools grid-tools text-center hide-for-small bottom hover-slide-in show-on-hover\">\n\t\t\t\t\t\t\t<\/div>\n\t\t\t\t\t<\/div>\n\n\t\t<div class=\"box-text box-text-products\">\n\t\t\t<div class=\"title-wrapper\">\t\t<p class=\"category uppercase is-smaller no-text-overflow product-cat op-8\">\n\t\t\tPreven\u00e7\u00e3o de Objectos Deixados cair\t\t<\/p>\n\t<p class=\"name product-title woocommerce-loop-product__title\"><a href=\"https:\/\/cablesafe.com\/pt\/dropped-objects-prevention\/prevention-guards\/\" class=\"woocommerce-LoopProduct-link woocommerce-loop-product__link\">Painel de Preven\u00e7\u00e3o de Objectos Deixados cair Rede de Guardas<\/a><\/p><\/div><div class=\"price-wrapper\">\n<\/div>\t\t<\/div>\n\t<\/div>\n\t        <div class=\"quote-form\">         <!-- Button trigger modal -->\n                        <button type=\"button\" class=\"button wdm_enquiry\" id=\"wdm-quoteup-trigger-10466\"  data-toggle=\"wdm-quoteup-modal\" data-target=\"#wdm-quoteup-modal\"\n                style = \"&#039;color:#ffffff;border-color:#0a0909;background:\" #0a0000;border-color:#0a0909;background: -webkit-linear-gradient(bottom,#0a0000, #0a0000);background: -o-linear-gradient(bottom,#0a0000, -moz-linear-gradient(bottom,#0a0000, #0a0000);filter:progid:dximagetransform.microsoft.gradient(gradienttype =\"0,startColorstr=#0a0000,\" endcolorstr=\"#0a0000);-ms-filter:\" progid:dximagetransform.microsoft.gradient(gradienttype=\"0,startColorstr=#0a0000,\" linear-gradient(#0a0000, #0a0000)&#039;>\n                ADICIONAR AO OR\u00c7AMENTO                <\/button>\n                        <input type='hidden' name='author_email' id='author_email' value='d.kroeze@westmarkbv.com'>\n        <input type='hidden' name='wdmLocale' id='wdmLocale' value='pt'>\n                <\/div><!--\/contact form or btn-->\n                \t<\/div>\n<\/div><div class=\"product-small col has-hover product type-product post-891 status-publish instock product_cat-dropped-objects-prevention has-post-thumbnail taxable shipping-taxable product-type-simple\">\n\t<div class=\"col-inner\">\n\t\n<div class=\"badge-container absolute left top z-1\">\n\n<\/div>\n\t<div class=\"product-small box\">\n\t\t<div class=\"box-image\">\n\t\t\t<div class=\"image-fade_in_back\">\n\t\t\t\t<a href=\"https:\/\/cablesafe.com\/pt\/dropped-objects-prevention\/prevention-guard-net\/\">\n\t\t\t\t\t<img loading=\"lazy\" decoding=\"async\" width=\"300\" height=\"300\" src=\"https:\/\/cablesafe.com\/wp-content\/uploads\/2021\/01\/guard-net-1-300x300.jpg\" class=\"attachment-woocommerce_thumbnail size-woocommerce_thumbnail\" alt=\"Dropped Objects Prevention Guard Net\" srcset=\"https:\/\/cablesafe.com\/wp-content\/uploads\/2021\/01\/guard-net-1-300x300.jpg 300w, https:\/\/cablesafe.com\/wp-content\/uploads\/2021\/01\/guard-net-1-280x280.jpg 280w, https:\/\/cablesafe.com\/wp-content\/uploads\/2021\/01\/guard-net-1-100x100.jpg 100w\" sizes=\"auto, (max-width: 300px) 100vw, 300px\" \/><img loading=\"lazy\" decoding=\"async\" width=\"300\" height=\"300\" src=\"https:\/\/cablesafe.com\/wp-content\/uploads\/2021\/01\/guard-net-3-300x300.jpg\" class=\"show-on-hover absolute fill hide-for-small back-image\" alt=\"Alternative view of Dropped Objects Prevention Guard Net\" aria-hidden=\"true\" srcset=\"https:\/\/cablesafe.com\/wp-content\/uploads\/2021\/01\/guard-net-3-300x300.jpg 300w, https:\/\/cablesafe.com\/wp-content\/uploads\/2021\/01\/guard-net-3-280x280.jpg 280w, https:\/\/cablesafe.com\/wp-content\/uploads\/2021\/01\/guard-net-3-100x100.jpg 100w\" sizes=\"auto, (max-width: 300px) 100vw, 300px\" \/>\t\t\t\t<\/a>\n\t\t\t<\/div>\n\t\t\t<div class=\"image-tools is-small top right show-on-hover\">\n\t\t\t\t\t\t\t<\/div>\n\t\t\t<div class=\"image-tools is-small hide-for-small bottom left show-on-hover\">\n\t\t\t\t\t\t\t<\/div>\n\t\t\t<div class=\"image-tools grid-tools text-center hide-for-small bottom hover-slide-in show-on-hover\">\n\t\t\t\t\t\t\t<\/div>\n\t\t\t\t\t<\/div>\n\n\t\t<div class=\"box-text box-text-products\">\n\t\t\t<div class=\"title-wrapper\">\t\t<p class=\"category uppercase is-smaller no-text-overflow product-cat op-8\">\n\t\t\tPreven\u00e7\u00e3o de Objectos Deixados cair\t\t<\/p>\n\t<p class=\"name product-title woocommerce-loop-product__title\"><a href=\"https:\/\/cablesafe.com\/pt\/dropped-objects-prevention\/prevention-guard-net\/\" class=\"woocommerce-LoopProduct-link woocommerce-loop-product__link\">Rede de Preven\u00e7\u00e3o de Objectos Deixados cair<\/a><\/p><\/div><div class=\"price-wrapper\">\n<\/div>\t\t<\/div>\n\t<\/div>\n\t        <div class=\"quote-form\">         <!-- Button trigger modal -->\n                        <button type=\"button\" class=\"button wdm_enquiry\" id=\"wdm-quoteup-trigger-891\"  data-toggle=\"wdm-quoteup-modal\" data-target=\"#wdm-quoteup-modal\"\n                style = \"&#039;color:#ffffff;border-color:#0a0909;background:\" #0a0000;border-color:#0a0909;background: -webkit-linear-gradient(bottom,#0a0000, #0a0000);background: -o-linear-gradient(bottom,#0a0000, -moz-linear-gradient(bottom,#0a0000, #0a0000);filter:progid:dximagetransform.microsoft.gradient(gradienttype =\"0,startColorstr=#0a0000,\" endcolorstr=\"#0a0000);-ms-filter:\" progid:dximagetransform.microsoft.gradient(gradienttype=\"0,startColorstr=#0a0000,\" linear-gradient(#0a0000, #0a0000)&#039;>\n                ADICIONAR AO OR\u00c7AMENTO                <\/button>\n                        <input type='hidden' name='author_email' id='author_email' value='louenlouonlinemarketing@gmail.com'>\n        <input type='hidden' name='wdmLocale' id='wdmLocale' value='pt'>\n                <\/div><!--\/contact form or btn-->\n                \t<\/div>\n<\/div><\/div>\n\n\n\t\t<\/div>\n\t\t\t\t\t<\/div>\n\n\t\n\n<\/div>\n\n\t\t<\/div>\n\n\t\t\n<style>\n#section_1206662097 {\n  padding-top: 60px;\n  padding-bottom: 60px;\n}\n@media (min-width:550px) {\n  #section_1206662097 {\n    padding-top: 32px;\n    padding-bottom: 32px;\n  }\n}\n<\/style>\n\t<\/section>\n\t\n\t<div id=\"gap-1821180577\" class=\"gap-element clearfix\" style=\"display:block; height:auto;\">\n\t\t\n<style>\n#gap-1821180577 {\n  padding-top: 30px;\n}\n<\/style>\n\t<\/div>\n\t\n\n\n\t<section class=\"section dark\" id=\"section_1144608452\">\n\t\t<div class=\"section-bg fill\" >\n\t\t\t\t\t\t\t\t\t\n\t\t\t\n\t<div class=\"is-border\"\n\t\tstyle=\"border-color:rgb(254, 215, 80);border-width:8px 0px 0px 0px;\">\n\t<\/div>\n\n\t\t<\/div>\n\n\t\t\n\n\t\t<div class=\"section-content relative\">\n\t\t\t\n\n<div class=\"row align-middle align-center\" style=\"max-width:1300px\" id=\"row-946788898\">\n\n\n\t<div id=\"col-1522831804\" class=\"col medium-10 small-12 large-4\"  >\n\t\t\t\t<div class=\"col-inner\"  >\n\t\t\t\n\t\t\t\n\n\t<div id=\"text-1885159847\" class=\"text\">\n\t\t\n\n<h6><span style=\"color: #fed750;\">Contacto<\/span><\/h6>\n\t\t\n<style>\n#text-1885159847 {\n  text-align: left;\n}\n<\/style>\n\t<\/div>\n\t\n\t<div id=\"text-1309693209\" class=\"text\">\n\t\t\n\n<h2>Alguma pergunta? <br \/>Entre em contacto<\/h2>\n\t\t\n<style>\n#text-1309693209 {\n  font-size: 1.75rem;\n  text-align: left;\n}\n<\/style>\n\t<\/div>\n\t\n<div class=\"is-divider divider clearfix\" style=\"margin-top:0px;margin-bottom:0px;max-width:800px;height:1px;background-color:rgb(254, 215, 80);\"><\/div>\n\n\t<div id=\"gap-1435349636\" class=\"gap-element clearfix\" style=\"display:block; height:auto;\">\n\t\t\n<style>\n#gap-1435349636 {\n  padding-top: 30px;\n}\n<\/style>\n\t<\/div>\n\t\n\n\t<div id=\"text-3682977289\" class=\"text\">\n\t\t\n\n<p>A Cablesafe est\u00e1 aqui para lhe fornecer mais informa\u00e7\u00f5es, responder a quaisquer perguntas que possa ter e criar uma solu\u00e7\u00e3o eficaz para as suas necessidades de seguran\u00e7a, incluindo solu\u00e7\u00f5es de calhas de gest\u00e3o de cabos.<\/p>\n\t\t\n<style>\n#text-3682977289 {\n  text-align: left;\n}\n<\/style>\n\t<\/div>\n\t\n\t<div id=\"gap-1921143925\" class=\"gap-element clearfix\" style=\"display:block; height:auto;\">\n\t\t\n<style>\n#gap-1921143925 {\n  padding-top: 15px;\n}\n<\/style>\n\t<\/div>\n\t\n\n<a href=\"https:\/\/cablesafe.com\/pt\/contact\/\" class=\"button white expand\" style=\"padding:5px 30px 5px 30px;\">\n\t\t<span>Entre em contacto connosco<\/span>\n\t<\/a>\n\n\n\n\t\t<\/div>\n\t\t\t\t\n<style>\n#col-1522831804 > .col-inner {\n  padding: 0px 35px 0px 0px;\n}\n<\/style>\n\t<\/div>\n\n\t\n\n\t<div id=\"col-2054116699\" class=\"col medium-12 small-12 large-8 medium-col-first\"  >\n\t\t\t\t<div class=\"col-inner\"  >\n\t\t\t\n\t\t\t\n\n\n  <div class=\"banner has-hover\" id=\"banner-350527146\">\n          <div class=\"banner-inner fill\">\n        <div class=\"banner-bg fill\" >\n            <img loading=\"lazy\" decoding=\"async\" width=\"800\" height=\"356\" src=\"https:\/\/cablesafe.com\/wp-content\/uploads\/2021\/01\/Hook1-800x356.jpg\" class=\"bg attachment-medium size-medium\" alt=\"\" \/>                                    \n                    <\/div>\n\t\t\n        <div class=\"banner-layers container\">\n            <div class=\"fill banner-link\"><\/div>            \n\n\n        <\/div>\n      <\/div>\n\n            \n<style>\n#banner-350527146 {\n  padding-top: 300px;\n  background-color: rgb(39, 54, 71);\n}\n#banner-350527146 .banner-bg img {\n  object-position: 79% 42%;\n}\n@media (min-width:550px) {\n  #banner-350527146 {\n    padding-top: 500px;\n  }\n}\n<\/style>\n  <\/div>\n\n\n\n\t\t<\/div>\n\t\t\t\t\t<\/div>\n\n\t\n\n<\/div>\n\n\t\t<\/div>\n\n\t\t\n<style>\n#section_1144608452 {\n  padding-top: 75px;\n  padding-bottom: 75px;\n  background-color: rgb(0,0,0);\n}\n@media (min-width:850px) {\n  #section_1144608452 {\n    padding-top: 120px;\n    padding-bottom: 120px;\n  }\n}\n<\/style>\n\t<\/section>\n\t\n\n\t<section class=\"section\" id=\"section_1671415973\">\n\t\t<div class=\"section-bg fill\" >\n\t\t\t\t\t\t\t\t\t\n\t\t\t\n\n\t\t<\/div>\n\n\t\t\n\n\t\t<div class=\"section-content relative\">\n\t\t\t\n\n\t<div id=\"gap-241366232\" class=\"gap-element clearfix\" style=\"display:block; height:auto;\">\n\t\t\n<style>\n#gap-241366232 {\n  padding-top: 30px;\n}\n<\/style>\n\t<\/div>\n\t\n\n\n\t\t<\/div>\n\n\t\t\n<style>\n#section_1671415973 {\n  padding-top: 30px;\n  padding-bottom: 30px;\n}\n<\/style>\n\t<\/section>\n\t\n\n\t<section class=\"section\" id=\"section_1780108121\">\n\t\t<div class=\"section-bg fill\" >\n\t\t\t\t\t\t\t\t\t\n\t\t\t\n\n\t\t<\/div>\n\n\t\t\n\n\t\t<div class=\"section-content relative\">\n\t\t\t\n\n<div class=\"row row-large align-equal align-right\" style=\"max-width:1300px\" id=\"row-2086196737\">\n\n\n\t<div id=\"col-612812053\" class=\"col medium-12 small-12 large-4\"  >\n\t\t\t\t<div class=\"col-inner\"  >\n\t\t\t\n\t\t\t\n\n<h6>SIMPLICIDADE NAS REDES DE PROTEC\u00c7\u00c3O<\/h6>\n\n\t<div id=\"text-3346291366\" class=\"text\">\n\t\t\n\n<h2>REDES DE PROTEC\u00c7\u00c3O<\/h2>\n\n\t\t\n<style>\n#text-3346291366 {\n  font-size: 2.5rem;\n}\n<\/style>\n\t<\/div>\n\t\n\n\t\t<\/div>\n\t\t\t\t\n<style>\n#col-612812053 > .col-inner {\n  padding: 0px 30px 0px 0px;\n}\n<\/style>\n\t<\/div>\n\n\t\n\n\t<div id=\"col-354607848\" class=\"col medium-6 small-12 large-4\"  >\n\t\t\t\t<div class=\"col-inner\"  >\n\t\t\t\n\t\t\t\n\n\n\t\t<div class=\"icon-box featured-box icon-box-top text-left\"  >\n\t\t\t\t<div class=\"icon-box-text last-reset\">\n\t\t\t\t\t\t\t\t\t\n\n<h2><strong>Redes de prote\u00e7\u00e3o e redes de prote\u00e7\u00e3o<\/strong><\/h2>\n<p>As nossas redes de prote\u00e7\u00e3o, tamb\u00e9m conhecidas como redes de prote\u00e7\u00e3o, s\u00e3o concebidas para criar uma barreira segura \u00e0 volta de \u00e1reas de trabalho elevadas. Prendem eficazmente os objectos que caem, impedindo-os de causar danos ou estragos em baixo. Este tipo de rede \u00e9 crucial para manter um ambiente de trabalho seguro, especialmente em \u00e1reas com um elevado risco de queda de objectos.<\/p>\n\n\t\t<\/div>\n\t<\/div>\n\t\n\t\n\t<div id=\"gap-1066715168\" class=\"gap-element clearfix\" style=\"display:block; height:auto;\">\n\t\t\n<style>\n#gap-1066715168 {\n  padding-top: 30px;\n}\n<\/style>\n\t<\/div>\n\t\n\n\n\t\t<div class=\"icon-box featured-box icon-box-top text-left\"  >\n\t\t\t\t<div class=\"icon-box-text last-reset\">\n\t\t\t\t\t\t\t\t\t\n\n<h2><strong>Rede de seguran\u00e7a na constru\u00e7\u00e3o<\/strong><\/h2>\n<p>As redes de prote\u00e7\u00e3o desempenham um papel vital na seguran\u00e7a da constru\u00e7\u00e3o, fornecendo uma barreira que ret\u00e9m os objectos em queda. Esta rede de seguran\u00e7a \u00e9 essencial para proteger os trabalhadores e o p\u00fablico de potenciais perigos, garantindo o cumprimento dos regulamentos de seguran\u00e7a e melhorando a seguran\u00e7a geral do local.<\/p>\n\n\t\t<\/div>\n\t<\/div>\n\t\n\t\n\n\t\t<\/div>\n\t\t\t\t\t<\/div>\n\n\t\n\n\t<div id=\"col-1932613296\" class=\"col medium-6 small-12 large-4\"  >\n\t\t\t\t<div class=\"col-inner\"  >\n\t\t\t\n\t\t\t\n\n\n\t\t<div class=\"icon-box featured-box icon-box-top text-left\"  >\n\t\t\t\t<div class=\"icon-box-text last-reset\">\n\t\t\t\t\t\t\t\t\t\n\n<h2><strong>Redes de prote\u00e7\u00e3o de bastidores<\/strong><\/h2>\n<p>As redes de prote\u00e7\u00e3o de estantes s\u00e3o especificamente concebidas para proporcionar prote\u00e7\u00e3o em ambientes de armazenamento e armaz\u00e9m. Estas redes s\u00e3o instaladas \u00e0 volta das estantes de armazenamento para apanhar artigos que possam cair, garantindo que a \u00e1rea por baixo permanece segura. Isto n\u00e3o s\u00f3 protege os trabalhadores, como tamb\u00e9m evita danos no valioso invent\u00e1rio.<\/p>\n\n\t\t<\/div>\n\t<\/div>\n\t\n\t\n\t<div id=\"gap-1571335094\" class=\"gap-element clearfix\" style=\"display:block; height:auto;\">\n\t\t\n<style>\n#gap-1571335094 {\n  padding-top: 30px;\n}\n<\/style>\n\t<\/div>\n\t\n\n\n\t\t<div class=\"icon-box featured-box icon-box-top text-left\"  >\n\t\t\t\t<div class=\"icon-box-text last-reset\">\n\t\t\t\t\t\t\t\t\t\n\n<h2><strong>Redes de seguran\u00e7a para prender objectos em queda<\/strong><\/h2>\n<p>As nossas solu\u00e7\u00f5es de redes de seguran\u00e7a s\u00e3o concebidas para prender eficazmente objectos em queda, proporcionando uma camada cr\u00edtica de prote\u00e7\u00e3o em v\u00e1rios ambientes de trabalho. Quer sejam utilizadas na constru\u00e7\u00e3o, em ambientes industriais ou em armaz\u00e9ns, estas redes ajudam a evitar acidentes e ferimentos provocados pela queda de objectos.<\/p>\n<p>\u00a0<\/p>\n\n\t\t<\/div>\n\t<\/div>\n\t\n\t\n\n\t\t<\/div>\n\t\t\t\t\t<\/div>\n\n\t\n\n<\/div>\n\n\t\t<\/div>\n\n\t\t\n<style>\n#section_1780108121 {\n  padding-top: 30px;\n  padding-bottom: 30px;\n}\n@media (min-width:550px) {\n  #section_1780108121 {\n    padding-top: 70px;\n    padding-bottom: 70px;\n  }\n}\n<\/style>\n\t<\/section>\n\t\n\n\t<section class=\"section\" id=\"section_1217742263\">\n\t\t<div class=\"section-bg fill\" >\n\t\t\t\t\t\t\t\t\t\n\t\t\t\n\n\t\t<\/div>\n\n\t\t\n\n\t\t<div class=\"section-content relative\">\n\t\t\t\n\n\t<div id=\"gap-595862147\" class=\"gap-element clearfix\" style=\"display:block; height:auto;\">\n\t\t\n<style>\n#gap-595862147 {\n  padding-top: 30px;\n}\n<\/style>\n\t<\/div>\n\t\n\n<div class=\"row align-middle\"  id=\"row-762421419\">\n\n\n\t<div id=\"col-671648312\" class=\"col medium-11 small-12 large-11\"  >\n\t\t\t\t<div class=\"col-inner\"  >\n\t\t\t\n\t\t\t\n\n<h2><strong>FAQ<\/strong><\/h2>\n<h3><em>Para que servem as redes de prote\u00e7\u00e3o?<\/em><\/h3>\n<p>As redes de prote\u00e7\u00e3o s\u00e3o utilizadas para criar uma barreira protetora que apanha e cont\u00e9m objectos em queda em v\u00e1rios ambientes de trabalho, como estaleiros de constru\u00e7\u00e3o, armaz\u00e9ns e cais de carga. Ajudam a evitar les\u00f5es e acidentes provocados pela queda de objectos, garantindo um local de trabalho mais seguro.<\/p>\n<h3><em>O que significa \"redes de prote\u00e7\u00e3o\"?<\/em><\/h3>\n<p>As redes de prote\u00e7\u00e3o referem-se \u00e0 utiliza\u00e7\u00e3o de redes concebidas para proporcionar uma barreira protetora em torno de \u00e1reas de trabalho elevadas, prateleiras de armazenamento ou cais de carga. Estas redes prendem os objectos que caem, impedindo-os de causar danos ou estragos em baixo. Trata-se de uma medida de seguran\u00e7a essencial em ambientes onde existe o risco de queda de objectos.<\/p>\n\n\t\t<\/div>\n\t\t\t\t\t<\/div>\n\n\t\n\n<\/div>\n\n\t\t<\/div>\n\n\t\t\n<style>\n#section_1217742263 {\n  padding-top: 30px;\n  padding-bottom: 30px;\n}\n<\/style>\n\t<\/section>\n\t\n\n\t<section class=\"section\" id=\"section_1497062490\">\n\t\t<div class=\"section-bg fill\" >\n\t\t\t\t\t\t\t\t\t\n\t\t\t\n\n\t\t<\/div>\n\n\t\t\n\n\t\t<div class=\"section-content relative\">\n\t\t\t\n\n\t<div id=\"gap-1798481389\" class=\"gap-element clearfix\" style=\"display:block; height:auto;\">\n\t\t\n<style>\n#gap-1798481389 {\n  padding-top: 50px;\n}\n<\/style>\n\t<\/div>\n\t\n\n<div class=\"row align-middle\" style=\"max-width:1300px\" id=\"row-449910429\">\n\n\n\t<div id=\"col-997490393\" class=\"col medium-8 small-12 large-8\"  >\n\t\t\t\t<div class=\"col-inner\"  >\n\t\t\t\n\t\t\t\n\n\t<div id=\"text-4146200347\" class=\"text\">\n\t\t\n\n<h2>OBTER UM OR\u00c7AMENTO GRATUITO<\/h2>\n<p><span style=\"font-size: 75%;\">Produtos de alta qualidade com aten\u00e7\u00e3o pessoal \u00e0s suas necessidades. Explore todos os nossos produtos.<\/span><\/p>\n\t\t\n<style>\n#text-4146200347 {\n  font-size: 2rem;\n}\n@media (min-width:550px) {\n  #text-4146200347 {\n    font-size: 1.25rem;\n  }\n}\n@media (min-width:850px) {\n  #text-4146200347 {\n    font-size: 1.5rem;\n  }\n}\n<\/style>\n\t<\/div>\n\t\n\n\t\t<\/div>\n\t\t\t\t\t<\/div>\n\n\t\n\n\t<div id=\"col-734574156\" class=\"col medium-4 small-12 large-4\"  >\n\t\t\t\t<div class=\"col-inner\"  >\n\t\t\t\n\t\t\t\n\n<a href=\"https:\/\/cablesafe.com\/pt\/request-quote\/\" class=\"button alert expand\" style=\"padding:5px 30px 5px 30px;\">\n\t\t<span>Obter uma cota\u00e7\u00e3o<\/span>\n\t<\/a>\n\n\n\n\t\t<\/div>\n\t\t\t\t\t<\/div>\n\n\t\n\n<\/div>\n\n\t\t<\/div>\n\n\t\t\n<style>\n#section_1497062490 {\n  padding-top: 20px;\n  padding-bottom: 20px;\n  background-color: rgb(254, 215, 80);\n}\n<\/style>\n\t<\/section>","protected":false},"excerpt":{"rendered":"","protected":false},"author":4,"featured_media":0,"parent":0,"menu_order":0,"comment_status":"closed","ping_status":"closed","template":"page-blank.php","meta":{"inline_featured_image":false,"footnotes":""},"class_list":["post-13262","page","type-page","status-publish","hentry"],"_links":{"self":[{"href":"https:\/\/cablesafe.com\/pt\/wp-json\/wp\/v2\/pages\/13262","targetHints":{"allow":["GET"]}}],"collection":[{"href":"https:\/\/cablesafe.com\/pt\/wp-json\/wp\/v2\/pages"}],"about":[{"href":"https:\/\/cablesafe.com\/pt\/wp-json\/wp\/v2\/types\/page"}],"author":[{"embeddable":true,"href":"https:\/\/cablesafe.com\/pt\/wp-json\/wp\/v2\/users\/4"}],"replies":[{"embeddable":true,"href":"https:\/\/cablesafe.com\/pt\/wp-json\/wp\/v2\/comments?post=13262"}],"version-history":[{"count":3,"href":"https:\/\/cablesafe.com\/pt\/wp-json\/wp\/v2\/pages\/13262\/revisions"}],"predecessor-version":[{"id":13283,"href":"https:\/\/cablesafe.com\/pt\/wp-json\/wp\/v2\/pages\/13262\/revisions\/13283"}],"wp:attachment":[{"href":"https:\/\/cablesafe.com\/pt\/wp-json\/wp\/v2\/media?parent=13262"}],"curies":[{"name":"wp","href":"https:\/\/api.w.org\/{rel}","templated":true}]}}