{"id":1701,"date":"2015-03-04T02:32:19","date_gmt":"2015-03-04T02:32:19","guid":{"rendered":"https:\/\/cablesafe.com\/uncategorized\/3-channel-cable-guard\/"},"modified":"2024-04-26T12:28:06","modified_gmt":"2024-04-26T12:28:06","slug":"3-channel-cable-guard","status":"publish","type":"product","link":"https:\/\/cablesafe.com\/fr\/3-channels\/3-channel-cable-guard\/","title":{"rendered":"Garde-c\u00e2ble \u00e0 3 canaux"},"content":{"rendered":"<h2 class=\"p-rich_text_section\"><strong>Description<\/strong><\/h2>\n<p>Les prot\u00e8ge-c\u00e2bles \u00e0 3 canaux pour usage intensif sont un outil de s\u00e9curit\u00e9 id\u00e9al pour pr\u00e9venir les glissades, les tr\u00e9buchements et les chutes. Ces protections l\u00e9g\u00e8res sont con\u00e7ues pour un usage intensif. Les prot\u00e8ge-c\u00e2bles CableSafe\u00ae pour usage intensif sont la solution la plus rentable en mati\u00e8re de prot\u00e8ge-c\u00e2bles pour usage intensif, con\u00e7us pour prot\u00e9ger avec des mat\u00e9riaux de qualit\u00e9.<\/p>\n<p>Les protections de c\u00e2bles \u00e0 3 canaux prot\u00e8gent les c\u00e2bles et tuyaux \u00e9lectriques en ext\u00e9rieur, r\u00e9duisant les points de tr\u00e9buchement pour la circulation et les risques de chocs \u00e9lectriques lorsque les c\u00e2bles et tuyaux sont expos\u00e9s aux \u00e9l\u00e9ments ext\u00e9rieurs. Les protections de c\u00e2bles sont l'outil de s\u00e9curit\u00e9 n\u00e9cessaire pour pr\u00e9venir ces accidents et permettre un passage continu en toute s\u00e9curit\u00e9.<\/p>\n<p>Les prot\u00e8ge-c\u00e2bles cr\u00e9ent une passerelle sans risque de tr\u00e9buchement, ce qui r\u00e9duit les risques de glissade, de tr\u00e9buchement et de chute dus \u00e0 la pr\u00e9sence de c\u00e2bles et de tuyaux. Les prot\u00e8ge-c\u00e2bles offrent une protection contre les \u00e9l\u00e9ments ext\u00e9rieurs. Les protections de c\u00e2bles sont rentables et sp\u00e9cialement con\u00e7ues pour un usage intensif avec des mat\u00e9riaux de qualit\u00e9. Les prot\u00e8ge-c\u00e2bles sont garantis 2 ans dans des conditions normales d'utilisation.<\/p>","protected":false},"excerpt":{"rendered":"<p><img loading=\"lazy\" decoding=\"async\" class=\"alignnone size-full wp-image-9576\" src=\"https:\/\/cablesafe.com\/wp-content\/uploads\/2015\/03\/Cable-Guard-land-rover-gif.gif\" alt=\"\" width=\"600\" height=\"338\" \/><\/p>\n<ul>\n<li>Mat\u00e9riau : Polyur\u00e9thane non conducteur, stabilis\u00e9 aux UV.<\/li>\n<li>Dimensions : (l) x 900 mm x (l) 500 mm x (h) 75 mm<\/li>\n<li>Poids : 12,7 kg (35% plus l\u00e9ger que les versions en caoutchouc)<\/li>\n<li>Dimensions du canal : (l) 65 mm x (h) 55 mm<\/li>\n<li>Charge de poids test\u00e9e en laboratoire NATA par pneu pendant 5 minutes : 6T<\/li>\n<li>Garde-c\u00e2ble \u00e0 trois canaux<\/li>\n<\/ul>","protected":false},"featured_media":7962,"comment_status":"closed","ping_status":"closed","template":"","meta":{"inline_featured_image":false},"product_brand":[],"product_cat":[32,31],"product_tag":[],"class_list":{"0":"post-1701","1":"product","2":"type-product","3":"status-publish","4":"has-post-thumbnail","6":"product_cat-3-channels","7":"product_cat-cable-guards","9":"first","10":"instock","11":"taxable","12":"shipping-taxable","13":"purchasable","14":"product-type-simple"},"_links":{"self":[{"href":"https:\/\/cablesafe.com\/fr\/wp-json\/wp\/v2\/product\/1701","targetHints":{"allow":["GET"]}}],"collection":[{"href":"https:\/\/cablesafe.com\/fr\/wp-json\/wp\/v2\/product"}],"about":[{"href":"https:\/\/cablesafe.com\/fr\/wp-json\/wp\/v2\/types\/product"}],"replies":[{"embeddable":true,"href":"https:\/\/cablesafe.com\/fr\/wp-json\/wp\/v2\/comments?post=1701"}],"wp:featuredmedia":[{"embeddable":true,"href":"https:\/\/cablesafe.com\/fr\/wp-json\/wp\/v2\/media\/7962"}],"wp:attachment":[{"href":"https:\/\/cablesafe.com\/fr\/wp-json\/wp\/v2\/media?parent=1701"}],"wp:term":[{"taxonomy":"product_brand","embeddable":true,"href":"https:\/\/cablesafe.com\/fr\/wp-json\/wp\/v2\/product_brand?post=1701"},{"taxonomy":"product_cat","embeddable":true,"href":"https:\/\/cablesafe.com\/fr\/wp-json\/wp\/v2\/product_cat?post=1701"},{"taxonomy":"product_tag","embeddable":true,"href":"https:\/\/cablesafe.com\/fr\/wp-json\/wp\/v2\/product_tag?post=1701"}],"curies":[{"name":"wp","href":"https:\/\/api.w.org\/{rel}","templated":true}]}}