{"id":82,"date":"2013-08-11T19:06:15","date_gmt":"2013-08-11T19:06:15","guid":{"rendered":"http:\/\/localhost:8888\/test\/?page_id=520"},"modified":"2024-06-10T11:25:03","modified_gmt":"2024-06-10T11:25:03","slug":"about","status":"publish","type":"page","link":"https:\/\/cablesafe.com\/fr\/about\/","title":{"rendered":"\u00c0 propos de"},"content":{"rendered":"<div id=\"gap-512134626\" class=\"gap-element clearfix\" style=\"display:block; height:auto;\">\n\t\t\n<style>\n#gap-512134626 {\n  padding-top: 30px;\n}\n<\/style>\n\t<\/div>\n\t\n\n\n\t<section class=\"section\" id=\"section_1812519732\">\n\t\t<div class=\"section-bg fill\" >\n\t\t\t\t\t\t\t\t\t\n\t\t\t\n\t<div class=\"is-border\"\n\t\tstyle=\"border-color:rgba(255, 255, 255, 0.506);border-width:0px 30px 0px 30;\">\n\t<\/div>\n\n\t\t<\/div>\n\n\t\t\n\n\t\t<div class=\"section-content relative\">\n\t\t\t\n\n<div class=\"row\"  id=\"row-2114913219\">\n\n\n\t<div id=\"col-1495444952\" class=\"col small-12 large-12\"  >\n\t\t\t\t<div class=\"col-inner\"  >\n\t\t\t\n\t\t\t\n\n<p>CableSafe est une soci\u00e9t\u00e9 d'ing\u00e9nierie sp\u00e9cialis\u00e9e qui fait partie de Westmark BV. Notre soci\u00e9t\u00e9 est compos\u00e9e d'un groupe d'ing\u00e9nieurs ayant plus de 40 ans d'exp\u00e9rience op\u00e9rationnelle pratique dans les secteurs du p\u00e9trole et du gaz, de la chimie, de la construction et de la production d'\u00e9nergie. Nous sommes sp\u00e9cialis\u00e9s dans la s\u00e9curit\u00e9 des c\u00e2bles, la gestion des c\u00e2bles, la s\u00e9curit\u00e9 des espaces clos et la pr\u00e9vention des chutes d'objets. En tant qu'entreprise familiale, nous sommes fiers de nos capacit\u00e9s d'ing\u00e9nierie et de fabrication internes. C'est pourquoi nous fabriquons la plupart de nos produits uniquement dans l'Union europ\u00e9enne et en Am\u00e9rique du Nord, ce qui garantit une qualit\u00e9, des performances et une fiabilit\u00e9 de premier ordre.<\/p>\n\n\t\t<\/div>\n\t\t\t\t\t<\/div>\n\n\t\n\n<\/div>\n\n\t\t<\/div>\n\n\t\t\n<style>\n#section_1812519732 {\n  padding-top: 30px;\n  padding-bottom: 30px;\n}\n<\/style>\n\t<\/section>\n\t\n\n\t<section class=\"section dark\" id=\"section_192728809\">\n\t\t<div class=\"section-bg fill\" >\n\t\t\t\t\t\t\t\t\t\n\t\t\t\n\t<div class=\"is-border\"\n\t\tstyle=\"border-color:rgb(0, 0, 0);border-width:0px 0p 0px 0px;\">\n\t<\/div>\n\n\t\t<\/div>\n\n\t\t\n\n\t\t<div class=\"section-content relative\">\n\t\t\t\n\n<div class=\"row\"  id=\"row-694424090\">\n\n\n\t<div id=\"col-271271453\" class=\"col small-12 large-12\"  >\n\t\t\t\t<div class=\"col-inner\"  >\n\t\t\t\n\t\t\t\n\n<div class=\"row align-bottom\"  id=\"row-240717968\">\n\n\n\t<div id=\"col-1480538150\" class=\"col medium-7 small-12 large-7\"  >\n\t\t\t\t<div class=\"col-inner\"  >\n\t\t\t\n\t\t\t\n\n\t<div id=\"text-3205011508\" class=\"text\">\n\t\t\n\n<h1>RETOUR SOCIAL<\/h1>\n\t\t\n<style>\n#text-3205011508 {\n  font-size: 3.25rem;\n}\n<\/style>\n\t<\/div>\n\t\n\n\t\t<\/div>\n\t\t\t\t\t<\/div>\n\n\t\n\n\t<div id=\"col-2087455143\" class=\"col medium-5 small-12 large-5\"  >\n\t\t\t\t<div class=\"col-inner\"  >\n\t\t\t\n\t<div class=\"is-border\"\n\t\tstyle=\"border-width:0px 0px 0px 3px;\">\n\t<\/div>\n\t\t\t\n\n<h4>Le retour social est extr\u00eamement important pour notre entreprise. Nous essayons de le faire en voyant quelles actions doivent \u00eatre prises pour r\u00e9duire notre impact sur l'environnement.<\/h4>\n\n\t\t<\/div>\n\t\t\t\t\n<style>\n#col-2087455143 > .col-inner {\n  padding: 0px 85px 0px 85px;\n  margin: 0px 0px 65px 0px;\n}\n<\/style>\n\t<\/div>\n\n\t\n\n\t<div id=\"col-1475771858\" class=\"col medium-12 small-12 large-9\"  >\n\t\t\t\t<div class=\"col-inner\"  >\n\t\t\t\n\t\t\t\n\n\t<div id=\"gap-1461823470\" class=\"gap-element clearfix\" style=\"display:block; height:auto;\">\n\t\t\n<style>\n#gap-1461823470 {\n  padding-top: 50px;\n}\n<\/style>\n\t<\/div>\n\t\n\n\n\t\t<\/div>\n\t\t\t\t\t<\/div>\n\n\t\n\n<\/div>\n\n\t\t<\/div>\n\t\t\t\t\n<style>\n#col-271271453 > .col-inner {\n  margin: 0px 0px -80px 0px;\n}\n<\/style>\n\t<\/div>\n\n\t\n\n<\/div>\n\n\t\t<\/div>\n\n\t\t\n<style>\n#section_192728809 {\n  padding-top: 73px;\n  padding-bottom: 73px;\n  background-color: rgb(0,0,0);\n}\n<\/style>\n\t<\/section>\n\t\n\n\t<section class=\"section\" id=\"section_401062285\">\n\t\t<div class=\"section-bg fill\" >\n\t\t\t\t\t\t\t\t\t\n\t\t\t\n\t<div class=\"is-border\"\n\t\tstyle=\"border-color:rgba(255, 255, 255, 0.506);border-width:0px 30px 0px 30;\">\n\t<\/div>\n\n\t\t<\/div>\n\n\t\t\n\n\t\t<div class=\"section-content relative\">\n\t\t\t\n\n<div class=\"row\"  id=\"row-426566504\">\n\n\n\t<div id=\"col-1792548812\" class=\"col small-12 large-12\"  >\n\t\t\t\t<div class=\"col-inner\"  >\n\t\t\t\n\t\t\t\n\n<p>Le retour social est un aspect important pour Westmark. C'est ainsi que la production de nos produits de s\u00e9curit\u00e9 se fait autant que possible dans des ateliers prot\u00e9g\u00e9s et des prisons. Ces lieux sont principalement occup\u00e9s par des professionnels qualifi\u00e9s souffrant d'un handicap ou \u00e9loign\u00e9s du march\u00e9 du travail.<\/p>\n<p>Nous voulons donner aux personnes \u00e9loign\u00e9es du march\u00e9 du travail une chance de se r\u00e9int\u00e9grer dans notre soci\u00e9t\u00e9, et les revaloriser de mani\u00e8re cr\u00e9ative. Cela donne \u00e0 un ex-d\u00e9tenu une grande chance de r\u00e9int\u00e9gration et un faible risque de r\u00e9cidive.<\/p>\n<p>Nous essayons d'\u00eatre aussi conscients que possible de notre impact sur l'environnement. C'est pourquoi nous organisons r\u00e9guli\u00e8rement des r\u00e9unions avec nos fournisseurs de mati\u00e8res premi\u00e8res concernant la durabilit\u00e9 et les mesures suppl\u00e9mentaires que nous pouvons prendre. Nous utilisons des \u00e9clairages LED pour la production de nos crochets de s\u00e9curit\u00e9. En outre, nous refroidissons les machines de mani\u00e8re efficace, en essayant de limiter au maximum notre impact sur l'environnement.<\/p>\n<p>Nos barri\u00e8res de trou d'homme, nos barri\u00e8res \u00e0 jupe de trou d'homme et nos barri\u00e8res l\u00e9g\u00e8res sont fabriqu\u00e9es sur des lieux de travail s\u00fbrs par des personnes qui ne trouvent pas d'emploi sur le march\u00e9 du travail. Nous proposons diff\u00e9rentes fili\u00e8res d'apprentissage qui correspondent aux exigences du march\u00e9 du travail. En les guidant et en les accompagnant, nous esp\u00e9rons avoir un impact sur la vie de ces personnes et les aider \u00e0 r\u00e9aliser leur potentiel.<\/p>\n<p>Dans nos parcours d'apprentissage, vous pouvez trouver des personnes de toutes les exp\u00e9riences, \u00e2ges, ethnies, caract\u00e8res, r\u00eaves et hobbies diff\u00e9rents. Ce sont pr\u00e9cis\u00e9ment ces diff\u00e9rences et ces talents qui font que nous sommes tous li\u00e9s.<\/p>\n<p>Nous voulons faire en sorte que chacun ait la possibilit\u00e9 de participer en tant que membre de la soci\u00e9t\u00e9.<\/p>\n\n\t\t<\/div>\n\t\t\t\t\t<\/div>\n\n\t\n\n<\/div>\n\n\t\t<\/div>\n\n\t\t\n<style>\n#section_401062285 {\n  padding-top: 30px;\n  padding-bottom: 30px;\n}\n<\/style>\n\t<\/section>\n\t\n<div class=\"row\"  id=\"row-820643506\">\n\n\n\t<div id=\"col-723070367\" class=\"col medium-4 small-12 large-4\"  >\n\t\t\t\t<div class=\"col-inner\"  >\n\t\t\t\n\t\t\t\n\n\t<div class=\"img has-hover x md-x lg-x y md-y lg-y\" id=\"image_2004941113\">\n\t\t\t\t\t\t\t\t<div class=\"img-inner dark\" >\n\t\t\t<img loading=\"lazy\" decoding=\"async\" width=\"500\" height=\"350\" src=\"https:\/\/cablesafe.com\/wp-content\/uploads\/2022\/03\/1.png\" class=\"attachment-large size-large\" alt=\"\" \/>\t\t\t\t\t\t\n\t\t\t\t\t<\/div>\n\t\t\t\t\t\t\t\t\n<style>\n#image_2004941113 {\n  width: 100%;\n}\n<\/style>\n\t<\/div>\n\t\n\n\n\t\t<\/div>\n\t\t\t\t\t<\/div>\n\n\t\n\n\t<div id=\"col-1354578309\" class=\"col medium-4 small-12 large-4\"  >\n\t\t\t\t<div class=\"col-inner\"  >\n\t\t\t\n\t\t\t\n\n\t<div class=\"img has-hover x md-x lg-x y md-y lg-y\" id=\"image_1601389625\">\n\t\t\t\t\t\t\t\t<div class=\"img-inner dark\" >\n\t\t\t<img loading=\"lazy\" decoding=\"async\" width=\"500\" height=\"350\" src=\"https:\/\/cablesafe.com\/wp-content\/uploads\/2022\/03\/3.png\" class=\"attachment-large size-large\" alt=\"\" \/>\t\t\t\t\t\t\n\t\t\t\t\t<\/div>\n\t\t\t\t\t\t\t\t\n<style>\n#image_1601389625 {\n  width: 100%;\n}\n<\/style>\n\t<\/div>\n\t\n\n\n\t\t<\/div>\n\t\t\t\t\t<\/div>\n\n\t\n\n\t<div id=\"col-889627986\" class=\"col medium-4 small-12 large-4\"  >\n\t\t\t\t<div class=\"col-inner\"  >\n\t\t\t\n\t\t\t\n\n\t<div class=\"img has-hover x md-x lg-x y md-y lg-y\" id=\"image_36635979\">\n\t\t\t\t\t\t\t\t<div class=\"img-inner dark\" >\n\t\t\t<img loading=\"lazy\" decoding=\"async\" width=\"500\" height=\"350\" src=\"https:\/\/cablesafe.com\/wp-content\/uploads\/2022\/03\/5.png\" class=\"attachment-large size-large\" alt=\"\" \/>\t\t\t\t\t\t\n\t\t\t\t\t<\/div>\n\t\t\t\t\t\t\t\t\n<style>\n#image_36635979 {\n  width: 100%;\n}\n<\/style>\n\t<\/div>\n\t\n\n\n\t\t<\/div>\n\t\t\t\t\t<\/div>\n\n\t\n\n<\/div>\n\t<div id=\"gap-1763295325\" class=\"gap-element clearfix\" style=\"display:block; height:auto;\">\n\t\t\n<style>\n#gap-1763295325 {\n  padding-top: 30px;\n}\n<\/style>\n\t<\/div>","protected":false},"excerpt":{"rendered":"","protected":false},"author":4,"featured_media":8866,"parent":0,"menu_order":0,"comment_status":"closed","ping_status":"closed","template":"page-blank.php","meta":{"inline_featured_image":false,"footnotes":""},"class_list":["post-82","page","type-page","status-publish","has-post-thumbnail","hentry"],"_links":{"self":[{"href":"https:\/\/cablesafe.com\/fr\/wp-json\/wp\/v2\/pages\/82","targetHints":{"allow":["GET"]}}],"collection":[{"href":"https:\/\/cablesafe.com\/fr\/wp-json\/wp\/v2\/pages"}],"about":[{"href":"https:\/\/cablesafe.com\/fr\/wp-json\/wp\/v2\/types\/page"}],"author":[{"embeddable":true,"href":"https:\/\/cablesafe.com\/fr\/wp-json\/wp\/v2\/users\/4"}],"replies":[{"embeddable":true,"href":"https:\/\/cablesafe.com\/fr\/wp-json\/wp\/v2\/comments?post=82"}],"version-history":[{"count":1,"href":"https:\/\/cablesafe.com\/fr\/wp-json\/wp\/v2\/pages\/82\/revisions"}],"predecessor-version":[{"id":13220,"href":"https:\/\/cablesafe.com\/fr\/wp-json\/wp\/v2\/pages\/82\/revisions\/13220"}],"wp:featuredmedia":[{"embeddable":true,"href":"https:\/\/cablesafe.com\/fr\/wp-json\/wp\/v2\/media\/8866"}],"wp:attachment":[{"href":"https:\/\/cablesafe.com\/fr\/wp-json\/wp\/v2\/media?parent=82"}],"curies":[{"name":"wp","href":"https:\/\/api.w.org\/{rel}","templated":true}]}}