{"id":13306,"date":"2024-06-26T12:34:22","date_gmt":"2024-06-26T12:34:22","guid":{"rendered":"https:\/\/cablesafe.com\/?page_id=13306"},"modified":"2024-07-04T13:10:17","modified_gmt":"2024-07-04T13:10:17","slug":"cable-stand","status":"publish","type":"page","link":"https:\/\/cablesafe.com\/fr\/cable-stand\/","title":{"rendered":"Support de c\u00e2ble"},"content":{"rendered":"<section class=\"section\" id=\"section_733411550\">\n\t\t<div class=\"section-bg fill\" >\n\t\t\t<img loading=\"lazy\" decoding=\"async\" width=\"1150\" height=\"634\" src=\"https:\/\/cablesafe.com\/wp-content\/uploads\/2024\/06\/Scherm\u00adafbeelding-2024-06-28-om-15.40.31.png\" class=\"bg attachment-original size-original\" alt=\"\" \/>\t\t\t\t\t\t\n\t\t\t\n\n\t\t<\/div>\n\n\t\t\n\n\t\t<div class=\"section-content relative\">\n\t\t\t\n\n<div class=\"row\" style=\"max-width:1300px\" id=\"row-591867764\">\n\n\n\t<div id=\"col-471609263\" class=\"col medium-11 small-12 large-7\"  >\n\t\t\t\t<div class=\"col-inner\"  >\n\t\t\t\n\t\t\t\n\n\t<div id=\"text-3954648710\" class=\"text\">\n\t\t\n\n<h2 class=\"uppercase\">SUPPORT DE C\u00c2BLES<\/h2>\n\t\t\n<style>\n#text-3954648710 {\n  font-size: 1.25rem;\n}\n@media (min-width:550px) {\n  #text-3954648710 {\n    font-size: 2.25rem;\n  }\n}\n<\/style>\n\t<\/div>\n\t\n\n\t\t<\/div>\n\t\t\t\t\n<style>\n#col-471609263 > .col-inner {\n  padding: 30px 30px 10px 40px;\n}\n<\/style>\n\t<\/div>\n\n\t\n\n\n<style>\n#row-591867764 > .col > .col-inner {\n  background-color: rgb(255, 214, 80);\n}\n<\/style>\n<\/div>\n\n\t\t<\/div>\n\n\t\t\n<style>\n#section_733411550 {\n  padding-top: 30px;\n  padding-bottom: 30px;\n  min-height: 400px;\n}\n#section_733411550 .section-bg img {\n  object-position: 100% 11%;\n}\n@media (min-width:550px) {\n  #section_733411550 {\n    min-height: 600px;\n  }\n}\n@media (min-width:850px) {\n  #section_733411550 {\n    min-height: 600px;\n  }\n}\n<\/style>\n\t<\/section>\n\t\n\n\t<section class=\"section\" id=\"section_738770403\">\n\t\t<div class=\"section-bg fill\" >\n\t\t\t\t\t\t\t\t\t\n\t\t\t\n\n\t\t<\/div>\n\n\t\t\n\n\t\t<div class=\"section-content relative\">\n\t\t\t\n\n<div class=\"row align-center\" style=\"max-width:1300px\" id=\"row-13672468\">\n\n\n\t<div id=\"col-441091149\" class=\"col medium-11 small-12 large-9\"  >\n\t\t\t\t<div class=\"col-inner\"  >\n\t\t\t\n\t\t\t\n\n<div class=\"text-center\"><div class=\"is-divider divider clearfix\" style=\"margin-top:15.2px;margin-bottom:15.2px;max-width:150px;height:8px;background-color:rgb(254, 215, 80);\"><\/div><\/div>\n\n\t<div id=\"text-1063438284\" class=\"text\">\n\t\t\n\n<h3>Nos supports de c\u00e2bles robustes offrent un syst\u00e8me de rails sur\u00e9lev\u00e9s.<\/h3>\n\t\t\n<style>\n#text-1063438284 {\n  font-size: 1.75rem;\n  text-align: center;\n}\n@media (min-width:550px) {\n  #text-1063438284 {\n    font-size: 1.25rem;\n  }\n}\n@media (min-width:850px) {\n  #text-1063438284 {\n    font-size: 1.75rem;\n  }\n}\n<\/style>\n\t<\/div>\n\t\n\t<div id=\"text-1725958993\" class=\"text\">\n\t\t\n\n<p>Les supports de c\u00e2bles sont utilis\u00e9s pour maintenir des environnements de travail organis\u00e9s et s\u00fbrs en maintenant les fils, les c\u00e2bles et les tuyaux hors du sol. Nos supports de c\u00e2bles robustes offrent un syst\u00e8me de rails sur\u00e9lev\u00e9s qui assure une gestion efficace des c\u00e2bles, am\u00e9liorant ainsi la s\u00e9curit\u00e9 et l'efficacit\u00e9 sur le site de travail.<\/p>\n\t\t\n<style>\n#text-1725958993 {\n  font-size: 1rem;\n  text-align: center;\n}\n@media (min-width:550px) {\n  #text-1725958993 {\n    font-size: 1rem;\n  }\n}\n<\/style>\n\t<\/div>\n\t\n\n\t\t<\/div>\n\t\t\t\t\t<\/div>\n\n\t\n\n\t<div id=\"col-211829991\" class=\"col medium-4 small-12 large-4\"  >\n\t\t\t\t<div class=\"col-inner\"  >\n\t\t\t\n\t\t\t\n\n\t\n  \n    <div class=\"row large-columns-1 medium-columns- small-columns- row-small slider row-slider slider-nav-reveal slider-nav-push\"  data-flickity-options='{&quot;imagesLoaded&quot;: true, &quot;groupCells&quot;: &quot;100%&quot;, &quot;dragThreshold&quot; : 5, &quot;cellAlign&quot;: &quot;left&quot;,&quot;wrapAround&quot;: true,&quot;prevNextButtons&quot;: true,&quot;percentPosition&quot;: true,&quot;pageDots&quot;: false, &quot;rightToLeft&quot;: false, &quot;autoPlay&quot; : false}' >\n\n  \n\t     <div class=\"product-small col has-hover product type-product post-400 status-publish first instock product_cat-cable-safety has-post-thumbnail taxable shipping-taxable product-type-simple\">\n\t<div class=\"col-inner\">\n\t\n<div class=\"badge-container absolute left top z-1\">\n\n<\/div>\n\t<div class=\"product-small box\">\n\t\t<div class=\"box-image\">\n\t\t\t<div class=\"image-fade_in_back\">\n\t\t\t\t<a href=\"https:\/\/cablesafe.com\/fr\/cable-safety\/heavy-duty-cable-stand\/\">\n\t\t\t\t\t<img loading=\"lazy\" decoding=\"async\" width=\"300\" height=\"300\" src=\"https:\/\/cablesafe.com\/wp-content\/uploads\/2021\/01\/CableSafe-80-300x300.jpg\" class=\"attachment-woocommerce_thumbnail size-woocommerce_thumbnail\" alt=\"Heavy Duty Cable Stand\" srcset=\"https:\/\/cablesafe.com\/wp-content\/uploads\/2021\/01\/CableSafe-80-300x300.jpg 300w, https:\/\/cablesafe.com\/wp-content\/uploads\/2021\/01\/CableSafe-80-280x280.jpg 280w, https:\/\/cablesafe.com\/wp-content\/uploads\/2021\/01\/CableSafe-80-100x100.jpg 100w\" sizes=\"auto, (max-width: 300px) 100vw, 300px\" \/><img loading=\"lazy\" decoding=\"async\" width=\"300\" height=\"300\" src=\"https:\/\/cablesafe.com\/wp-content\/uploads\/2021\/01\/CableSafe-83-300x300.jpg\" class=\"show-on-hover absolute fill hide-for-small back-image\" alt=\"Alternative view of Heavy Duty Cable Stand\" aria-hidden=\"true\" srcset=\"https:\/\/cablesafe.com\/wp-content\/uploads\/2021\/01\/CableSafe-83-300x300.jpg 300w, https:\/\/cablesafe.com\/wp-content\/uploads\/2021\/01\/CableSafe-83-280x280.jpg 280w, https:\/\/cablesafe.com\/wp-content\/uploads\/2021\/01\/CableSafe-83-100x100.jpg 100w\" sizes=\"auto, (max-width: 300px) 100vw, 300px\" \/>\t\t\t\t<\/a>\n\t\t\t<\/div>\n\t\t\t<div class=\"image-tools is-small top right show-on-hover\">\n\t\t\t\t\t\t\t<\/div>\n\t\t\t<div class=\"image-tools is-small hide-for-small bottom left show-on-hover\">\n\t\t\t\t\t\t\t<\/div>\n\t\t\t<div class=\"image-tools grid-tools text-center hide-for-small bottom hover-slide-in show-on-hover\">\n\t\t\t\t\t\t\t<\/div>\n\t\t\t\t\t<\/div>\n\n\t\t<div class=\"box-text box-text-products\">\n\t\t\t<div class=\"title-wrapper\">\t\t<p class=\"category uppercase is-smaller no-text-overflow product-cat op-8\">\n\t\t\tS\u00e9curit\u00e9 des c\u00e2bles\t\t<\/p>\n\t<p class=\"name product-title woocommerce-loop-product__title\"><a href=\"https:\/\/cablesafe.com\/fr\/cable-safety\/heavy-duty-cable-stand\/\" class=\"woocommerce-LoopProduct-link woocommerce-loop-product__link\">Support de c\u00e2ble \u00e0 usage intensif<\/a><\/p><\/div><div class=\"price-wrapper\">\n<\/div>\t\t<\/div>\n\t<\/div>\n\t        <div class=\"quote-form\">         <!-- Button trigger modal -->\n                        <button type=\"button\" class=\"button wdm_enquiry\" id=\"wdm-quoteup-trigger-400\"  data-toggle=\"wdm-quoteup-modal\" data-target=\"#wdm-quoteup-modal\"\n                style = \"&#039;color:#ffffff;border-color:#0a0909;background:\" #0a0000;border-color:#0a0909;background: -webkit-linear-gradient(bottom,#0a0000, #0a0000);background: -o-linear-gradient(bottom,#0a0000, -moz-linear-gradient(bottom,#0a0000, #0a0000);filter:progid:dximagetransform.microsoft.gradient(gradienttype =\"0,startColorstr=#0a0000,\" endcolorstr=\"#0a0000);-ms-filter:\" progid:dximagetransform.microsoft.gradient(gradienttype=\"0,startColorstr=#0a0000,\" linear-gradient(#0a0000, #0a0000)&#039;>\n                AJOUTER AU DEVIS                <\/button>\n                        <input type='hidden' name='author_email' id='author_email' value='louenlouonlinemarketing@gmail.com'>\n        <input type='hidden' name='wdmLocale' id='wdmLocale' value='fr'>\n                <\/div><!--\/contact form or btn-->\n                \t<\/div>\n<\/div><\/div>\n\n\n\t\t<\/div>\n\t\t\t\t\t<\/div>\n\n\t\n\n<\/div>\n\n\t\t<\/div>\n\n\t\t\n<style>\n#section_738770403 {\n  padding-top: 60px;\n  padding-bottom: 60px;\n}\n@media (min-width:550px) {\n  #section_738770403 {\n    padding-top: 32px;\n    padding-bottom: 32px;\n  }\n}\n<\/style>\n\t<\/section>\n\t\n\t<div id=\"gap-904733387\" class=\"gap-element clearfix\" style=\"display:block; height:auto;\">\n\t\t\n<style>\n#gap-904733387 {\n  padding-top: 30px;\n}\n<\/style>\n\t<\/div>\n\t\n\n\n\t<section class=\"section dark\" id=\"section_1459240660\">\n\t\t<div class=\"section-bg fill\" >\n\t\t\t\t\t\t\t\t\t\n\t\t\t\n\t<div class=\"is-border\"\n\t\tstyle=\"border-color:rgb(254, 215, 80);border-width:8px 0px 0px 0px;\">\n\t<\/div>\n\n\t\t<\/div>\n\n\t\t\n\n\t\t<div class=\"section-content relative\">\n\t\t\t\n\n<div class=\"row align-middle align-center\" style=\"max-width:1300px\" id=\"row-1438916104\">\n\n\n\t<div id=\"col-1506216545\" class=\"col medium-10 small-12 large-4\"  >\n\t\t\t\t<div class=\"col-inner\"  >\n\t\t\t\n\t\t\t\n\n\t<div id=\"text-1859063088\" class=\"text\">\n\t\t\n\n<h6><span style=\"color: #fed750;\">Contact<\/span><\/h6>\n\t\t\n<style>\n#text-1859063088 {\n  text-align: left;\n}\n<\/style>\n\t<\/div>\n\t\n\t<div id=\"text-2296986042\" class=\"text\">\n\t\t\n\n<h2>Des questions ? <br \/>Prenez contact avec nous<\/h2>\n\t\t\n<style>\n#text-2296986042 {\n  font-size: 1.75rem;\n  text-align: left;\n}\n<\/style>\n\t<\/div>\n\t\n<div class=\"is-divider divider clearfix\" style=\"margin-top:0px;margin-bottom:0px;max-width:800px;height:1px;background-color:rgb(254, 215, 80);\"><\/div>\n\n\t<div id=\"gap-1000028435\" class=\"gap-element clearfix\" style=\"display:block; height:auto;\">\n\t\t\n<style>\n#gap-1000028435 {\n  padding-top: 30px;\n}\n<\/style>\n\t<\/div>\n\t\n\n\t<div id=\"text-3625226778\" class=\"text\">\n\t\t\n\n<p>Cablesafe est l\u00e0 pour vous fournir de plus amples informations, r\u00e9pondre \u00e0 toutes vos questions et cr\u00e9er une solution efficace pour vos besoins en mati\u00e8re de s\u00e9curit\u00e9, y compris des solutions de rails de gestion de c\u00e2bles.<\/p>\n\t\t\n<style>\n#text-3625226778 {\n  text-align: left;\n}\n<\/style>\n\t<\/div>\n\t\n\t<div id=\"gap-1585973438\" class=\"gap-element clearfix\" style=\"display:block; height:auto;\">\n\t\t\n<style>\n#gap-1585973438 {\n  padding-top: 15px;\n}\n<\/style>\n\t<\/div>\n\t\n\n<a href=\"https:\/\/cablesafe.com\/fr\/contact\/\" class=\"button white expand\" style=\"padding:5px 30px 5px 30px;\">\n\t\t<span>Prenez contact avec nous<\/span>\n\t<\/a>\n\n\n\n\t\t<\/div>\n\t\t\t\t\n<style>\n#col-1506216545 > .col-inner {\n  padding: 0px 35px 0px 0px;\n}\n<\/style>\n\t<\/div>\n\n\t\n\n\t<div id=\"col-1267833071\" class=\"col medium-12 small-12 large-8 medium-col-first\"  >\n\t\t\t\t<div class=\"col-inner\"  >\n\t\t\t\n\t\t\t\n\n\n  <div class=\"banner has-hover\" id=\"banner-1601300929\">\n          <div class=\"banner-inner fill\">\n        <div class=\"banner-bg fill\" >\n            <img loading=\"lazy\" decoding=\"async\" width=\"800\" height=\"356\" src=\"https:\/\/cablesafe.com\/wp-content\/uploads\/2021\/01\/Hook1-800x356.jpg\" class=\"bg attachment-medium size-medium\" alt=\"\" \/>                                    \n                    <\/div>\n\t\t\n        <div class=\"banner-layers container\">\n            <div class=\"fill banner-link\"><\/div>            \n\n\n        <\/div>\n      <\/div>\n\n            \n<style>\n#banner-1601300929 {\n  padding-top: 300px;\n  background-color: rgb(39, 54, 71);\n}\n#banner-1601300929 .banner-bg img {\n  object-position: 79% 42%;\n}\n@media (min-width:550px) {\n  #banner-1601300929 {\n    padding-top: 500px;\n  }\n}\n<\/style>\n  <\/div>\n\n\n\n\t\t<\/div>\n\t\t\t\t\t<\/div>\n\n\t\n\n<\/div>\n\n\t\t<\/div>\n\n\t\t\n<style>\n#section_1459240660 {\n  padding-top: 75px;\n  padding-bottom: 75px;\n  background-color: rgb(0,0,0);\n}\n@media (min-width:850px) {\n  #section_1459240660 {\n    padding-top: 120px;\n    padding-bottom: 120px;\n  }\n}\n<\/style>\n\t<\/section>\n\t\n\n\t<section class=\"section\" id=\"section_1440932690\">\n\t\t<div class=\"section-bg fill\" >\n\t\t\t\t\t\t\t\t\t\n\t\t\t\n\n\t\t<\/div>\n\n\t\t\n\n\t\t<div class=\"section-content relative\">\n\t\t\t\n\n\t<div id=\"gap-1852749914\" class=\"gap-element clearfix\" style=\"display:block; height:auto;\">\n\t\t\n<style>\n#gap-1852749914 {\n  padding-top: 30px;\n}\n<\/style>\n\t<\/div>\n\t\n\n\n\t\t<\/div>\n\n\t\t\n<style>\n#section_1440932690 {\n  padding-top: 30px;\n  padding-bottom: 30px;\n}\n<\/style>\n\t<\/section>\n\t\n\n\t<section class=\"section\" id=\"section_251039337\">\n\t\t<div class=\"section-bg fill\" >\n\t\t\t\t\t\t\t\t\t\n\t\t\t\n\n\t\t<\/div>\n\n\t\t\n\n\t\t<div class=\"section-content relative\">\n\t\t\t\n\n<div class=\"row row-large align-equal align-right\" style=\"max-width:1300px\" id=\"row-1912548721\">\n\n\n\t<div id=\"col-644307288\" class=\"col medium-12 small-12 large-4\"  >\n\t\t\t\t<div class=\"col-inner\"  >\n\t\t\t\n\t\t\t\n\n<h6>LA SIMPLICIT\u00c9 EN MATI\u00c8RE DE S\u00c9CURIT\u00c9<\/h6>\n\t<div id=\"text-384654023\" class=\"text\">\n\t\t\n\n<h2>SUPPORTS DE C\u00c2BLES<\/h2>\n\t\t\n<style>\n#text-384654023 {\n  font-size: 2.5rem;\n}\n<\/style>\n\t<\/div>\n\t\n\n\t\t<\/div>\n\t\t\t\t\n<style>\n#col-644307288 > .col-inner {\n  padding: 0px 30px 0px 0px;\n}\n<\/style>\n\t<\/div>\n\n\t\n\n\t<div id=\"col-528591397\" class=\"col medium-6 small-12 large-4\"  >\n\t\t\t\t<div class=\"col-inner\"  >\n\t\t\t\n\t\t\t\n\n\n\t\t<div class=\"icon-box featured-box icon-box-top text-left\"  >\n\t\t\t\t<div class=\"icon-box-text last-reset\">\n\t\t\t\t\t\t\t\t\t\n\n<h2><strong>Support de c\u00e2ble et support de porte-c\u00e2ble<\/strong><\/h2>\n<p>Nos supports de c\u00e2bles et nos supports de c\u00e2bles sont con\u00e7us pour soutenir et organiser les c\u00e2bles, les fils et les tuyaux. En sur\u00e9levant ces \u00e9l\u00e9ments par rapport au sol, nos supports permettent d'\u00e9viter les risques de tr\u00e9buchement et prot\u00e8gent les c\u00e2bles contre les dommages caus\u00e9s par le passage des pi\u00e9tons et les mouvements de l'\u00e9quipement. Cette organisation simplifie \u00e9galement la gestion et la maintenance des c\u00e2bles.<\/p>\n\n\t\t<\/div>\n\t<\/div>\n\t\n\t\n\t<div id=\"gap-1094064081\" class=\"gap-element clearfix\" style=\"display:block; height:auto;\">\n\t\t\n<style>\n#gap-1094064081 {\n  padding-top: 30px;\n}\n<\/style>\n\t<\/div>\n\t\n\n\n\t\t<div class=\"icon-box featured-box icon-box-top text-left\"  >\n\t\t\t\t<div class=\"icon-box-text last-reset\">\n\t\t\t\t\t\t\t\t\t\n\n<h2><strong>Support de c\u00e2ble \u00e0 usage intensif<\/strong><\/h2>\n<p>Le support de c\u00e2bles \u00e0 usage intensif est sp\u00e9cialement con\u00e7u pour les environnements n\u00e9cessitant des solutions robustes de gestion des c\u00e2bles. Ce produit permet de maintenir les fils, les c\u00e2bles et les tuyaux en hauteur, ce qui garantit leur organisation et leur protection. La construction robuste de ces supports permet de les utiliser dans des environnements industriels, sur des chantiers de construction et dans d'autres zones o\u00f9 la s\u00e9curit\u00e9 des c\u00e2bles est primordiale.<\/p>\n\n\t\t<\/div>\n\t<\/div>\n\t\n\t\n\n\t\t<\/div>\n\t\t\t\t\t<\/div>\n\n\t\n\n\t<div id=\"col-1852212724\" class=\"col medium-6 small-12 large-4\"  >\n\t\t\t\t<div class=\"col-inner\"  >\n\t\t\t\n\t\t\t\n\n\n\t\t<div class=\"icon-box featured-box icon-box-top text-left\"  >\n\t\t\t\t<div class=\"icon-box-text last-reset\">\n\t\t\t\t\t\t\t\t\t\n\n<h2><strong>S\u00e9curit\u00e9 des c\u00e2bles<\/strong><\/h2>\n<p>Une bonne gestion des c\u00e2bles est essentielle pour maintenir un espace de travail s\u00fbr et pr\u00e9venir les risques potentiels associ\u00e9s \u00e0 des c\u00e2bles mal rang\u00e9s ou mal fix\u00e9s.<\/p>\n\n\t\t<\/div>\n\t<\/div>\n\t\n\t\n\t<div id=\"gap-455896430\" class=\"gap-element clearfix\" style=\"display:block; height:auto;\">\n\t\t\n<style>\n#gap-455896430 {\n  padding-top: 30px;\n}\n<\/style>\n\t<\/div>\n\t\n\n\n\t\t<div class=\"icon-box featured-box icon-box-top text-left\"  >\n\t\t\t\t<div class=\"icon-box-text last-reset\">\n\t\t\t\t\t\t\t\t\t\n\n<h2><strong>Syst\u00e8me de rail m\u00e9tallique<\/strong><\/h2>\n<p>Nos supports de c\u00e2bles robustes sur\u00e9l\u00e8vent les rails de gestion des c\u00e2bles pour plus de s\u00e9curit\u00e9. Ce syst\u00e8me maintient les c\u00e2bles et les tuyaux hors du sol, \u00e9vitant ainsi qu'ils ne s'emm\u00ealent ou ne s'ab\u00eement. Le syst\u00e8me de rails permet \u00e9galement un acc\u00e8s et un r\u00e9glage faciles, ce qui facilite la gestion et l'entretien des c\u00e2bles.<\/p>\n<p>\u00a0<\/p>\n\n\t\t<\/div>\n\t<\/div>\n\t\n\t\n\n\t\t<\/div>\n\t\t\t\t\t<\/div>\n\n\t\n\n<\/div>\n\n\t\t<\/div>\n\n\t\t\n<style>\n#section_251039337 {\n  padding-top: 30px;\n  padding-bottom: 30px;\n}\n@media (min-width:550px) {\n  #section_251039337 {\n    padding-top: 70px;\n    padding-bottom: 70px;\n  }\n}\n<\/style>\n\t<\/section>\n\t\n\n\t<section class=\"section\" id=\"section_1456102403\">\n\t\t<div class=\"section-bg fill\" >\n\t\t\t\t\t\t\t\t\t\n\t\t\t\n\n\t\t<\/div>\n\n\t\t\n\n\t\t<div class=\"section-content relative\">\n\t\t\t\n\n\t<div id=\"gap-148578585\" class=\"gap-element clearfix\" style=\"display:block; height:auto;\">\n\t\t\n<style>\n#gap-148578585 {\n  padding-top: 30px;\n}\n<\/style>\n\t<\/div>\n\t\n\n<div class=\"row align-middle\"  id=\"row-1362434199\">\n\n\n\t<div id=\"col-461529197\" class=\"col medium-6 small-12 large-6\"  >\n\t\t\t\t<div class=\"col-inner\"  >\n\t\t\t\n\t\t\t\n\n<p>Nos supports de c\u00e2bles sont con\u00e7us pour r\u00e9pondre aux normes de s\u00e9curit\u00e9 les plus strictes et offrent des outils fiables et efficaces pour la gestion des c\u00e2bles, des fils et des tuyaux.<\/p>\n<h2><strong>FAQ<\/strong><\/h2>\n<h3><br \/><strong><em>\u00c0 quoi servent les supports de c\u00e2bles ?<\/em><\/strong><\/h3>\n<p>Les supports de c\u00e2bles sont utilis\u00e9s pour soutenir et organiser les fils, les c\u00e2bles et les tuyaux en les maintenant sur\u00e9lev\u00e9s par rapport au sol. Ils \u00e9vitent ainsi les risques de tr\u00e9buchement et prot\u00e8gent les c\u00e2bles des dommages caus\u00e9s par le passage des pi\u00e9tons et les mouvements de l'\u00e9quipement. Les supports de c\u00e2bles sont essentiels pour maintenir un environnement de travail s\u00fbr et organis\u00e9.<\/p>\n<h3><strong><em>Que signifie un support de c\u00e2ble ?<\/em><\/strong><\/h3>\n<p>Un support de c\u00e2bles est un dispositif con\u00e7u pour soutenir et \u00e9lever les c\u00e2bles, les fils et les tuyaux, en les maintenant hors du sol afin d'am\u00e9liorer la s\u00e9curit\u00e9 et l'organisation. Les supports de c\u00e2bles peuvent pr\u00e9senter des caract\u00e9ristiques telles qu'une construction robuste et des syst\u00e8mes de rails pour c\u00e2bles afin de garantir que les c\u00e2bles sont g\u00e9r\u00e9s et prot\u00e9g\u00e9s en toute s\u00e9curit\u00e9 dans divers environnements de travail.<\/p>\n<p>\u00a0<\/p>\n\n\t\t<\/div>\n\t\t\t\t\t<\/div>\n\n\t\n\n\t<div id=\"col-1076178503\" class=\"col medium-6 small-12 large-6\"  >\n\t\t\t\t<div class=\"col-inner\"  >\n\t\t\t\n\t\t\t\n\n\t<div class=\"img has-hover x md-x lg-x y md-y lg-y\" id=\"image_271078547\">\n\t\t\t\t\t\t\t\t<div class=\"img-inner dark\" style=\"margin:0px 75px 0px 75px;\">\n\t\t\t<img loading=\"lazy\" decoding=\"async\" width=\"500\" height=\"500\" src=\"https:\/\/cablesafe.com\/wp-content\/uploads\/2020\/12\/2.png\" class=\"attachment-large size-large\" alt=\"\" srcset=\"https:\/\/cablesafe.com\/wp-content\/uploads\/2020\/12\/2.png 500w, https:\/\/cablesafe.com\/wp-content\/uploads\/2020\/12\/2-400x400.png 400w, https:\/\/cablesafe.com\/wp-content\/uploads\/2020\/12\/2-280x280.png 280w, https:\/\/cablesafe.com\/wp-content\/uploads\/2020\/12\/2-300x300.png 300w, https:\/\/cablesafe.com\/wp-content\/uploads\/2020\/12\/2-100x100.png 100w\" sizes=\"auto, (max-width: 500px) 100vw, 500px\" \/>\t\t\t\t\t\t\n\t\t\t\t\t<\/div>\n\t\t\t\t\t\t\t\t\n<style>\n#image_271078547 {\n  width: 100%;\n}\n<\/style>\n\t<\/div>\n\t\n\n\n\t\t<\/div>\n\t\t\t\t\t<\/div>\n\n\t\n\n<\/div>\n\n\t\t<\/div>\n\n\t\t\n<style>\n#section_1456102403 {\n  padding-top: 30px;\n  padding-bottom: 30px;\n}\n<\/style>\n\t<\/section>\n\t\n\n\t<section class=\"section\" id=\"section_1480378280\">\n\t\t<div class=\"section-bg fill\" >\n\t\t\t\t\t\t\t\t\t\n\t\t\t\n\n\t\t<\/div>\n\n\t\t\n\n\t\t<div class=\"section-content relative\">\n\t\t\t\n\n\t<div id=\"gap-280089324\" class=\"gap-element clearfix\" style=\"display:block; height:auto;\">\n\t\t\n<style>\n#gap-280089324 {\n  padding-top: 50px;\n}\n<\/style>\n\t<\/div>\n\t\n\n<div class=\"row align-middle\" style=\"max-width:1300px\" id=\"row-1238574745\">\n\n\n\t<div id=\"col-1853876451\" class=\"col medium-8 small-12 large-8\"  >\n\t\t\t\t<div class=\"col-inner\"  >\n\t\t\t\n\t\t\t\n\n\t<div id=\"text-1684331849\" class=\"text\">\n\t\t\n\n<h2>OBTENIR UN DEVIS GRATUIT<\/h2>\n<p><span style=\"font-size: 75%;\">Des produits de qualit\u00e9 sup\u00e9rieure et une attention personnalis\u00e9e \u00e0 vos besoins. Explorez tous nos produits.<\/span><\/p>\n\t\t\n<style>\n#text-1684331849 {\n  font-size: 2rem;\n}\n@media (min-width:550px) {\n  #text-1684331849 {\n    font-size: 1.25rem;\n  }\n}\n@media (min-width:850px) {\n  #text-1684331849 {\n    font-size: 1.5rem;\n  }\n}\n<\/style>\n\t<\/div>\n\t\n\n\t\t<\/div>\n\t\t\t\t\t<\/div>\n\n\t\n\n\t<div id=\"col-802055307\" class=\"col medium-4 small-12 large-4\"  >\n\t\t\t\t<div class=\"col-inner\"  >\n\t\t\t\n\t\t\t\n\n<a href=\"https:\/\/cablesafe.com\/fr\/request-quote\/\" class=\"button alert expand\" style=\"padding:5px 30px 5px 30px;\">\n\t\t<span>Obtenir un devis<\/span>\n\t<\/a>\n\n\n\n\t\t<\/div>\n\t\t\t\t\t<\/div>\n\n\t\n\n<\/div>\n\n\t\t<\/div>\n\n\t\t\n<style>\n#section_1480378280 {\n  padding-top: 20px;\n  padding-bottom: 20px;\n  background-color: rgb(254, 215, 80);\n}\n<\/style>\n\t<\/section>","protected":false},"excerpt":{"rendered":"","protected":false},"author":4,"featured_media":0,"parent":0,"menu_order":0,"comment_status":"closed","ping_status":"closed","template":"page-blank.php","meta":{"inline_featured_image":false,"footnotes":""},"class_list":["post-13306","page","type-page","status-publish","hentry"],"_links":{"self":[{"href":"https:\/\/cablesafe.com\/fr\/wp-json\/wp\/v2\/pages\/13306","targetHints":{"allow":["GET"]}}],"collection":[{"href":"https:\/\/cablesafe.com\/fr\/wp-json\/wp\/v2\/pages"}],"about":[{"href":"https:\/\/cablesafe.com\/fr\/wp-json\/wp\/v2\/types\/page"}],"author":[{"embeddable":true,"href":"https:\/\/cablesafe.com\/fr\/wp-json\/wp\/v2\/users\/4"}],"replies":[{"embeddable":true,"href":"https:\/\/cablesafe.com\/fr\/wp-json\/wp\/v2\/comments?post=13306"}],"version-history":[{"count":6,"href":"https:\/\/cablesafe.com\/fr\/wp-json\/wp\/v2\/pages\/13306\/revisions"}],"predecessor-version":[{"id":13444,"href":"https:\/\/cablesafe.com\/fr\/wp-json\/wp\/v2\/pages\/13306\/revisions\/13444"}],"wp:attachment":[{"href":"https:\/\/cablesafe.com\/fr\/wp-json\/wp\/v2\/media?parent=13306"}],"curies":[{"name":"wp","href":"https:\/\/api.w.org\/{rel}","templated":true}]}}