{"id":7181,"date":"2025-06-25T15:21:18","date_gmt":"2025-06-25T15:21:18","guid":{"rendered":"https:\/\/cablesafe.com\/?post_type=product&#038;p=7181"},"modified":"2025-07-07T11:08:35","modified_gmt":"2025-07-07T11:08:35","slug":"manhole-skirt-barrier","status":"publish","type":"product","link":"https:\/\/cablesafe.com\/es\/confined-space-safety\/manhole-skirt-barrier\/","title":{"rendered":"Barrera de la falda de la alcantarilla"},"content":{"rendered":"<h2 class=\"p-rich_text_section\"><strong>Descripci\u00f3n<\/strong><\/h2>\n<p>La barrera de fald\u00f3n de pozo restringe el acceso al pozo. Una gran ventaja de la Barrera de Fald\u00f3n de Pozo es que la barrera de seguridad puede colocarse en aberturas no redondas o no cuadradas. Esto hace que la barrera con fald\u00f3n para pozos sea m\u00e1s flexible que otras barreras para pozos. Estas barreras para pozos de registro son utilizadas por las mayores multinacionales del petr\u00f3leo y el gas para asegurar sus pozos de registro durante los procedimientos de mantenimiento e instalaci\u00f3n. La barrera de fald\u00f3n de pozo es ajustable en longitud, est\u00e1 disponible en diferentes tama\u00f1os y evita la entrada en espacios confinados. Las barreras de protecci\u00f3n est\u00e1n fabricadas con materiales robustos. Adem\u00e1s, la barrera de fald\u00f3n es f\u00e1cil de instalar. Esta barrera de seguridad se puede fabricar a medida y se produce en los Pa\u00edses Bajos.<\/p>","protected":false},"excerpt":{"rendered":"<div class=\"wpb_text_column wpb_content_element\">\n<div class=\"wpb_wrapper\"><strong style=\"color: #555555;\">Barrera de la falda para restringir el acceso de la boca de inspecci\u00f3n<\/strong><\/div>\n<\/div>\n<p class=\"x_MsoNormal\">La barrera de fald\u00f3n de pozo restringe el acceso al pozo. La barrera de fald\u00f3n de pozo es ideal para asegurar la entrada\/salida de grandes instalaciones de almacenamiento, dep\u00f3sitos o tuber\u00edas.<\/p>\n<a href=\"https:\/\/cablesafe.com\/es\/contact\/\" class=\"button primary\" >\n\t\t<span>Obtenga la lista de precios<\/span>\n\t<\/a>\n <a href=\"#datasheet-manhole-skirt-barrier\" class=\"button primary\" >\n\t\t<span>Hoja de datos<\/span>\n\t<\/a>\n\t<div id=\"datasheet-manhole-skirt-barrier\"\n\t     class=\"lightbox-by-id lightbox-content mfp-hide lightbox-white\"\n\t     style=\"max-width:600px ;padding:20px\">\n\t\t<div class=\"row row-collapse align-center popup-personal\"  id=\"row-395984390\">\n\n\n\t<div id=\"col-251583988\" class=\"col small-12 large-12\"  >\n\t\t\t\t<div class=\"col-inner text-center\"  >\n\t\t\t\n\t\t\t\n\n\n\t<section class=\"section dark\" id=\"section_919683731\">\n\t\t<div class=\"section-bg fill\" >\n\t\t\t\t\t\t\t\t\t<div class=\"section-bg-overlay absolute fill\"><\/div>\n\t\t\t\n\t<div class=\"is-border\"\n\t\tstyle=\"border-width:0px 0px 0px 0px;\">\n\t<\/div>\n\n\t\t<\/div>\n\n\t\t\n\n\t\t<div class=\"section-content relative\">\n\t\t\t\n\n\t<div id=\"gap-1884981461\" class=\"gap-element clearfix\" style=\"display:block; height:auto;\">\n\t\t\n<style>\n#gap-1884981461 {\n  padding-top: 51px;\n}\n<\/style>\n\t<\/div>\n\t\n\n<div class=\"row\"  id=\"row-431857697\">\n\n\n\t<div id=\"col-317818923\" class=\"col small-12 large-12\"  >\n\t\t\t\t<div class=\"col-inner dark\"  >\n\t\t\t\n\t\t\t\n\n\t<div id=\"gap-1624433718\" class=\"gap-element clearfix\" style=\"display:block; height:auto;\">\n\t\t\n<style>\n#gap-1624433718 {\n  padding-top: 71px;\n}\n<\/style>\n\t<\/div>\n\t\n\n<h3><span style=\"font-size: 110%;\">DEJA TUS DATOS<\/span><\/h3>\n\t<div id=\"gap-1082326860\" class=\"gap-element clearfix\" style=\"display:block; height:auto;\">\n\t\t\n<style>\n#gap-1082326860 {\n  padding-top: 10px;\n}\n<\/style>\n\t<\/div>\n\t\n\n\n<div class=\"wpcf7 no-js\" id=\"wpcf7-f7342-o1\" lang=\"en-US\" dir=\"ltr\" data-wpcf7-id=\"7342\">\n<div class=\"screen-reader-response\"><p role=\"status\" aria-live=\"polite\" aria-atomic=\"true\"><\/p> <ul><\/ul><\/div>\n<form action=\"\/es\/wp-json\/wp\/v2\/product\/7181#wpcf7-f7342-o1\" method=\"post\" class=\"wpcf7-form init\" aria-label=\"Formulario de contacto\" novalidate=\"novalidate\" data-status=\"init\" data-trp-original-action=\"\/es\/wp-json\/wp\/v2\/product\/7181#wpcf7-f7342-o1\">\n<fieldset class=\"hidden-fields-container\"><input type=\"hidden\" name=\"_wpcf7\" value=\"7342\" \/><input type=\"hidden\" name=\"_wpcf7_version\" value=\"6.1.5\" \/><input type=\"hidden\" name=\"_wpcf7_locale\" value=\"en_US\" \/><input type=\"hidden\" name=\"_wpcf7_unit_tag\" value=\"wpcf7-f7342-o1\" \/><input type=\"hidden\" name=\"_wpcf7_container_post\" value=\"0\" \/><input type=\"hidden\" name=\"_wpcf7_posted_data_hash\" value=\"\" \/>\n<\/fieldset>\n<div class=\"cf7-builder-container-row1 cf7-builder-container-row-inner cf7-main-builder dropped ui-sortable-handle\" id=\"cf7-container-builder-2076861\">\n\t<div class=\"cf7-ctrl\">\n\t\t<div class=\"cf7-move\">\n\t\t<\/div>\n\t\t<div class=\"cf7-colunm\">\n\t\t<\/div>\n\t\t<div class=\"cf7-dub cf7-dub-row\">\n\t\t<\/div>\n\t\t<div class=\"cf7-remove\">\n\t\t<\/div>\n\t<\/div>\n\t<div class=\"cf7-row\">\n\t\t<div class=\"col-md-12\">\n\t\t\t<div class=\"cf7-builder-container-row-inner-drop ui-droppable ui-sortable\">\n\t\t\t<\/div>\n\t\t<\/div>\n\t<\/div>\n<\/div>\n<div class=\"cf7-builder-container-row1 cf7-builder-container-row-inner cf7-main-builder dropped ui-sortable-handle\" id=\"cf7-container-builder-1511681290919\">\n\t<div class=\"cf7-ctrl\">\n\t\t<div class=\"cf7-move\">\n\t\t<\/div>\n\t\t<div class=\"cf7-colunm\">\n\t\t<\/div>\n\t\t<div class=\"cf7-dub cf7-dub-row\">\n\t\t<\/div>\n\t\t<div class=\"cf7-remove\">\n\t\t<\/div>\n\t<\/div>\n\t<div class=\"cf7-row\">\n\t\t<div class=\"col-md-4\">\n\t\t\t<div class=\"cf7-builder-container-row-inner-drop ui-droppable ui-sortable\">\n\t\t\t\t<div class=\"cf7-text cf7-main-builder dropped ui-sortable-handle\" id=\"cf7-container-builder-1542036023543\">\n\t\t\t\t\t<div class=\"cf7-ctrl cf7-ctrl-inner\">\n\t\t\t\t\t\t<div class=\"cf7-move\">\n\t\t\t\t\t\t<\/div>\n\t\t\t\t\t\t<div class=\"cf7-edit\">\n\t\t\t\t\t\t<\/div>\n\t\t\t\t\t\t<div class=\"cf7-dub cf7-dub-text\">\n\t\t\t\t\t\t<\/div>\n\t\t\t\t\t\t<div class=\"cf7-remove\">\n\t\t\t\t\t\t<\/div>\n\t\t\t\t\t<\/div>\n\t\t\t\t\t<div class=\"cf7_text_label\">\n\t\t\t\t\t<\/div>\n\t\t\t\t\t<div class=\"cf7_font\">\n\t\t\t\t\t<\/div>\n\t\t\t\t\t<div class=\"cf7_text_shortcode\">\n\t\t\t\t\t\t<p><span class=\"wpcf7-form-control-wrap\" data-name=\"your-name\"><input size=\"40\" maxlength=\"400\" class=\"wpcf7-form-control wpcf7-text wpcf7-validates-as-required\" aria-required=\"true\" aria-invalid=\"false\" placeholder=\"Nombre\" value=\"\" type=\"text\" name=\"your-name\" \/><\/span>\n\t\t\t\t\t\t<\/p>\n\t\t\t\t\t<\/div>\n\t\t\t\t<\/div>\n\t\t\t<\/div>\n\t\t<\/div>\n\t\t<div class=\"col-md-4\">\n\t\t\t<div class=\"cf7-builder-container-row-inner-drop ui-droppable ui-sortable\">\n\t\t\t\t<div class=\"cf7-text cf7-main-builder dropped ui-sortable-helper ui-sortable-handle\" id=\"cf7-container-builder-1540346637666\">\n\t\t\t\t\t<div class=\"cf7-ctrl cf7-ctrl-inner\">\n\t\t\t\t\t\t<div class=\"cf7-move\">\n\t\t\t\t\t\t<\/div>\n\t\t\t\t\t\t<div class=\"cf7-edit\">\n\t\t\t\t\t\t<\/div>\n\t\t\t\t\t\t<div class=\"cf7-dub cf7-dub-text\">\n\t\t\t\t\t\t<\/div>\n\t\t\t\t\t\t<div class=\"cf7-remove\">\n\t\t\t\t\t\t<\/div>\n\t\t\t\t\t<\/div>\n\t\t\t\t\t<div class=\"cf7_text_label\">\n\t\t\t\t\t<\/div>\n\t\t\t\t\t<div class=\"cf7_font\">\n\t\t\t\t\t<\/div>\n\t\t\t\t\t<div class=\"cf7_text_shortcode\">\n\t\t\t\t\t\t<p><span class=\"wpcf7-form-control-wrap\" data-name=\"your-email\"><input size=\"40\" maxlength=\"400\" class=\"wpcf7-form-control wpcf7-email wpcf7-validates-as-required wpcf7-text wpcf7-validates-as-email\" aria-required=\"true\" aria-invalid=\"false\" placeholder=\"Correo electr\u00f3nico\" value=\"\" type=\"email\" name=\"your-email\" \/><\/span>\n\t\t\t\t\t\t<\/p>\n\t\t\t\t\t<\/div>\n\t\t\t\t<\/div>\n\t\t\t<\/div>\n\t\t<\/div>\n\t\t<div class=\"col-md-4\">\n\t\t\t<div class=\"cf7-builder-container-row-inner-drop ui-droppable ui-sortable\">\n\t\t\t\t<div class=\"cf7-text cf7-main-builder dropped ui-sortable-helper ui-sortable-handle\" id=\"cf7-container-builder-1541512858144\">\n\t\t\t\t\t<div class=\"cf7-ctrl cf7-ctrl-inner\">\n\t\t\t\t\t\t<div class=\"cf7-move\">\n\t\t\t\t\t\t<\/div>\n\t\t\t\t\t\t<div class=\"cf7-edit\">\n\t\t\t\t\t\t<\/div>\n\t\t\t\t\t\t<div class=\"cf7-dub cf7-dub-text\">\n\t\t\t\t\t\t<\/div>\n\t\t\t\t\t\t<div class=\"cf7-remove\">\n\t\t\t\t\t\t<\/div>\n\t\t\t\t\t<\/div>\n\t\t\t\t\t<div class=\"cf7_text_label\">\n\t\t\t\t\t<\/div>\n\t\t\t\t\t<div class=\"cf7_font\">\n\t\t\t\t\t<\/div>\n\t\t\t\t\t<div class=\"cf7_text_shortcode\">\n\t\t\t\t\t\t<p><span class=\"wpcf7-form-control-wrap\" data-name=\"telephone-number\"><input size=\"40\" maxlength=\"400\" class=\"wpcf7-form-control wpcf7-tel wpcf7-text wpcf7-validates-as-tel\" aria-invalid=\"false\" placeholder=\"N\u00famero de tel\u00e9fono\" value=\"\" type=\"tel\" name=\"telephone-number\" \/><\/span>\n\t\t\t\t\t\t<\/p>\n\t\t\t\t\t<\/div>\n\t\t\t\t<\/div>\n\t\t\t<\/div>\n\t\t<\/div>\n\t<\/div>\n<\/div>\n<div class=\"cf7-builder-container-row1 cf7-builder-container-row-inner cf7-main-builder dropped ui-sortable-handle\" id=\"cf7-container-builder-3714420\">\n\t<div class=\"cf7-ctrl\">\n\t\t<div class=\"cf7-move\">\n\t\t<\/div>\n\t\t<div class=\"cf7-colunm\">\n\t\t<\/div>\n\t\t<div class=\"cf7-dub cf7-dub-row\">\n\t\t<\/div>\n\t\t<div class=\"cf7-remove\">\n\t\t<\/div>\n\t<\/div>\n\t<div class=\"cf7-row\">\n\t\t<div class=\"col-md-4\">\n\t\t\t<div class=\"cf7-builder-container-row-inner-drop ui-droppable ui-sortable\">\n\t\t\t\t<div class=\"cf7-text cf7-main-builder dropped ui-sortable-helper ui-sortable-handle\" id=\"cf7-container-builder-1540346622559\">\n\t\t\t\t\t<div class=\"cf7-ctrl cf7-ctrl-inner\">\n\t\t\t\t\t\t<div class=\"cf7-move\">\n\t\t\t\t\t\t<\/div>\n\t\t\t\t\t\t<div class=\"cf7-edit\">\n\t\t\t\t\t\t<\/div>\n\t\t\t\t\t\t<div class=\"cf7-dub cf7-dub-text\">\n\t\t\t\t\t\t<\/div>\n\t\t\t\t\t\t<div class=\"cf7-remove\">\n\t\t\t\t\t\t<\/div>\n\t\t\t\t\t<\/div>\n\t\t\t\t\t<div class=\"cf7_text_label\">\n\t\t\t\t\t<\/div>\n\t\t\t\t\t<div class=\"cf7_font\">\n\t\t\t\t\t<\/div>\n\t\t\t\t\t<div class=\"cf7_text_shortcode\">\n\t\t\t\t\t\t<p><span class=\"wpcf7-form-control-wrap\" data-name=\"your-company\"><input size=\"40\" maxlength=\"400\" class=\"wpcf7-form-control wpcf7-text wpcf7-validates-as-required\" aria-required=\"true\" aria-invalid=\"false\" placeholder=\"Empresa\" value=\"\" type=\"text\" name=\"your-company\" \/><\/span>\n\t\t\t\t\t\t<\/p>\n\t\t\t\t\t<\/div>\n\t\t\t\t<\/div>\n\t\t\t<\/div>\n\t\t<\/div>\n\t\t<div class=\"col-md-4\">\n\t\t\t<div class=\"cf7-builder-container-row-inner-drop ui-droppable ui-sortable\">\n\t\t\t\t<div class=\"cf7-text cf7-main-builder dropped ui-sortable-handle\" id=\"cf7-container-builder-6729260\">\n\t\t\t\t\t<div class=\"cf7-ctrl cf7-ctrl-inner\">\n\t\t\t\t\t\t<div class=\"cf7-move\">\n\t\t\t\t\t\t<\/div>\n\t\t\t\t\t\t<div class=\"cf7-edit\">\n\t\t\t\t\t\t<\/div>\n\t\t\t\t\t\t<div class=\"cf7-dub cf7-dub-text\">\n\t\t\t\t\t\t<\/div>\n\t\t\t\t\t\t<div class=\"cf7-remove\">\n\t\t\t\t\t\t<\/div>\n\t\t\t\t\t<\/div>\n\t\t\t\t\t<div class=\"cf7_text_label\">\n\t\t\t\t\t<\/div>\n\t\t\t\t\t<div class=\"cf7_font\">\n\t\t\t\t\t<\/div>\n\t\t\t\t\t<div class=\"cf7_text_shortcode\">\n\t\t\t\t\t\t<p><span class=\"wpcf7-form-control-wrap\" data-name=\"your-country\"><input size=\"40\" maxlength=\"400\" class=\"wpcf7-form-control wpcf7-text\" aria-invalid=\"false\" placeholder=\"Pa\u00eds\" value=\"\" type=\"text\" name=\"your-country\" \/><\/span>\n\t\t\t\t\t\t<\/p>\n\t\t\t\t\t<\/div>\n\t\t\t\t<\/div>\n\t\t\t<\/div>\n\t\t<\/div>\n\t\t<div class=\"col-md-4\">\n\t\t\t<div class=\"cf7-builder-container-row-inner-drop ui-droppable ui-sortable\">\n\t\t\t<\/div>\n\t\t<\/div>\n\t<\/div>\n<\/div>\n<div class=\"cf7-builder-container-row1 cf7-builder-container-row-inner cf7-main-builder dropped ui-sortable-handle\" id=\"cf7-container-builder-1449213\">\n\t<div class=\"cf7-ctrl\">\n\t\t<div class=\"cf7-move\">\n\t\t<\/div>\n\t\t<div class=\"cf7-colunm\">\n\t\t<\/div>\n\t\t<div class=\"cf7-dub cf7-dub-row\">\n\t\t<\/div>\n\t\t<div class=\"cf7-remove\">\n\t\t<\/div>\n\t<\/div>\n\t<div class=\"cf7-row\">\n\t\t<div class=\"col-md-4\">\n\t\t\t<div class=\"cf7-builder-container-row-inner-drop ui-droppable ui-sortable\">\n\t\t\t\t<div class=\"cf7-text cf7-main-builder dropped ui-sortable-helper ui-sortable-handle\" id=\"cf7-container-builder-1541759239890\">\n\t\t\t\t\t<div class=\"cf7-ctrl cf7-ctrl-inner\">\n\t\t\t\t\t\t<div class=\"cf7-move\">\n\t\t\t\t\t\t<\/div>\n\t\t\t\t\t\t<div class=\"cf7-edit\">\n\t\t\t\t\t\t<\/div>\n\t\t\t\t\t\t<div class=\"cf7-dub cf7-dub-text\">\n\t\t\t\t\t\t<\/div>\n\t\t\t\t\t\t<div class=\"cf7-remove\">\n\t\t\t\t\t\t<\/div>\n\t\t\t\t\t<\/div>\n\t\t\t\t\t<div class=\"cf7_text_label\">\n\t\t\t\t\t<\/div>\n\t\t\t\t\t<div class=\"cf7_font\">\n\t\t\t\t\t<\/div>\n\t\t\t\t\t<div class=\"cf7_text_shortcode\">\n\t\t\t\t\t\t<p><input class=\"wpcf7-form-control wpcf7-submit has-spinner\" type=\"submit\" value=\"Enviar\" \/>\n\t\t\t\t\t\t<\/p>\n\t\t\t\t\t<\/div>\n\t\t\t\t<\/div>\n\t\t\t<\/div>\n\t\t<\/div>\n\t<\/div>\n<\/div><input type=\"hidden\" id=\"ct_checkjs_cf7_ccc0aa1b81bf81e16c676ddb977c5881\" name=\"ct_checkjs_cf7\" value=\"0\" \/><script >setTimeout(function(){var ct_input_name = \"ct_checkjs_cf7_ccc0aa1b81bf81e16c676ddb977c5881\";if (document.getElementById(ct_input_name) !== null) {var ct_input_value = document.getElementById(ct_input_name).value;document.getElementById(ct_input_name).value = document.getElementById(ct_input_name).value.replace(ct_input_value, '1212470687');}}, 1000);<\/script><input\n                    class=\"apbct_special_field apbct_email_id__wp_contact_form_7\"\n                    name=\"apbct__email_id__wp_contact_form_7\"\n                    aria-label=\"apbct__label_id__wp_contact_form_7\"\n                    type=\"text\" size=\"30\" maxlength=\"200\" autocomplete=\"off\"\n                    value=\"\"\n                \/><div class=\"wpcf7-response-output\" aria-hidden=\"true\"><\/div>\n<input type=\"hidden\" name=\"trp-form-language\" value=\"es\"\/><\/form>\n<\/div>\n\n\n<p><em>* \u00bfTodav\u00eda tiene m\u00e1s preguntas? Estaremos encantados de ayudarle. Rellene el formulario de nuestro <a href=\"\/es\/contact\/\"><span style=\"color: #feeb00;\">p\u00e1gina de contacto...<\/span><\/a><\/em><\/p>\n\n\t\t<\/div>\n\t\t\t\t\t<\/div>\n\n\t\n\n\n<style>\n#row-431857697 > .col > .col-inner {\n  padding: 0px 55px 0px 55px;\n  background-color: rgb(0,0,0);\n}\n<\/style>\n<\/div>\n\n\t\t<\/div>\n\n\t\t\n<style>\n#section_919683731 {\n  padding-top: 38px;\n  padding-bottom: 38px;\n}\n#section_919683731 .section-bg-overlay {\n  background-color: #0a0a0a;\n}\n<\/style>\n\t<\/section>\n\t\n\n\t\t<\/div>\n\t\t\t\t\t<\/div>\n\n\t\n\n\n<style>\n#row-395984390 > .col > .col-inner {\n  background-color: #0a0a0a;\n}\n<\/style>\n<\/div>\t<\/div>","protected":false},"featured_media":7765,"comment_status":"open","ping_status":"closed","template":"","meta":{"inline_featured_image":false},"product_brand":[],"product_cat":[20],"product_tag":[],"class_list":{"0":"post-7181","1":"product","2":"type-product","3":"status-publish","4":"has-post-thumbnail","6":"product_cat-confined-space-safety","8":"first","9":"instock","10":"taxable","11":"shipping-taxable","12":"product-type-simple"},"_links":{"self":[{"href":"https:\/\/cablesafe.com\/es\/wp-json\/wp\/v2\/product\/7181","targetHints":{"allow":["GET"]}}],"collection":[{"href":"https:\/\/cablesafe.com\/es\/wp-json\/wp\/v2\/product"}],"about":[{"href":"https:\/\/cablesafe.com\/es\/wp-json\/wp\/v2\/types\/product"}],"replies":[{"embeddable":true,"href":"https:\/\/cablesafe.com\/es\/wp-json\/wp\/v2\/comments?post=7181"}],"wp:featuredmedia":[{"embeddable":true,"href":"https:\/\/cablesafe.com\/es\/wp-json\/wp\/v2\/media\/7765"}],"wp:attachment":[{"href":"https:\/\/cablesafe.com\/es\/wp-json\/wp\/v2\/media?parent=7181"}],"wp:term":[{"taxonomy":"product_brand","embeddable":true,"href":"https:\/\/cablesafe.com\/es\/wp-json\/wp\/v2\/product_brand?post=7181"},{"taxonomy":"product_cat","embeddable":true,"href":"https:\/\/cablesafe.com\/es\/wp-json\/wp\/v2\/product_cat?post=7181"},{"taxonomy":"product_tag","embeddable":true,"href":"https:\/\/cablesafe.com\/es\/wp-json\/wp\/v2\/product_tag?post=7181"}],"curies":[{"name":"wp","href":"https:\/\/api.w.org\/{rel}","templated":true}]}}