{"id":1702,"date":"2015-03-04T02:32:54","date_gmt":"2015-03-04T02:32:54","guid":{"rendered":"https:\/\/cablesafe.com\/uncategorized\/5-channel-cable-guard\/"},"modified":"2024-04-26T12:27:43","modified_gmt":"2024-04-26T12:27:43","slug":"5-channel-cable-guard","status":"publish","type":"product","link":"https:\/\/cablesafe.com\/es\/5-channels\/5-channel-cable-guard\/","title":{"rendered":"Protector de cables de 5 canales"},"content":{"rendered":"<h2 class=\"p-rich_text_section\"><strong>Descripci\u00f3n<\/strong><\/h2>\n<p>Los protectores de cables de 5 canales reducen el riesgo de descarga el\u00e9ctrica cuando los cables y las mangueras est\u00e1n expuestos a elementos externos. Los protectores de cables de 5 canales son una herramienta de seguridad ideal para evitar resbalones, tropiezos y ca\u00eddas. Los protectores de 5 canales ligeros est\u00e1n dise\u00f1ados para un uso intensivo. Los protectores de cables de 5 canales CableSafe\u00ae son la soluci\u00f3n m\u00e1s rentable para los protectores de cables de uso intensivo, dise\u00f1ados para proteger con materiales de alta calidad.<\/p>\n<p>Los protectores de cables de 5 canales son la herramienta de seguridad necesaria para evitar estos accidentes y permitir\u00e1n un paso seguro continuo. Los protectores de cables crean una pasarela libre de tropiezos que reduce los accidentes por resbalones, tropiezos y ca\u00eddas causados por grupos de cables y mangueras. Los protectores de cables proporcionan protecci\u00f3n contra los elementos exteriores. Los protectores de cables son rentables y est\u00e1n especialmente dise\u00f1ados para un uso intensivo con materiales de calidad. Los protectores de cables tienen una garant\u00eda de 2 a\u00f1os en condiciones normales de funcionamiento.<\/p>","protected":false},"excerpt":{"rendered":"<p><img loading=\"lazy\" decoding=\"async\" class=\"alignnone size-full wp-image-9576\" src=\"https:\/\/cablesafe.com\/wp-content\/uploads\/2015\/03\/Cable-Guard-land-rover-gif.gif\" alt=\"\" width=\"600\" height=\"338\" \/><\/p>\n<ul>\n<li>Material: Poliuretano no conductor, estabilizado a los rayos UV<\/li>\n<li>Dimensiones (MM): (l) 900 mm x (w) 500 mm (h) x 50 mm<\/li>\n<li>Peso: 9,8 kg (40% m\u00e1s ligero que las versiones de goma)<\/li>\n<li>Dimensiones del canal:\n<ul>\n<li>4 canales: (ancho) 34 mm x (alto) 36 mm<\/li>\n<li>1 centro: (ancho) 40 mm x (alto) 36 mm<\/li>\n<\/ul>\n<\/li>\n<li>Carga de peso laboratorio NATA probada por neum\u00e1tico durante 5 minutos: 6T<\/li>\n<li>Guardacable de cinco canales<\/li>\n<\/ul>\n<p><iframe loading=\"lazy\" title=\"Reproductor de v\u00eddeo de YouTube\" src=\"https:\/\/www.youtube.com\/embed\/GDi_SrJCGHw\" width=\"560\" height=\"315\" frameborder=\"0\" allowfullscreen=\"allowfullscreen\"><\/iframe><\/p>","protected":false},"featured_media":7963,"comment_status":"closed","ping_status":"closed","template":"","meta":{"inline_featured_image":false},"product_brand":[],"product_cat":[33,31],"product_tag":[],"class_list":{"0":"post-1702","1":"product","2":"type-product","3":"status-publish","4":"has-post-thumbnail","6":"product_cat-5-channels","7":"product_cat-cable-guards","9":"first","10":"instock","11":"taxable","12":"shipping-taxable","13":"purchasable","14":"product-type-simple"},"_links":{"self":[{"href":"https:\/\/cablesafe.com\/es\/wp-json\/wp\/v2\/product\/1702","targetHints":{"allow":["GET"]}}],"collection":[{"href":"https:\/\/cablesafe.com\/es\/wp-json\/wp\/v2\/product"}],"about":[{"href":"https:\/\/cablesafe.com\/es\/wp-json\/wp\/v2\/types\/product"}],"replies":[{"embeddable":true,"href":"https:\/\/cablesafe.com\/es\/wp-json\/wp\/v2\/comments?post=1702"}],"wp:featuredmedia":[{"embeddable":true,"href":"https:\/\/cablesafe.com\/es\/wp-json\/wp\/v2\/media\/7963"}],"wp:attachment":[{"href":"https:\/\/cablesafe.com\/es\/wp-json\/wp\/v2\/media?parent=1702"}],"wp:term":[{"taxonomy":"product_brand","embeddable":true,"href":"https:\/\/cablesafe.com\/es\/wp-json\/wp\/v2\/product_brand?post=1702"},{"taxonomy":"product_cat","embeddable":true,"href":"https:\/\/cablesafe.com\/es\/wp-json\/wp\/v2\/product_cat?post=1702"},{"taxonomy":"product_tag","embeddable":true,"href":"https:\/\/cablesafe.com\/es\/wp-json\/wp\/v2\/product_tag?post=1702"}],"curies":[{"name":"wp","href":"https:\/\/api.w.org\/{rel}","templated":true}]}}