{"id":1700,"date":"2015-03-04T02:31:36","date_gmt":"2015-03-04T02:31:36","guid":{"rendered":"https:\/\/cablesafe.com\/uncategorized\/3-channel-cable-guard-small\/"},"modified":"2024-04-26T12:28:26","modified_gmt":"2024-04-26T12:28:26","slug":"3-channel-cable-guard-small","status":"publish","type":"product","link":"https:\/\/cablesafe.com\/es\/3-channels\/3-channel-cable-guard-small\/","title":{"rendered":"Protector de cable de 3 canales peque\u00f1o"},"content":{"rendered":"<h2 class=\"p-rich_text_section\"><strong>Descripci\u00f3n<\/strong><\/h2>\n<p>Protectores de cables de 3 canales de alta resistencia Peque\u00f1os protectores de cables y mangueras el\u00e9ctricas. Nuestro protector de cables de 3 canales es m\u00e1s peque\u00f1o y ligero que nuestro protector de cables de 3 canales normal. Este protector de cables es ideal para usar con cables m\u00e1s peque\u00f1os. El protector de cables sigue teniendo 3 canales, lo que garantiza una buena organizaci\u00f3n de los cables. Reduce los accidentes por tropiezos y protege los cables y mangueras contra el tr\u00e1fico, lo que reduce el desgaste y aumenta la vida \u00fatil del cable de forma significativa. Los protectores de cables resistentes reducen el riesgo de descargas el\u00e9ctricas cuando los cables y las mangueras est\u00e1n expuestos a los elementos del exterior.<\/p>\n<p>Los protectores de cables de 3 canales protegen los cables el\u00e9ctricos y las mangueras en un entorno exterior, reduciendo los puntos de tropiezo para el tr\u00e1fico y los riesgos de descarga el\u00e9ctrica cuando los cables y las mangueras est\u00e1n expuestos a los elementos exteriores. Los protectores de cables son la herramienta de seguridad necesaria para evitar estos accidentes y permitir\u00e1n un paso seguro continuo.<\/p>\n<p>Los protectores de cables crean un pasillo libre de tropiezos que reduce los accidentes por resbalones, tropiezos y ca\u00eddas causados por grupos de cables y mangueras. Los protectores de cables proporcionan protecci\u00f3n contra los elementos exteriores. Los protectores de cables son rentables y est\u00e1n especialmente dise\u00f1ados para un uso intensivo con materiales de calidad. Los protectores de cables tienen una garant\u00eda de 2 a\u00f1os en condiciones normales de funcionamiento.<\/p>","protected":false},"excerpt":{"rendered":"<p><img loading=\"lazy\" decoding=\"async\" class=\"alignnone size-full wp-image-9576\" src=\"https:\/\/cablesafe.com\/wp-content\/uploads\/2015\/03\/Cable-Guard-land-rover-gif.gif\" alt=\"\" width=\"600\" height=\"338\" \/><\/p>\n<ul>\n<li>Material: Poliuretano no conductor, estabilizado a los rayos UV<\/li>\n<li>Dimensiones: (l) 900 mm x (w) 300 mm x (h) 45 mm<\/li>\n<li>Peso: 5,4 kg (mucho m\u00e1s ligero que las versiones de goma)<\/li>\n<li>Dimensiones del canal: (ancho) 30 mm x (alto) 35 mm<\/li>\n<li>Carga de peso laboratorio NATA probada por neum\u00e1tico durante 5 minutos: 8T<\/li>\n<li>Protector de cables de tres canales Peque\u00f1o<\/li>\n<\/ul>\n<p><iframe loading=\"lazy\" title=\"Reproductor de v\u00eddeo de YouTube\" src=\"https:\/\/www.youtube.com\/embed\/GDi_SrJCGHw\" width=\"560\" height=\"315\" frameborder=\"0\" allowfullscreen=\"allowfullscreen\"><\/iframe><\/p>","protected":false},"featured_media":7961,"comment_status":"closed","ping_status":"closed","template":"","meta":{"inline_featured_image":false},"product_brand":[],"product_cat":[32,31],"product_tag":[],"class_list":{"0":"post-1700","1":"product","2":"type-product","3":"status-publish","4":"has-post-thumbnail","6":"product_cat-3-channels","7":"product_cat-cable-guards","9":"first","10":"instock","11":"taxable","12":"shipping-taxable","13":"purchasable","14":"product-type-simple"},"_links":{"self":[{"href":"https:\/\/cablesafe.com\/es\/wp-json\/wp\/v2\/product\/1700","targetHints":{"allow":["GET"]}}],"collection":[{"href":"https:\/\/cablesafe.com\/es\/wp-json\/wp\/v2\/product"}],"about":[{"href":"https:\/\/cablesafe.com\/es\/wp-json\/wp\/v2\/types\/product"}],"replies":[{"embeddable":true,"href":"https:\/\/cablesafe.com\/es\/wp-json\/wp\/v2\/comments?post=1700"}],"wp:featuredmedia":[{"embeddable":true,"href":"https:\/\/cablesafe.com\/es\/wp-json\/wp\/v2\/media\/7961"}],"wp:attachment":[{"href":"https:\/\/cablesafe.com\/es\/wp-json\/wp\/v2\/media?parent=1700"}],"wp:term":[{"taxonomy":"product_brand","embeddable":true,"href":"https:\/\/cablesafe.com\/es\/wp-json\/wp\/v2\/product_brand?post=1700"},{"taxonomy":"product_cat","embeddable":true,"href":"https:\/\/cablesafe.com\/es\/wp-json\/wp\/v2\/product_cat?post=1700"},{"taxonomy":"product_tag","embeddable":true,"href":"https:\/\/cablesafe.com\/es\/wp-json\/wp\/v2\/product_tag?post=1700"}],"curies":[{"name":"wp","href":"https:\/\/api.w.org\/{rel}","templated":true}]}}