{"id":1699,"date":"2015-03-04T02:30:59","date_gmt":"2015-03-04T02:30:59","guid":{"rendered":"https:\/\/cablesafe.com\/uncategorized\/2-channel-cable-guard\/"},"modified":"2024-04-26T12:28:46","modified_gmt":"2024-04-26T12:28:46","slug":"2-channel-cable-guard","status":"publish","type":"product","link":"https:\/\/cablesafe.com\/es\/cable-guards\/2-channel-cable-guard\/","title":{"rendered":"Protector de cables de 2 canales"},"content":{"rendered":"<h2 class=\"p-rich_text_section\"><strong>Descripci\u00f3n<\/strong><\/h2>\n<p>Los protectores de cables de alta resistencia de 2 canales crean un pasillo libre de tropiezos que reduce los accidentes por resbalones, tropiezos y ca\u00eddas debido a los grupos de cables y mangueras. Los protectores de cables de alta resistencia CableSafe\u00ae proporcionan protecci\u00f3n contra los elementos exteriores. Los protectores ligeros est\u00e1n dise\u00f1ados para un uso intensivo. Los protectores de cables de alta resistencia CableSafe\u00ae son la soluci\u00f3n m\u00e1s rentable de protectores de cables de alta resistencia dise\u00f1ados para proteger con materiales de calidad.<\/p>\n<p>Los protectores de cables de 2 canales protegen los cables y las mangueras el\u00e9ctricas en un entorno exterior, reduciendo los puntos de tropiezo para el tr\u00e1fico y los riesgos de descarga el\u00e9ctrica cuando los cables y las mangueras est\u00e1n expuestos a los elementos exteriores. Los protectores de cables son la herramienta de seguridad necesaria para evitar estos accidentes y permitir\u00e1n un paso seguro continuo.<\/p>\n<p>Los protectores de cables crean un pasillo libre de tropiezos que reduce los accidentes por resbalones, tropiezos y ca\u00eddas causados por grupos de cables y mangueras. Los protectores de cables proporcionan protecci\u00f3n contra los elementos exteriores. Los protectores de cables son rentables y est\u00e1n especialmente dise\u00f1ados para un uso intensivo con materiales de calidad. Los protectores de cables tienen una garant\u00eda de 2 a\u00f1os en condiciones normales de funcionamiento.<\/p>","protected":false},"excerpt":{"rendered":"<p><img loading=\"lazy\" decoding=\"async\" class=\"alignnone size-full wp-image-9576\" src=\"https:\/\/cablesafe.com\/wp-content\/uploads\/2015\/03\/Cable-Guard-land-rover-gif.gif\" alt=\"\" width=\"600\" height=\"338\" \/><\/p>\n<ul>\n<li>Material: Poliuretano no conductor, estabilizado a los rayos UV<\/li>\n<li>Dimensiones (MM): (l) 1000 mm x (w) 250 mm x (h) 45 mm<\/li>\n<li>Peso: 4 kg (mucho m\u00e1s ligero que las versiones de goma)<\/li>\n<li>Dimensiones del canal: (ancho) 35 mm x (alto) 30 mm<\/li>\n<li>Carga de peso laboratorio NATA probada por neum\u00e1tico durante 5 minutos: 4T<\/li>\n<li>Guardacables de dos canales<\/li>\n<\/ul>","protected":false},"featured_media":7960,"comment_status":"closed","ping_status":"closed","template":"","meta":{"inline_featured_image":false},"product_brand":[],"product_cat":[30,31],"product_tag":[],"class_list":{"0":"post-1699","1":"product","2":"type-product","3":"status-publish","4":"has-post-thumbnail","6":"product_cat-2-channels","7":"product_cat-cable-guards","9":"first","10":"instock","11":"taxable","12":"shipping-taxable","13":"purchasable","14":"product-type-simple"},"_links":{"self":[{"href":"https:\/\/cablesafe.com\/es\/wp-json\/wp\/v2\/product\/1699","targetHints":{"allow":["GET"]}}],"collection":[{"href":"https:\/\/cablesafe.com\/es\/wp-json\/wp\/v2\/product"}],"about":[{"href":"https:\/\/cablesafe.com\/es\/wp-json\/wp\/v2\/types\/product"}],"replies":[{"embeddable":true,"href":"https:\/\/cablesafe.com\/es\/wp-json\/wp\/v2\/comments?post=1699"}],"wp:featuredmedia":[{"embeddable":true,"href":"https:\/\/cablesafe.com\/es\/wp-json\/wp\/v2\/media\/7960"}],"wp:attachment":[{"href":"https:\/\/cablesafe.com\/es\/wp-json\/wp\/v2\/media?parent=1699"}],"wp:term":[{"taxonomy":"product_brand","embeddable":true,"href":"https:\/\/cablesafe.com\/es\/wp-json\/wp\/v2\/product_brand?post=1699"},{"taxonomy":"product_cat","embeddable":true,"href":"https:\/\/cablesafe.com\/es\/wp-json\/wp\/v2\/product_cat?post=1699"},{"taxonomy":"product_tag","embeddable":true,"href":"https:\/\/cablesafe.com\/es\/wp-json\/wp\/v2\/product_tag?post=1699"}],"curies":[{"name":"wp","href":"https:\/\/api.w.org\/{rel}","templated":true}]}}