{"id":7107,"date":"2021-03-10T13:55:11","date_gmt":"2021-03-10T13:55:11","guid":{"rendered":"https:\/\/cablesafe.com\/?page_id=7107"},"modified":"2021-06-03T09:23:14","modified_gmt":"2021-06-03T09:23:14","slug":"space-entry-protection-download","status":"publish","type":"page","link":"https:\/\/cablesafe.com\/es\/confined-space-safety\/space-entry-protection-download\/","title":{"rendered":"Descarga de Protecci\u00f3n de entrada al espacio"},"content":{"rendered":"<section class=\"section dark\" id=\"section_239813625\">\n\t\t<div class=\"section-bg fill\" >\n\t\t\t\t\t\t\t\t\t\n\t\t\t\n\n\t\t<\/div>\n\n\t\t\n\n\t\t<div class=\"section-content relative\">\n\t\t\t\n\n<div class=\"row\" style=\"max-width:1300px\" id=\"row-852477094\">\n\n\n\t<div id=\"col-374871653\" class=\"col medium-12 small-12 large-8\"  >\n\t\t\t\t<div class=\"col-inner\"  >\n\t\t\t\n\t\t\t\n\n<h6>CABLESAFE<\/h6>\n\t<div id=\"text-573525864\" class=\"text\">\n\t\t\n\n<h2>Gracias por su solicitud<\/h2>\n\t\t\n<style>\n#text-573525864 {\n  font-size: 2.75rem;\n}\n<\/style>\n\t<\/div>\n\t\n\n\t\t<\/div>\n\t\t\t\t\t<\/div>\n\n\t\n\n<\/div>\n\n\t\t<\/div>\n\n\t\t\n<style>\n#section_239813625 {\n  padding-top: 30px;\n  padding-bottom: 30px;\n  min-height: 400px;\n  background-color: rgb(0,0,0);\n}\n@media (min-width:550px) {\n  #section_239813625 {\n    min-height: 400px;\n  }\n}\n@media (min-width:850px) {\n  #section_239813625 {\n    min-height: 600px;\n  }\n}\n<\/style>\n\t<\/section>\n\t\n<div class=\"row align-bottom\" style=\"max-width:1300px\" id=\"row-282598962\">\n\n\n\t<div id=\"col-1873908340\" class=\"col medium-12 small-12 large-4\"  >\n\t\t\t\t<div class=\"col-inner\"  >\n\t\t\t\n\t\t\t\n\n\t<div id=\"gap-1872755402\" class=\"gap-element clearfix\" style=\"display:block; height:auto;\">\n\t\t\n<style>\n#gap-1872755402 {\n  padding-top: 0px;\n}\n@media (min-width:550px) {\n  #gap-1872755402 {\n    padding-top: 0px;\n  }\n}\n@media (min-width:850px) {\n  #gap-1872755402 {\n    padding-top: 35px;\n  }\n}\n<\/style>\n\t<\/div>\n\t\n\n<a href=\"https:\/\/cablesafe.com\/wp-content\/uploads\/2021\/01\/CableSafe-Confined-Space-Entry-Protection-Safety-Sign-Data-Sheet-v1.0.pdf\" target=\"_blank\" class=\"button primary is-larger expand\" rel=\"noopener\" >\n\t\t<span>Haga clic aqu\u00ed para ver la ficha t\u00e9cnica<\/span>\n\t<\/a>\n\n\n\n\t\t<\/div>\n\t\t\t\t\t<\/div>\n\n\t\n\n\t<div id=\"col-2070189959\" class=\"col medium-12 small-12 large-8 medium-col-first\"  >\n\t\t\t\t<div class=\"col-inner\"  >\n\t\t\t\n\t\t\t\n\n\n  <div class=\"banner has-hover\" id=\"banner-785360931\">\n          <div class=\"banner-inner fill\">\n        <div class=\"banner-bg fill\" >\n            <img loading=\"lazy\" decoding=\"async\" width=\"1020\" height=\"658\" src=\"https:\/\/cablesafe.com\/wp-content\/uploads\/2021\/03\/3-1240x800.jpg\" class=\"bg attachment-large size-large\" alt=\"\" \/>                                    \n                    <\/div>\n\t\t\n        <div class=\"banner-layers container\">\n            <div class=\"fill banner-link\"><\/div>            \n\n\n        <\/div>\n      <\/div>\n\n            \n<style>\n#banner-785360931 {\n  padding-top: 300px;\n  background-color: rgb(0, 46, 44);\n}\n@media (min-width:550px) {\n  #banner-785360931 {\n    padding-top: 600px;\n  }\n}\n<\/style>\n  <\/div>\n\n\n\n\t\t<\/div>\n\t\t\t\t\n<style>\n#col-2070189959 > .col-inner {\n  margin: -120px 0px 0px 0px;\n}\n@media (min-width:550px) {\n  #col-2070189959 > .col-inner {\n    margin: -120px 0px 0px 0px;\n  }\n}\n@media (min-width:850px) {\n  #col-2070189959 > .col-inner {\n    margin: -616px 0px 0px 0px;\n  }\n}\n<\/style>\n\t<\/div>\n\n\t\n\n<\/div>\n\n\t<section class=\"section\" id=\"section_70093468\">\n\t\t<div class=\"section-bg fill\" >\n\t\t\t\t\t\t\t\t\t\n\t\t\t\n\n\t\t<\/div>\n\n\t\t\n\n\t\t<div class=\"section-content relative\">\n\t\t\t\n\n\t<div id=\"gap-1030147868\" class=\"gap-element clearfix\" style=\"display:block; height:auto;\">\n\t\t\n<style>\n#gap-1030147868 {\n  padding-top: 50px;\n}\n<\/style>\n\t<\/div>\n\t\n\n<div class=\"row align-middle\" style=\"max-width:1300px\" id=\"row-890721739\">\n\n\n\t<div id=\"col-1036909999\" class=\"col medium-8 small-12 large-8\"  >\n\t\t\t\t<div class=\"col-inner\"  >\n\t\t\t\n\t\t\t\n\n\t<div id=\"text-1896653653\" class=\"text\">\n\t\t\n\n<h2><span style=\"color: #000000;\">\u00bfINFORMACI\u00d3N M\u00c1S ESPEC\u00cdFICA SOBRE EL PRODUCTO?<\/span><\/h2>\n\t\t\n<style>\n#text-1896653653 {\n  font-size: 2rem;\n}\n@media (min-width:550px) {\n  #text-1896653653 {\n    font-size: 1.25rem;\n  }\n}\n@media (min-width:850px) {\n  #text-1896653653 {\n    font-size: 2rem;\n  }\n}\n<\/style>\n\t<\/div>\n\t\n\n\t\t<\/div>\n\t\t\t\t\t<\/div>\n\n\t\n\n\t<div id=\"col-1750872558\" class=\"col medium-4 small-12 large-4\"  >\n\t\t\t\t<div class=\"col-inner\"  >\n\t\t\t\n\t\t\t\n\n<a href=\"mailto:cs@westmarkbv.com\" class=\"button primary\" style=\"padding:5px 30px 5px 30px;\">\n\t\t<span>Correo electr\u00f3nico<\/span>\n\t<i class=\"icon-envelop\" aria-hidden=\"true\"><\/i><\/a>\n\n\n<a href=\"tel:0031334614844\" class=\"button primary\" style=\"padding:5px 30px 5px 30px;\">\n\t\t<span>Ll\u00e1menos<\/span>\n\t<i class=\"icon-phone\" aria-hidden=\"true\"><\/i><\/a>\n\n\n\n\t\t<\/div>\n\t\t\t\t\t<\/div>\n\n\t\n\n<\/div>\n\n\t\t<\/div>\n\n\t\t\n<style>\n#section_70093468 {\n  padding-top: 20px;\n  padding-bottom: 20px;\n  background-color: rgb(254, 215, 80);\n}\n<\/style>\n\t<\/section>","protected":false},"excerpt":{"rendered":"","protected":false},"author":4,"featured_media":0,"parent":7028,"menu_order":0,"comment_status":"closed","ping_status":"closed","template":"page-blank.php","meta":{"inline_featured_image":false,"footnotes":""},"class_list":["post-7107","page","type-page","status-publish","hentry"],"_links":{"self":[{"href":"https:\/\/cablesafe.com\/es\/wp-json\/wp\/v2\/pages\/7107","targetHints":{"allow":["GET"]}}],"collection":[{"href":"https:\/\/cablesafe.com\/es\/wp-json\/wp\/v2\/pages"}],"about":[{"href":"https:\/\/cablesafe.com\/es\/wp-json\/wp\/v2\/types\/page"}],"author":[{"embeddable":true,"href":"https:\/\/cablesafe.com\/es\/wp-json\/wp\/v2\/users\/4"}],"replies":[{"embeddable":true,"href":"https:\/\/cablesafe.com\/es\/wp-json\/wp\/v2\/comments?post=7107"}],"version-history":[{"count":0,"href":"https:\/\/cablesafe.com\/es\/wp-json\/wp\/v2\/pages\/7107\/revisions"}],"up":[{"embeddable":true,"href":"https:\/\/cablesafe.com\/es\/wp-json\/wp\/v2\/pages\/7028"}],"wp:attachment":[{"href":"https:\/\/cablesafe.com\/es\/wp-json\/wp\/v2\/media?parent=7107"}],"curies":[{"name":"wp","href":"https:\/\/api.w.org\/{rel}","templated":true}]}}