{"id":279,"date":"2021-01-07T15:05:57","date_gmt":"2021-01-07T15:05:57","guid":{"rendered":"https:\/\/cablesafe.com\/?page_id=279"},"modified":"2024-07-17T13:25:41","modified_gmt":"2024-07-17T13:25:41","slug":"ufaqs","status":"publish","type":"page","link":"https:\/\/cablesafe.com\/es\/ufaqs\/","title":{"rendered":"Faqs"},"content":{"rendered":"<section class=\"section\" id=\"section_259961367\">\n\t\t<div class=\"section-bg fill\" >\n\t\t\t\t\t\t\t\t\t\n\t\t\t\n\n\t\t<\/div>\n\n\t\t\n\n\t\t<div class=\"section-content relative\">\n\t\t\t\n\n\t<div id=\"gap-1142857329\" class=\"gap-element clearfix\" style=\"display:block; height:auto;\">\n\t\t\n<style>\n#gap-1142857329 {\n  padding-top: 30px;\n}\n<\/style>\n\t<\/div>\n\t\n\n<div class=\"row\"  id=\"row-1804168866\">\n\n\n\t<div id=\"col-94074316\" class=\"col medium-9 small-10 large-7\"  >\n\t\t\t\t<div class=\"col-inner\"  >\n\t\t\t\n\t\t\t\n\n<h5>CableSafe<\/h5>\n<h1><span style=\"font-size: 200%;\">Encuentre su FAQ<\/span><\/h1>\n<div class=\"searchform-wrapper ux-search-box relative is-normal\"><form role=\"search\" method=\"get\" class=\"searchform\" action=\"https:\/\/cablesafe.com\/es\/\" data-trp-original-action=\"https:\/\/cablesafe.com\/es\/\">\n\t<div class=\"flex-row relative\">\n\t\t\t\t\t\t<div class=\"flex-col flex-grow\">\n\t\t\t<label class=\"screen-reader-text\" for=\"woocommerce-product-search-field-0\" data-no-translation=\"\" data-trp-gettext=\"\">Busca:<\/label>\n\t\t\t<input type=\"search\" id=\"woocommerce-product-search-field-0\" class=\"search-field mb-0\" placeholder=\"Busque en\" value=\"\" name=\"s\" \/>\n\t\t\t<input type=\"hidden\" name=\"post_type\" value=\"product\" \/>\n\t\t\t\t\t<\/div>\n\t\t<div class=\"flex-col\">\n\t\t\t<button type=\"submit\" value=\"Busque en\" class=\"ux-search-submit submit-button secondary button  icon mb-0\" aria-label=\"Enviar\" data-no-translation-value=\"\">\n\t\t\t\t<i class=\"icon-search\" aria-hidden=\"true\"><\/i>\t\t\t<\/button>\n\t\t<\/div>\n\t<\/div>\n\t<div class=\"live-search-results text-left z-top\"><\/div>\n<input type=\"hidden\" name=\"trp-form-language\" value=\"es\"\/><\/form>\n<\/div>\n\n\n\t\t<\/div>\n\t\t\t\t\t<\/div>\n\n\t\n\n<\/div>\n\n\t\t<\/div>\n\n\t\t\n<style>\n#section_259961367 {\n  padding-top: 80px;\n  padding-bottom: 80px;\n}\n<\/style>\n\t<\/section>\n\t\n\n\t<section class=\"section\" id=\"section_509806890\">\n\t\t<div class=\"section-bg fill\" >\n\t\t\t\t\t\t\t\t\t\n\t\t\t\n\n\t\t<\/div>\n\n\t\t\n\n\t\t<div class=\"section-content relative\">\n\t\t\t\n\n<div class=\"row align-center\"  id=\"row-855746995\">\n\n\n\t<div id=\"col-946169640\" class=\"col medium-10 small-10 large-9\"  >\n\t\t\t\t<div class=\"col-inner text-center\"  >\n\t\t\t\n\t\t\t\n\n<h6 data-text-color=\"success\">Preguntas<\/h6>\n<h2 style=\"font-size: 220%;\">PREGUNTAS FRECUENTES<\/h2>\n\n\t\t<\/div>\n\t\t\t\t\n<style>\n#col-946169640 > .col-inner {\n  padding: 40px 0px 0px 0px;\n}\n<\/style>\n\t<\/div>\n\n\t\n\n<\/div>\n<div class=\"row\"  id=\"row-768988358\">\n\n\n\t<div id=\"col-406885366\" class=\"col medium-3 small-6 large-3\"  >\n\t\t\t\t<div class=\"col-inner\"  >\n\t\t\t\n\t\t\t\n\n<a href=\"https:\/\/cablesafe.com\/es\/ufaqs\/can-i-use-any-harness-for-confined-space-entry-using-a-tripod-and-winch-system-2\/\" class=\"button primary\" >\n\t\t<span>\u00bfPuedo utilizar cualquier arn\u00e9s para entrar en espacios confinados utilizando un sistema de tr\u00edpode y cabrestante?<\/span>\n\t<i class=\"icon-angle-right\" aria-hidden=\"true\"><\/i><\/a>\n\n\n<a href=\"https:\/\/cablesafe.com\/es\/ufaqs\/can-i-use-any-harness-for-confined-space-entry-using-a-tripod-and-winch-system\/\" class=\"button primary expand\" >\n\t\t<span>\u00bfPuedo utilizar cualquier arn\u00e9s para entrar en espacios confinados utilizando un sistema de tr\u00edpode y cabrestante?<\/span>\n\t<i class=\"icon-angle-right\" aria-hidden=\"true\"><\/i><\/a>\n\n\n\n\t\t<\/div>\n\t\t\t\t\t<\/div>\n\n\t\n\n\t<div id=\"col-1261591095\" class=\"col medium-3 small-6 large-3\"  >\n\t\t\t\t<div class=\"col-inner\"  >\n\t\t\t\n\t\t\t\n\n<a href=\"https:\/\/cablesafe.com\/es\/ufaqs\/what-is-the-minimum-height-to-wear-safety-harness-2\/\" class=\"button primary expand\" >\n\t\t<span>\u00bfCu\u00e1ndo debo utilizar sistemas de tr\u00edpode y cabrestante para entrar en espacios confinados?<\/span>\n\t<i class=\"icon-angle-right\" aria-hidden=\"true\"><\/i><\/a>\n\n\n<a href=\"https:\/\/cablesafe.com\/es\/ufaqs\/do-i-need-a-tripod-winch-if-my-confined-space-has-a-ladder\/\" class=\"button primary expand\" >\n\t\t<span>\u00bfNecesito un tr\u00edpode\/guinche si mi espacio confinado tiene una escalera?<\/span>\n\t<i class=\"icon-angle-right\" aria-hidden=\"true\"><\/i><\/a>\n\n\n\n\t\t<\/div>\n\t\t\t\t\t<\/div>\n\n\t\n\n\t<div id=\"col-718629052\" class=\"col medium-3 small-6 large-3\"  >\n\t\t\t\t<div class=\"col-inner\"  >\n\t\t\t\n\t\t\t\n\n<a href=\"https:\/\/cablesafe.com\/es\/ufaqs\/do-i-need-a-tripod-winch-if-my-confined-space-has-a-ladder-2\/\" class=\"button primary\" >\n\t\t<span>\u00bfNecesito un tr\u00edpode\/guinche si mi espacio confinado tiene una escalera?<\/span>\n\t<i class=\"icon-angle-right\" aria-hidden=\"true\"><\/i><\/a>\n\n\n<a href=\"https:\/\/cablesafe.com\/es\/ufaqs\/what-are-the-different-types-of-fall-protection-equipment\/\" class=\"button primary expand\" >\n\t\t<span>\u00bfCU\u00c1LES SON LOS DIFERENTES TIPOS DE EQUIPOS DE PROTECCI\u00d3N CONTRA CA\u00cdDAS?<\/span>\n\t<i class=\"icon-angle-right\" aria-hidden=\"true\"><\/i><\/a>\n\n\n\n\t\t<\/div>\n\t\t\t\t\t<\/div>\n\n\t\n\n\t<div id=\"col-1698693774\" class=\"col medium-3 small-6 large-3\"  >\n\t\t\t\t<div class=\"col-inner\"  >\n\t\t\t\n\t\t\t\n\n<a href=\"https:\/\/cablesafe.com\/es\/ufaqs\/what-standards-are-available-for-cable-management\/\" class=\"button primary\" >\n\t\t<span>\u00bfQu\u00e9 normas existen para la gesti\u00f3n de cables?<\/span>\n\t<i class=\"icon-angle-right\" aria-hidden=\"true\"><\/i><\/a>\n\n\n<a href=\"https:\/\/cablesafe.com\/es\/ufaqs\/what-is-the-minimum-height-to-wear-safety-harness\/\" class=\"button primary expand\" >\n\t\t<span>\u00bfcu\u00e1l es la altura m\u00ednima para usar el arn\u00e9s de seguridad?<\/span>\n\t<i class=\"icon-angle-right\" aria-hidden=\"true\"><\/i><\/a>\n\n\n\n\t\t<\/div>\n\t\t\t\t\t<\/div>\n\n\t\n\n<\/div>\n<div class=\"row\"  id=\"row-752337052\">\n\n\n\t<div id=\"col-1355267001\" class=\"col medium-3 small-6 large-3\"  >\n\t\t\t\t<div class=\"col-inner\"  >\n\t\t\t\n\t\t\t\n\n<a href=\"https:\/\/cablesafe.com\/es\/ufaqs\/what-sizes-cablesafe-safety-hooks-are-available\/\" class=\"button primary\" >\n\t\t<span>\u00bfQu\u00e9 tama\u00f1os de ganchos de seguridad CableSafe hay disponibles?<\/span>\n\t<i class=\"icon-angle-right\" aria-hidden=\"true\"><\/i><\/a>\n\n\n\n\t\t<\/div>\n\t\t\t\t\t<\/div>\n\n\t\n\n\t<div id=\"col-1870806771\" class=\"col medium-3 small-6 large-3\"  >\n\t\t\t\t<div class=\"col-inner\"  >\n\t\t\t\n\t\t\t\n\n<a href=\"https:\/\/cablesafe.com\/es\/ufaqs\/what-is-safety-equipment\/\" class=\"button primary expand\" >\n\t\t<span>\u00bfQU\u00c9 ES EL EQUIPO DE SEGURIDAD?<\/span>\n\t<i class=\"icon-angle-right\" aria-hidden=\"true\"><\/i><\/a>\n\n\n\n\t\t<\/div>\n\t\t\t\t\t<\/div>\n\n\t\n\n\t<div id=\"col-2015283475\" class=\"col medium-3 small-6 large-3\"  >\n\t\t\t\t<div class=\"col-inner\"  >\n\t\t\t\n\t\t\t\n\n<a href=\"https:\/\/cablesafe.com\/es\/ufaqs\/what-is-cable-management\/\" class=\"button primary\" >\n\t\t<span>\u00bfQu\u00e9 es la gesti\u00f3n de cables?<\/span>\n\t<i class=\"icon-angle-right\" aria-hidden=\"true\"><\/i><\/a>\n\n\n\n\t\t<\/div>\n\t\t\t\t\t<\/div>\n\n\t\n\n\t<div id=\"col-1826454869\" class=\"col medium-3 small-6 large-3\"  >\n\t\t\t\t<div class=\"col-inner\"  >\n\t\t\t\n\t\t\t\n\n<a href=\"https:\/\/cablesafe.com\/es\/ufaqs\/what-is-safety\/\" class=\"button primary expand\" >\n\t\t<span>\u00bfQu\u00e9 es la seguridad?<\/span>\n\t<i class=\"icon-angle-right\" aria-hidden=\"true\"><\/i><\/a>\n\n\n<a href=\"https:\/\/cablesafe.com\/es\/ufaqs\/osha-regulation\/\" class=\"button primary expand\" >\n\t\t<span>REGLAMENTO DE LA OSHA<\/span>\n\t<i class=\"icon-angle-right\" aria-hidden=\"true\"><\/i><\/a>\n\n\n\n\t\t<\/div>\n\t\t\t\t\t<\/div>\n\n\t\n\n<\/div>\n<div class=\"row align-center\"  id=\"row-1532913293\">\n\n\n\t<div id=\"col-1479471671\" class=\"col medium-10 small-10 large-9\"  >\n\t\t\t\t<div class=\"col-inner text-center\"  >\n\t\t\t\n\t\t\t\n\n<h2>\u00bfM\u00e1s preguntas?<\/h2>\n<p>P\u00f3ngase en contacto con nuestro equipo de atenci\u00f3n al cliente, estamos aqu\u00ed para ayudarle.<\/p>\n<a href=\"https:\/\/cablesafe.com\/es\/contact\/\" class=\"button primary is-large lowercase\" >\n\t\t<span>Contacto con nosotros<\/span>\n\t<\/a>\n\n\n\n\t\t<\/div>\n\t\t\t\t\n<style>\n#col-1479471671 > .col-inner {\n  padding: 40px 0px 0px 0px;\n}\n<\/style>\n\t<\/div>\n\n\t\n\n<\/div>\n\n\t\t<\/div>\n\n\t\t\n<style>\n#section_509806890 {\n  padding-top: 21px;\n  padding-bottom: 21px;\n  background-color: rgb(255,255,255);\n}\n<\/style>\n\t<\/section>","protected":false},"excerpt":{"rendered":"","protected":false},"author":4,"featured_media":8849,"parent":0,"menu_order":0,"comment_status":"closed","ping_status":"closed","template":"","meta":{"inline_featured_image":false,"footnotes":""},"class_list":["post-279","page","type-page","status-publish","has-post-thumbnail","hentry"],"_links":{"self":[{"href":"https:\/\/cablesafe.com\/es\/wp-json\/wp\/v2\/pages\/279","targetHints":{"allow":["GET"]}}],"collection":[{"href":"https:\/\/cablesafe.com\/es\/wp-json\/wp\/v2\/pages"}],"about":[{"href":"https:\/\/cablesafe.com\/es\/wp-json\/wp\/v2\/types\/page"}],"author":[{"embeddable":true,"href":"https:\/\/cablesafe.com\/es\/wp-json\/wp\/v2\/users\/4"}],"replies":[{"embeddable":true,"href":"https:\/\/cablesafe.com\/es\/wp-json\/wp\/v2\/comments?post=279"}],"version-history":[{"count":2,"href":"https:\/\/cablesafe.com\/es\/wp-json\/wp\/v2\/pages\/279\/revisions"}],"predecessor-version":[{"id":13489,"href":"https:\/\/cablesafe.com\/es\/wp-json\/wp\/v2\/pages\/279\/revisions\/13489"}],"wp:featuredmedia":[{"embeddable":true,"href":"https:\/\/cablesafe.com\/es\/wp-json\/wp\/v2\/media\/8849"}],"wp:attachment":[{"href":"https:\/\/cablesafe.com\/es\/wp-json\/wp\/v2\/media?parent=279"}],"curies":[{"name":"wp","href":"https:\/\/api.w.org\/{rel}","templated":true}]}}