{"id":13306,"date":"2024-06-26T12:34:22","date_gmt":"2024-06-26T12:34:22","guid":{"rendered":"https:\/\/cablesafe.com\/?page_id=13306"},"modified":"2024-07-04T13:10:17","modified_gmt":"2024-07-04T13:10:17","slug":"cable-stand","status":"publish","type":"page","link":"https:\/\/cablesafe.com\/es\/cable-stand\/","title":{"rendered":"Soporte para cables"},"content":{"rendered":"<section class=\"section\" id=\"section_1538348280\">\n\t\t<div class=\"section-bg fill\" >\n\t\t\t<img loading=\"lazy\" decoding=\"async\" width=\"1150\" height=\"634\" src=\"https:\/\/cablesafe.com\/wp-content\/uploads\/2024\/06\/Scherm\u00adafbeelding-2024-06-28-om-15.40.31.png\" class=\"bg attachment-original size-original\" alt=\"\" \/>\t\t\t\t\t\t\n\t\t\t\n\n\t\t<\/div>\n\n\t\t\n\n\t\t<div class=\"section-content relative\">\n\t\t\t\n\n<div class=\"row\" style=\"max-width:1300px\" id=\"row-80535460\">\n\n\n\t<div id=\"col-258995891\" class=\"col medium-11 small-12 large-7\"  >\n\t\t\t\t<div class=\"col-inner\"  >\n\t\t\t\n\t\t\t\n\n\t<div id=\"text-3724064058\" class=\"text\">\n\t\t\n\n<h2 class=\"uppercase\">SOPORTE PARA CABLES<\/h2>\n\t\t\n<style>\n#text-3724064058 {\n  font-size: 1.25rem;\n}\n@media (min-width:550px) {\n  #text-3724064058 {\n    font-size: 2.25rem;\n  }\n}\n<\/style>\n\t<\/div>\n\t\n\n\t\t<\/div>\n\t\t\t\t\n<style>\n#col-258995891 > .col-inner {\n  padding: 30px 30px 10px 40px;\n}\n<\/style>\n\t<\/div>\n\n\t\n\n\n<style>\n#row-80535460 > .col > .col-inner {\n  background-color: rgb(255, 214, 80);\n}\n<\/style>\n<\/div>\n\n\t\t<\/div>\n\n\t\t\n<style>\n#section_1538348280 {\n  padding-top: 30px;\n  padding-bottom: 30px;\n  min-height: 400px;\n}\n#section_1538348280 .section-bg img {\n  object-position: 100% 11%;\n}\n@media (min-width:550px) {\n  #section_1538348280 {\n    min-height: 600px;\n  }\n}\n@media (min-width:850px) {\n  #section_1538348280 {\n    min-height: 600px;\n  }\n}\n<\/style>\n\t<\/section>\n\t\n\n\t<section class=\"section\" id=\"section_2044897572\">\n\t\t<div class=\"section-bg fill\" >\n\t\t\t\t\t\t\t\t\t\n\t\t\t\n\n\t\t<\/div>\n\n\t\t\n\n\t\t<div class=\"section-content relative\">\n\t\t\t\n\n<div class=\"row align-center\" style=\"max-width:1300px\" id=\"row-1209361130\">\n\n\n\t<div id=\"col-534503228\" class=\"col medium-11 small-12 large-9\"  >\n\t\t\t\t<div class=\"col-inner\"  >\n\t\t\t\n\t\t\t\n\n<div class=\"text-center\"><div class=\"is-divider divider clearfix\" style=\"margin-top:15.2px;margin-bottom:15.2px;max-width:150px;height:8px;background-color:rgb(254, 215, 80);\"><\/div><\/div>\n\n\t<div id=\"text-3418296988\" class=\"text\">\n\t\t\n\n<h3>Nuestros soportes para cables de alta resistencia proporcionan un sistema de ra\u00edles para cables elevado<\/h3>\n\t\t\n<style>\n#text-3418296988 {\n  font-size: 1.75rem;\n  text-align: center;\n}\n@media (min-width:550px) {\n  #text-3418296988 {\n    font-size: 1.25rem;\n  }\n}\n@media (min-width:850px) {\n  #text-3418296988 {\n    font-size: 1.75rem;\n  }\n}\n<\/style>\n\t<\/div>\n\t\n\t<div id=\"text-3246197607\" class=\"text\">\n\t\t\n\n<p>Los soportes para cables se utilizan para mantener los entornos de trabajo organizados y seguros, manteniendo los cables y mangueras fuera del suelo. Nuestros soportes para cables de alta resistencia proporcionan un sistema de ra\u00edles para cables elevado que garantiza una gesti\u00f3n eficaz de los cables, mejorando la seguridad y la eficiencia en el lugar de trabajo.<\/p>\n\t\t\n<style>\n#text-3246197607 {\n  font-size: 1rem;\n  text-align: center;\n}\n@media (min-width:550px) {\n  #text-3246197607 {\n    font-size: 1rem;\n  }\n}\n<\/style>\n\t<\/div>\n\t\n\n\t\t<\/div>\n\t\t\t\t\t<\/div>\n\n\t\n\n\t<div id=\"col-1502436243\" class=\"col medium-4 small-12 large-4\"  >\n\t\t\t\t<div class=\"col-inner\"  >\n\t\t\t\n\t\t\t\n\n\t\n  \n    <div class=\"row large-columns-1 medium-columns- small-columns- row-small slider row-slider slider-nav-reveal slider-nav-push\"  data-flickity-options='{&quot;imagesLoaded&quot;: true, &quot;groupCells&quot;: &quot;100%&quot;, &quot;dragThreshold&quot; : 5, &quot;cellAlign&quot;: &quot;left&quot;,&quot;wrapAround&quot;: true,&quot;prevNextButtons&quot;: true,&quot;percentPosition&quot;: true,&quot;pageDots&quot;: false, &quot;rightToLeft&quot;: false, &quot;autoPlay&quot; : false}' >\n\n  \n\t     <div class=\"product-small col has-hover product type-product post-400 status-publish first instock product_cat-cable-safety has-post-thumbnail taxable shipping-taxable product-type-simple\">\n\t<div class=\"col-inner\">\n\t\n<div class=\"badge-container absolute left top z-1\">\n\n<\/div>\n\t<div class=\"product-small box\">\n\t\t<div class=\"box-image\">\n\t\t\t<div class=\"image-fade_in_back\">\n\t\t\t\t<a href=\"https:\/\/cablesafe.com\/es\/cable-safety\/heavy-duty-cable-stand\/\">\n\t\t\t\t\t<img loading=\"lazy\" decoding=\"async\" width=\"300\" height=\"300\" src=\"https:\/\/cablesafe.com\/wp-content\/uploads\/2021\/01\/CableSafe-80-300x300.jpg\" class=\"attachment-woocommerce_thumbnail size-woocommerce_thumbnail\" alt=\"Heavy Duty Cable Stand\" srcset=\"https:\/\/cablesafe.com\/wp-content\/uploads\/2021\/01\/CableSafe-80-300x300.jpg 300w, https:\/\/cablesafe.com\/wp-content\/uploads\/2021\/01\/CableSafe-80-280x280.jpg 280w, https:\/\/cablesafe.com\/wp-content\/uploads\/2021\/01\/CableSafe-80-100x100.jpg 100w\" sizes=\"auto, (max-width: 300px) 100vw, 300px\" \/><img loading=\"lazy\" decoding=\"async\" width=\"300\" height=\"300\" src=\"https:\/\/cablesafe.com\/wp-content\/uploads\/2021\/01\/CableSafe-83-300x300.jpg\" class=\"show-on-hover absolute fill hide-for-small back-image\" alt=\"Alternative view of Heavy Duty Cable Stand\" aria-hidden=\"true\" srcset=\"https:\/\/cablesafe.com\/wp-content\/uploads\/2021\/01\/CableSafe-83-300x300.jpg 300w, https:\/\/cablesafe.com\/wp-content\/uploads\/2021\/01\/CableSafe-83-280x280.jpg 280w, https:\/\/cablesafe.com\/wp-content\/uploads\/2021\/01\/CableSafe-83-100x100.jpg 100w\" sizes=\"auto, (max-width: 300px) 100vw, 300px\" \/>\t\t\t\t<\/a>\n\t\t\t<\/div>\n\t\t\t<div class=\"image-tools is-small top right show-on-hover\">\n\t\t\t\t\t\t\t<\/div>\n\t\t\t<div class=\"image-tools is-small hide-for-small bottom left show-on-hover\">\n\t\t\t\t\t\t\t<\/div>\n\t\t\t<div class=\"image-tools grid-tools text-center hide-for-small bottom hover-slide-in show-on-hover\">\n\t\t\t\t\t\t\t<\/div>\n\t\t\t\t\t<\/div>\n\n\t\t<div class=\"box-text box-text-products\">\n\t\t\t<div class=\"title-wrapper\">\t\t<p class=\"category uppercase is-smaller no-text-overflow product-cat op-8\">\n\t\t\tSeguridad de los cables\t\t<\/p>\n\t<p class=\"name product-title woocommerce-loop-product__title\"><a href=\"https:\/\/cablesafe.com\/es\/cable-safety\/heavy-duty-cable-stand\/\" class=\"woocommerce-LoopProduct-link woocommerce-loop-product__link\">Soporte para cables de alta resistencia<\/a><\/p><\/div><div class=\"price-wrapper\">\n<\/div>\t\t<\/div>\n\t<\/div>\n\t        <div class=\"quote-form\">         <!-- Button trigger modal -->\n                        <button type=\"button\" class=\"button wdm_enquiry\" id=\"wdm-quoteup-trigger-400\"  data-toggle=\"wdm-quoteup-modal\" data-target=\"#wdm-quoteup-modal\"\n                style = \"&#039;color:#ffffff;border-color:#0a0909;background:\" #0a0000;border-color:#0a0909;background: -webkit-linear-gradient(bottom,#0a0000, #0a0000);background: -o-linear-gradient(bottom,#0a0000, -moz-linear-gradient(bottom,#0a0000, #0a0000);filter:progid:dximagetransform.microsoft.gradient(gradienttype =\"0,startColorstr=#0a0000,\" endcolorstr=\"#0a0000);-ms-filter:\" progid:dximagetransform.microsoft.gradient(gradienttype=\"0,startColorstr=#0a0000,\" linear-gradient(#0a0000, #0a0000)&#039;>\n                A\u00d1ADIR AL PRESUPUESTO                <\/button>\n                        <input type='hidden' name='author_email' id='author_email' value='louenlouonlinemarketing@gmail.com'>\n        <input type='hidden' name='wdmLocale' id='wdmLocale' value='es'>\n                <\/div><!--\/contact form or btn-->\n                \t<\/div>\n<\/div><\/div>\n\n\n\t\t<\/div>\n\t\t\t\t\t<\/div>\n\n\t\n\n<\/div>\n\n\t\t<\/div>\n\n\t\t\n<style>\n#section_2044897572 {\n  padding-top: 60px;\n  padding-bottom: 60px;\n}\n@media (min-width:550px) {\n  #section_2044897572 {\n    padding-top: 32px;\n    padding-bottom: 32px;\n  }\n}\n<\/style>\n\t<\/section>\n\t\n\t<div id=\"gap-1203684342\" class=\"gap-element clearfix\" style=\"display:block; height:auto;\">\n\t\t\n<style>\n#gap-1203684342 {\n  padding-top: 30px;\n}\n<\/style>\n\t<\/div>\n\t\n\n\n\t<section class=\"section dark\" id=\"section_1136545837\">\n\t\t<div class=\"section-bg fill\" >\n\t\t\t\t\t\t\t\t\t\n\t\t\t\n\t<div class=\"is-border\"\n\t\tstyle=\"border-color:rgb(254, 215, 80);border-width:8px 0px 0px 0px;\">\n\t<\/div>\n\n\t\t<\/div>\n\n\t\t\n\n\t\t<div class=\"section-content relative\">\n\t\t\t\n\n<div class=\"row align-middle align-center\" style=\"max-width:1300px\" id=\"row-1416469578\">\n\n\n\t<div id=\"col-951080312\" class=\"col medium-10 small-12 large-4\"  >\n\t\t\t\t<div class=\"col-inner\"  >\n\t\t\t\n\t\t\t\n\n\t<div id=\"text-842476083\" class=\"text\">\n\t\t\n\n<h6><span style=\"color: #fed750;\">Contacte con<\/span><\/h6>\n\t\t\n<style>\n#text-842476083 {\n  text-align: left;\n}\n<\/style>\n\t<\/div>\n\t\n\t<div id=\"text-699407229\" class=\"text\">\n\t\t\n\n<h2>\u00bfAlguna pregunta? <br \/>P\u00f3ngase en contacto con nosotros<\/h2>\n\t\t\n<style>\n#text-699407229 {\n  font-size: 1.75rem;\n  text-align: left;\n}\n<\/style>\n\t<\/div>\n\t\n<div class=\"is-divider divider clearfix\" style=\"margin-top:0px;margin-bottom:0px;max-width:800px;height:1px;background-color:rgb(254, 215, 80);\"><\/div>\n\n\t<div id=\"gap-435571429\" class=\"gap-element clearfix\" style=\"display:block; height:auto;\">\n\t\t\n<style>\n#gap-435571429 {\n  padding-top: 30px;\n}\n<\/style>\n\t<\/div>\n\t\n\n\t<div id=\"text-436560377\" class=\"text\">\n\t\t\n\n<p>Cablesafe est\u00e1 aqu\u00ed para proporcionarle m\u00e1s informaci\u00f3n, responder a cualquier pregunta que pueda tener y crear una soluci\u00f3n eficaz para sus necesidades de seguridad, incluidas las soluciones de ra\u00edles pasacables.<\/p>\n\t\t\n<style>\n#text-436560377 {\n  text-align: left;\n}\n<\/style>\n\t<\/div>\n\t\n\t<div id=\"gap-1569078490\" class=\"gap-element clearfix\" style=\"display:block; height:auto;\">\n\t\t\n<style>\n#gap-1569078490 {\n  padding-top: 15px;\n}\n<\/style>\n\t<\/div>\n\t\n\n<a href=\"https:\/\/cablesafe.com\/es\/contact\/\" class=\"button white expand\" style=\"padding:5px 30px 5px 30px;\">\n\t\t<span>P\u00f3ngase en contacto con nosotros<\/span>\n\t<\/a>\n\n\n\n\t\t<\/div>\n\t\t\t\t\n<style>\n#col-951080312 > .col-inner {\n  padding: 0px 35px 0px 0px;\n}\n<\/style>\n\t<\/div>\n\n\t\n\n\t<div id=\"col-1164510909\" class=\"col medium-12 small-12 large-8 medium-col-first\"  >\n\t\t\t\t<div class=\"col-inner\"  >\n\t\t\t\n\t\t\t\n\n\n  <div class=\"banner has-hover\" id=\"banner-649633695\">\n          <div class=\"banner-inner fill\">\n        <div class=\"banner-bg fill\" >\n            <img loading=\"lazy\" decoding=\"async\" width=\"800\" height=\"356\" src=\"https:\/\/cablesafe.com\/wp-content\/uploads\/2021\/01\/Hook1-800x356.jpg\" class=\"bg attachment-medium size-medium\" alt=\"\" \/>                                    \n                    <\/div>\n\t\t\n        <div class=\"banner-layers container\">\n            <div class=\"fill banner-link\"><\/div>            \n\n\n        <\/div>\n      <\/div>\n\n            \n<style>\n#banner-649633695 {\n  padding-top: 300px;\n  background-color: rgb(39, 54, 71);\n}\n#banner-649633695 .banner-bg img {\n  object-position: 79% 42%;\n}\n@media (min-width:550px) {\n  #banner-649633695 {\n    padding-top: 500px;\n  }\n}\n<\/style>\n  <\/div>\n\n\n\n\t\t<\/div>\n\t\t\t\t\t<\/div>\n\n\t\n\n<\/div>\n\n\t\t<\/div>\n\n\t\t\n<style>\n#section_1136545837 {\n  padding-top: 75px;\n  padding-bottom: 75px;\n  background-color: rgb(0,0,0);\n}\n@media (min-width:850px) {\n  #section_1136545837 {\n    padding-top: 120px;\n    padding-bottom: 120px;\n  }\n}\n<\/style>\n\t<\/section>\n\t\n\n\t<section class=\"section\" id=\"section_1395598398\">\n\t\t<div class=\"section-bg fill\" >\n\t\t\t\t\t\t\t\t\t\n\t\t\t\n\n\t\t<\/div>\n\n\t\t\n\n\t\t<div class=\"section-content relative\">\n\t\t\t\n\n\t<div id=\"gap-291458774\" class=\"gap-element clearfix\" style=\"display:block; height:auto;\">\n\t\t\n<style>\n#gap-291458774 {\n  padding-top: 30px;\n}\n<\/style>\n\t<\/div>\n\t\n\n\n\t\t<\/div>\n\n\t\t\n<style>\n#section_1395598398 {\n  padding-top: 30px;\n  padding-bottom: 30px;\n}\n<\/style>\n\t<\/section>\n\t\n\n\t<section class=\"section\" id=\"section_691770188\">\n\t\t<div class=\"section-bg fill\" >\n\t\t\t\t\t\t\t\t\t\n\t\t\t\n\n\t\t<\/div>\n\n\t\t\n\n\t\t<div class=\"section-content relative\">\n\t\t\t\n\n<div class=\"row row-large align-equal align-right\" style=\"max-width:1300px\" id=\"row-1597286299\">\n\n\n\t<div id=\"col-2088274742\" class=\"col medium-12 small-12 large-4\"  >\n\t\t\t\t<div class=\"col-inner\"  >\n\t\t\t\n\t\t\t\n\n<h6>SIMPLICIDAD EN LA SEGURIDAD<\/h6>\n\t<div id=\"text-1857436648\" class=\"text\">\n\t\t\n\n<h2>SOPORTES PARA CABLES<\/h2>\n\t\t\n<style>\n#text-1857436648 {\n  font-size: 2.5rem;\n}\n<\/style>\n\t<\/div>\n\t\n\n\t\t<\/div>\n\t\t\t\t\n<style>\n#col-2088274742 > .col-inner {\n  padding: 0px 30px 0px 0px;\n}\n<\/style>\n\t<\/div>\n\n\t\n\n\t<div id=\"col-1765609221\" class=\"col medium-6 small-12 large-4\"  >\n\t\t\t\t<div class=\"col-inner\"  >\n\t\t\t\n\t\t\t\n\n\n\t\t<div class=\"icon-box featured-box icon-box-top text-left\"  >\n\t\t\t\t<div class=\"icon-box-text last-reset\">\n\t\t\t\t\t\t\t\t\t\n\n<h2><strong>Soporte de cables y soporte portacables<\/strong><\/h2>\n<p>Nuestros soportes y portacables est\u00e1n dise\u00f1ados para soportar y organizar cables, alambres y mangueras. Al elevar estos elementos del suelo, nuestros soportes ayudan a evitar peligros de tropiezos y protegen los cables de los da\u00f1os causados por el tr\u00e1nsito peatonal y el movimiento de los equipos. Esta organizaci\u00f3n tambi\u00e9n simplifica la gesti\u00f3n y el mantenimiento de los cables.<\/p>\n\n\t\t<\/div>\n\t<\/div>\n\t\n\t\n\t<div id=\"gap-1374142706\" class=\"gap-element clearfix\" style=\"display:block; height:auto;\">\n\t\t\n<style>\n#gap-1374142706 {\n  padding-top: 30px;\n}\n<\/style>\n\t<\/div>\n\t\n\n\n\t\t<div class=\"icon-box featured-box icon-box-top text-left\"  >\n\t\t\t\t<div class=\"icon-box-text last-reset\">\n\t\t\t\t\t\t\t\t\t\n\n<h2><strong>Soporte para cables de alta resistencia<\/strong><\/h2>\n<p>El soporte para cables de alta resistencia est\u00e1 dise\u00f1ado espec\u00edficamente para entornos en los que se necesitan soluciones s\u00f3lidas de gesti\u00f3n de cables. Este producto proporciona una manera de mantener los cables y mangueras elevados, asegurando que permanezcan organizados y protegidos. La construcci\u00f3n de alta resistencia de estos soportes los hace adecuados para su uso en entornos industriales, obras de construcci\u00f3n y otras \u00e1reas donde la seguridad de los cables es primordial.<\/p>\n\n\t\t<\/div>\n\t<\/div>\n\t\n\t\n\n\t\t<\/div>\n\t\t\t\t\t<\/div>\n\n\t\n\n\t<div id=\"col-1270811197\" class=\"col medium-6 small-12 large-4\"  >\n\t\t\t\t<div class=\"col-inner\"  >\n\t\t\t\n\t\t\t\n\n\n\t\t<div class=\"icon-box featured-box icon-box-top text-left\"  >\n\t\t\t\t<div class=\"icon-box-text last-reset\">\n\t\t\t\t\t\t\t\t\t\n\n<h2><strong>Seguridad de los cables<\/strong><\/h2>\n<p>Una gesti\u00f3n adecuada de los cables es crucial para mantener un espacio de trabajo seguro y evitar posibles peligros asociados a cables sueltos o mal guardados.<\/p>\n\n\t\t<\/div>\n\t<\/div>\n\t\n\t\n\t<div id=\"gap-846194023\" class=\"gap-element clearfix\" style=\"display:block; height:auto;\">\n\t\t\n<style>\n#gap-846194023 {\n  padding-top: 30px;\n}\n<\/style>\n\t<\/div>\n\t\n\n\n\t\t<div class=\"icon-box featured-box icon-box-top text-left\"  >\n\t\t\t\t<div class=\"icon-box-text last-reset\">\n\t\t\t\t\t\t\t\t\t\n\n<h2><strong>Sistema de ra\u00edles de alambre<\/strong><\/h2>\n<p>Nuestros soportes para cables de alta resistencia elevan los ra\u00edles de organizaci\u00f3n de cables para mayor seguridad. Este sistema mantiene los cables y mangueras alejados del suelo, evitando que se enreden o da\u00f1en. El sistema de ra\u00edles para cables tambi\u00e9n permite un f\u00e1cil acceso y ajuste, lo que simplifica la gesti\u00f3n y el mantenimiento de los cables.<\/p>\n<p>\u00a0<\/p>\n\n\t\t<\/div>\n\t<\/div>\n\t\n\t\n\n\t\t<\/div>\n\t\t\t\t\t<\/div>\n\n\t\n\n<\/div>\n\n\t\t<\/div>\n\n\t\t\n<style>\n#section_691770188 {\n  padding-top: 30px;\n  padding-bottom: 30px;\n}\n@media (min-width:550px) {\n  #section_691770188 {\n    padding-top: 70px;\n    padding-bottom: 70px;\n  }\n}\n<\/style>\n\t<\/section>\n\t\n\n\t<section class=\"section\" id=\"section_2064931519\">\n\t\t<div class=\"section-bg fill\" >\n\t\t\t\t\t\t\t\t\t\n\t\t\t\n\n\t\t<\/div>\n\n\t\t\n\n\t\t<div class=\"section-content relative\">\n\t\t\t\n\n\t<div id=\"gap-24993583\" class=\"gap-element clearfix\" style=\"display:block; height:auto;\">\n\t\t\n<style>\n#gap-24993583 {\n  padding-top: 30px;\n}\n<\/style>\n\t<\/div>\n\t\n\n<div class=\"row align-middle\"  id=\"row-2058351539\">\n\n\n\t<div id=\"col-1724098705\" class=\"col medium-6 small-12 large-6\"  >\n\t\t\t\t<div class=\"col-inner\"  >\n\t\t\t\n\t\t\t\n\n<p>Nuestros soportes para cables est\u00e1n dise\u00f1ados para cumplir las normas de seguridad m\u00e1s estrictas y ofrecen herramientas fiables y eficaces para la gesti\u00f3n de cables, alambres y mangueras.<\/p>\n<h2><strong>PREGUNTAS FRECUENTES<\/strong><\/h2>\n<h3><br \/><strong><em>\u00bfPara qu\u00e9 sirve un soporte de cables?<\/em><\/strong><\/h3>\n<p>Los soportes para cables se utilizan para sostener y organizar cables y mangueras manteni\u00e9ndolos elevados del suelo. De este modo se evitan los peligros de tropiezo y se protegen los cables de los da\u00f1os causados por el tr\u00e1fico peatonal y el movimiento de los equipos. Los soportes de cables son esenciales para mantener un entorno de trabajo seguro y organizado.<\/p>\n<h3><strong><em>\u00bfQu\u00e9 significa un soporte para cables?<\/em><\/strong><\/h3>\n<p>Un soporte para cables es un dispositivo dise\u00f1ado para soportar y elevar cables, alambres y mangueras, manteni\u00e9ndolos alejados del suelo para mejorar la seguridad y la organizaci\u00f3n. Los soportes de cables pueden incluir caracter\u00edsticas como una construcci\u00f3n resistente y sistemas de ra\u00edles para cables que garanticen una gesti\u00f3n y protecci\u00f3n seguras de los cables en diversos entornos de trabajo.<\/p>\n<p>\u00a0<\/p>\n\n\t\t<\/div>\n\t\t\t\t\t<\/div>\n\n\t\n\n\t<div id=\"col-1519031500\" class=\"col medium-6 small-12 large-6\"  >\n\t\t\t\t<div class=\"col-inner\"  >\n\t\t\t\n\t\t\t\n\n\t<div class=\"img has-hover x md-x lg-x y md-y lg-y\" id=\"image_1984509447\">\n\t\t\t\t\t\t\t\t<div class=\"img-inner dark\" style=\"margin:0px 75px 0px 75px;\">\n\t\t\t<img loading=\"lazy\" decoding=\"async\" width=\"500\" height=\"500\" src=\"https:\/\/cablesafe.com\/wp-content\/uploads\/2020\/12\/2.png\" class=\"attachment-large size-large\" alt=\"\" srcset=\"https:\/\/cablesafe.com\/wp-content\/uploads\/2020\/12\/2.png 500w, https:\/\/cablesafe.com\/wp-content\/uploads\/2020\/12\/2-400x400.png 400w, https:\/\/cablesafe.com\/wp-content\/uploads\/2020\/12\/2-280x280.png 280w, https:\/\/cablesafe.com\/wp-content\/uploads\/2020\/12\/2-300x300.png 300w, https:\/\/cablesafe.com\/wp-content\/uploads\/2020\/12\/2-100x100.png 100w\" sizes=\"auto, (max-width: 500px) 100vw, 500px\" \/>\t\t\t\t\t\t\n\t\t\t\t\t<\/div>\n\t\t\t\t\t\t\t\t\n<style>\n#image_1984509447 {\n  width: 100%;\n}\n<\/style>\n\t<\/div>\n\t\n\n\n\t\t<\/div>\n\t\t\t\t\t<\/div>\n\n\t\n\n<\/div>\n\n\t\t<\/div>\n\n\t\t\n<style>\n#section_2064931519 {\n  padding-top: 30px;\n  padding-bottom: 30px;\n}\n<\/style>\n\t<\/section>\n\t\n\n\t<section class=\"section\" id=\"section_1972485250\">\n\t\t<div class=\"section-bg fill\" >\n\t\t\t\t\t\t\t\t\t\n\t\t\t\n\n\t\t<\/div>\n\n\t\t\n\n\t\t<div class=\"section-content relative\">\n\t\t\t\n\n\t<div id=\"gap-1597473333\" class=\"gap-element clearfix\" style=\"display:block; height:auto;\">\n\t\t\n<style>\n#gap-1597473333 {\n  padding-top: 50px;\n}\n<\/style>\n\t<\/div>\n\t\n\n<div class=\"row align-middle\" style=\"max-width:1300px\" id=\"row-444083818\">\n\n\n\t<div id=\"col-2063918652\" class=\"col medium-8 small-12 large-8\"  >\n\t\t\t\t<div class=\"col-inner\"  >\n\t\t\t\n\t\t\t\n\n\t<div id=\"text-434701318\" class=\"text\">\n\t\t\n\n<h2>OBTENGA UN PRESUPUESTO GRATUITO<\/h2>\n<p><span style=\"font-size: 75%;\">Productos de m\u00e1xima calidad con atenci\u00f3n personalizada a sus necesidades. Explore todos nuestros productos.<\/span><\/p>\n\t\t\n<style>\n#text-434701318 {\n  font-size: 2rem;\n}\n@media (min-width:550px) {\n  #text-434701318 {\n    font-size: 1.25rem;\n  }\n}\n@media (min-width:850px) {\n  #text-434701318 {\n    font-size: 1.5rem;\n  }\n}\n<\/style>\n\t<\/div>\n\t\n\n\t\t<\/div>\n\t\t\t\t\t<\/div>\n\n\t\n\n\t<div id=\"col-992812929\" class=\"col medium-4 small-12 large-4\"  >\n\t\t\t\t<div class=\"col-inner\"  >\n\t\t\t\n\t\t\t\n\n<a href=\"https:\/\/cablesafe.com\/es\/request-quote\/\" class=\"button alert expand\" style=\"padding:5px 30px 5px 30px;\">\n\t\t<span>Obtener un presupuesto<\/span>\n\t<\/a>\n\n\n\n\t\t<\/div>\n\t\t\t\t\t<\/div>\n\n\t\n\n<\/div>\n\n\t\t<\/div>\n\n\t\t\n<style>\n#section_1972485250 {\n  padding-top: 20px;\n  padding-bottom: 20px;\n  background-color: rgb(254, 215, 80);\n}\n<\/style>\n\t<\/section>","protected":false},"excerpt":{"rendered":"","protected":false},"author":4,"featured_media":0,"parent":0,"menu_order":0,"comment_status":"closed","ping_status":"closed","template":"page-blank.php","meta":{"inline_featured_image":false,"footnotes":""},"class_list":["post-13306","page","type-page","status-publish","hentry"],"_links":{"self":[{"href":"https:\/\/cablesafe.com\/es\/wp-json\/wp\/v2\/pages\/13306","targetHints":{"allow":["GET"]}}],"collection":[{"href":"https:\/\/cablesafe.com\/es\/wp-json\/wp\/v2\/pages"}],"about":[{"href":"https:\/\/cablesafe.com\/es\/wp-json\/wp\/v2\/types\/page"}],"author":[{"embeddable":true,"href":"https:\/\/cablesafe.com\/es\/wp-json\/wp\/v2\/users\/4"}],"replies":[{"embeddable":true,"href":"https:\/\/cablesafe.com\/es\/wp-json\/wp\/v2\/comments?post=13306"}],"version-history":[{"count":6,"href":"https:\/\/cablesafe.com\/es\/wp-json\/wp\/v2\/pages\/13306\/revisions"}],"predecessor-version":[{"id":13444,"href":"https:\/\/cablesafe.com\/es\/wp-json\/wp\/v2\/pages\/13306\/revisions\/13444"}],"wp:attachment":[{"href":"https:\/\/cablesafe.com\/es\/wp-json\/wp\/v2\/media?parent=13306"}],"curies":[{"name":"wp","href":"https:\/\/api.w.org\/{rel}","templated":true}]}}