{"id":403,"date":"2021-01-19T10:13:51","date_gmt":"2021-01-19T10:13:51","guid":{"rendered":"https:\/\/cablesafe.com\/?post_type=product&#038;p=403"},"modified":"2025-07-02T08:47:39","modified_gmt":"2025-07-02T08:47:39","slug":"manhole-cover","status":"publish","type":"product","link":"https:\/\/cablesafe.com\/de\/uncategorized\/manhole-cover\/","title":{"rendered":"Mannlochdeckel"},"content":{"rendered":"<h2 class=\"p-rich_text_section\"><strong>Beschreibung<\/strong><\/h2>\n<p>Die tempor\u00e4ren Abdeckungen f\u00fcr Sch\u00e4chte und Handl\u00f6cher verf\u00fcgen \u00fcber \u00d6ffnungen am Rand, die gro\u00df genug sind, um aus dem Loch ragende Kabel aufzunehmen, sowie \u00fcber zwei Hand\u00f6ffnungen f\u00fcr den einfachen Transport, die Platzierung und das Entfernen der Schachtabdeckung, was sie sehr benutzerfreundlich macht. Splei\u00dfer, die in Splei\u00dfanh\u00e4ngern neben einem Schacht arbeiten, ben\u00f6tigen oft einen zus\u00e4tzlichen Fallschutz f\u00fcr die \u00d6ffentlichkeit und die Mitarbeiter, und genau hier kommen die Schachtrahmen ins Spiel, die auch als Kanaldeckel oder Zugangsdeckel bezeichnet werden. Diese Rahmen sind besonders n\u00fctzlich f\u00fcr Ortungspersonal, das seine Ausr\u00fcstung an Kabel anschlie\u00dfen muss, die sich in vorhandenen Mann- oder Handl\u00f6chern befinden, w\u00e4hrend diese unbeaufsichtigt und ungesch\u00fctzt bleiben.<\/p>\n<p>Wir bieten eine Reihe von Schachtabdeckungen in verschiedenen Gr\u00f6\u00dfen an, die in Sch\u00e4chte unterschiedlicher Gr\u00f6\u00dfe passen, darunter 24\u2033, 28\u2033, 32\", 36\u2033 und 38\u2033. F\u00fcr Handsch\u00e4chte bieten wir tempor\u00e4re Abdeckungen in zwei Gr\u00f6\u00dfen an: 24\" x 36\" und 30\" x 48\". Mit unserer Auswahl an Gr\u00f6\u00dfen finden Sie immer die richtige Schachtabdeckung f\u00fcr Ihren Raum. Um Ihre Sicherheit bei der Arbeit zu gew\u00e4hrleisten, sollten Sie eine runde Schachtabdeckung verwenden.<\/p>","protected":false},"excerpt":{"rendered":"<p><span style=\"font-size: 140%; color: #ed1c24;\"><em><span style=\"text-decoration: underline;\"><strong>Das Produkt ist nicht mehr auf Lager und kann nicht mehr erworben werden.\u00a0<\/strong><\/span><\/em><\/span><\/p>\n<p><span style=\"text-decoration: underline; font-size: 130%;\">Wir bedauern, Ihnen mitteilen zu m\u00fcssen, dass dieses Produkt derzeit nicht auf Lager ist und nicht mehr zum Kauf angeboten wird. Bitte schauen Sie sich unsere anderen Produkte an oder kontaktieren Sie unseren Kundenservice f\u00fcr weitere Hilfe. Wir danken Ihnen f\u00fcr Ihr Verst\u00e4ndnis.<\/span><\/p>\n<p><strong>Die CableSafe-Schachtabdeckungen bieten einen Einsturzschutz, w\u00e4hrend sie bei abgenommenem Schacht- oder Handlochdeckel verschiedene Funktionen erf\u00fcllen.<\/strong><\/p>\n<p>Die tempor\u00e4ren Abdeckungen von CableSafe wurden im Hinblick auf absolute Sicherheit entwickelt und bieten einen Einsturzschutz, w\u00e4hrend Sie verschiedene Funktionen bei abgenommenem Schacht- oder Handlochdeckel ausf\u00fchren. Unsere Schachtabdeckungen sind leicht und dennoch sehr stabil. Die Schachtabdeckungen sind aus umweltstabilisiertem und hochschlagfestem Polyethylen hergestellt. Die Rahmen der Schachtabdeckungen sind stark genug, um ein direktes Gewicht von \u00fcber 300 Pfund zu tragen. Um sich vor gef\u00e4hrlichen Situationen zu sch\u00fctzen, brauchen Sie auf jeden Fall eine tempor\u00e4re Schachtabdeckung.<\/p>\n<a href=\"#datasheet-manhole-cover\" class=\"button primary\" >\n\t\t<span>Datenblatt<\/span>\n\t<\/a>\n\t<div id=\"datasheet-manhole-cover\"\n\t     class=\"lightbox-by-id lightbox-content mfp-hide lightbox-white\"\n\t     style=\"max-width:600px ;padding:20px\">\n\t\t<div class=\"row row-collapse align-center popup-personal\"  id=\"row-693768138\">\n\n\n\t<div id=\"col-1801063660\" class=\"col small-12 large-12\"  >\n\t\t\t\t<div class=\"col-inner text-center\"  >\n\t\t\t\n\t\t\t\n\n\n\t<section class=\"section dark\" id=\"section_270558998\">\n\t\t<div class=\"section-bg fill\" >\n\t\t\t\t\t\t\t\t\t<div class=\"section-bg-overlay absolute fill\"><\/div>\n\t\t\t\n\t<div class=\"is-border\"\n\t\tstyle=\"border-width:0px 0px 0px 0px;\">\n\t<\/div>\n\n\t\t<\/div>\n\n\t\t\n\n\t\t<div class=\"section-content relative\">\n\t\t\t\n\n\t<div id=\"gap-939280694\" class=\"gap-element clearfix\" style=\"display:block; height:auto;\">\n\t\t\n<style>\n#gap-939280694 {\n  padding-top: 51px;\n}\n<\/style>\n\t<\/div>\n\t\n\n<div class=\"row\"  id=\"row-1572915927\">\n\n\n\t<div id=\"col-390210977\" class=\"col small-12 large-12\"  >\n\t\t\t\t<div class=\"col-inner dark\"  >\n\t\t\t\n\t\t\t\n\n\t<div id=\"gap-497664899\" class=\"gap-element clearfix\" style=\"display:block; height:auto;\">\n\t\t\n<style>\n#gap-497664899 {\n  padding-top: 71px;\n}\n<\/style>\n\t<\/div>\n\t\n\n<h3><span style=\"font-size: 110%;\">IHRE DATEN HINTERLASSEN<\/span><\/h3>\n\t<div id=\"gap-1495217739\" class=\"gap-element clearfix\" style=\"display:block; height:auto;\">\n\t\t\n<style>\n#gap-1495217739 {\n  padding-top: 10px;\n}\n<\/style>\n\t<\/div>\n\t\n\n\n<div class=\"wpcf7 no-js\" id=\"wpcf7-f2587-o1\" lang=\"en-US\" dir=\"ltr\" data-wpcf7-id=\"2587\">\n<div class=\"screen-reader-response\"><p role=\"status\" aria-live=\"polite\" aria-atomic=\"true\"><\/p> <ul><\/ul><\/div>\n<form action=\"\/de\/wp-json\/wp\/v2\/product\/403#wpcf7-f2587-o1\" method=\"post\" class=\"wpcf7-form init\" aria-label=\"Kontakt-Formular\" novalidate=\"novalidate\" data-status=\"init\" data-trp-original-action=\"\/de\/wp-json\/wp\/v2\/product\/403#wpcf7-f2587-o1\">\n<fieldset class=\"hidden-fields-container\"><input type=\"hidden\" name=\"_wpcf7\" value=\"2587\" \/><input type=\"hidden\" name=\"_wpcf7_version\" value=\"6.1.5\" \/><input type=\"hidden\" name=\"_wpcf7_locale\" value=\"en_US\" \/><input type=\"hidden\" name=\"_wpcf7_unit_tag\" value=\"wpcf7-f2587-o1\" \/><input type=\"hidden\" name=\"_wpcf7_container_post\" value=\"0\" \/><input type=\"hidden\" name=\"_wpcf7_posted_data_hash\" value=\"\" \/>\n<\/fieldset>\n<div class=\"cf7-builder-container-row1 cf7-builder-container-row-inner cf7-main-builder dropped ui-sortable-handle\" id=\"cf7-container-builder-2076861\">\n\t<div class=\"cf7-ctrl\">\n\t\t<div class=\"cf7-move\">\n\t\t<\/div>\n\t\t<div class=\"cf7-colunm\">\n\t\t<\/div>\n\t\t<div class=\"cf7-dub cf7-dub-row\">\n\t\t<\/div>\n\t\t<div class=\"cf7-remove\">\n\t\t<\/div>\n\t<\/div>\n\t<div class=\"cf7-row\">\n\t\t<div class=\"col-md-12\">\n\t\t\t<div class=\"cf7-builder-container-row-inner-drop ui-droppable ui-sortable\">\n\t\t\t<\/div>\n\t\t<\/div>\n\t<\/div>\n<\/div>\n<div class=\"cf7-builder-container-row1 cf7-builder-container-row-inner cf7-main-builder dropped ui-sortable-handle\" id=\"cf7-container-builder-1511681290919\">\n\t<div class=\"cf7-ctrl\">\n\t\t<div class=\"cf7-move\">\n\t\t<\/div>\n\t\t<div class=\"cf7-colunm\">\n\t\t<\/div>\n\t\t<div class=\"cf7-dub cf7-dub-row\">\n\t\t<\/div>\n\t\t<div class=\"cf7-remove\">\n\t\t<\/div>\n\t<\/div>\n\t<div class=\"cf7-row\">\n\t\t<div class=\"col-md-4\">\n\t\t\t<div class=\"cf7-builder-container-row-inner-drop ui-droppable ui-sortable\">\n\t\t\t\t<div class=\"cf7-text cf7-main-builder dropped ui-sortable-handle\" id=\"cf7-container-builder-1542036023543\">\n\t\t\t\t\t<div class=\"cf7-ctrl cf7-ctrl-inner\">\n\t\t\t\t\t\t<div class=\"cf7-move\">\n\t\t\t\t\t\t<\/div>\n\t\t\t\t\t\t<div class=\"cf7-edit\">\n\t\t\t\t\t\t<\/div>\n\t\t\t\t\t\t<div class=\"cf7-dub cf7-dub-text\">\n\t\t\t\t\t\t<\/div>\n\t\t\t\t\t\t<div class=\"cf7-remove\">\n\t\t\t\t\t\t<\/div>\n\t\t\t\t\t<\/div>\n\t\t\t\t\t<div class=\"cf7_text_label\">\n\t\t\t\t\t<\/div>\n\t\t\t\t\t<div class=\"cf7_font\">\n\t\t\t\t\t<\/div>\n\t\t\t\t\t<div class=\"cf7_text_shortcode\">\n\t\t\t\t\t\t<p><span class=\"wpcf7-form-control-wrap\" data-name=\"your-name\"><input size=\"40\" maxlength=\"400\" class=\"wpcf7-form-control wpcf7-text wpcf7-validates-as-required\" aria-required=\"true\" aria-invalid=\"false\" placeholder=\"Name\" value=\"\" type=\"text\" name=\"your-name\" \/><\/span>\n\t\t\t\t\t\t<\/p>\n\t\t\t\t\t<\/div>\n\t\t\t\t<\/div>\n\t\t\t<\/div>\n\t\t<\/div>\n\t\t<div class=\"col-md-4\">\n\t\t\t<div class=\"cf7-builder-container-row-inner-drop ui-droppable ui-sortable\">\n\t\t\t\t<div class=\"cf7-text cf7-main-builder dropped ui-sortable-helper ui-sortable-handle\" id=\"cf7-container-builder-1540346637666\">\n\t\t\t\t\t<div class=\"cf7-ctrl cf7-ctrl-inner\">\n\t\t\t\t\t\t<div class=\"cf7-move\">\n\t\t\t\t\t\t<\/div>\n\t\t\t\t\t\t<div class=\"cf7-edit\">\n\t\t\t\t\t\t<\/div>\n\t\t\t\t\t\t<div class=\"cf7-dub cf7-dub-text\">\n\t\t\t\t\t\t<\/div>\n\t\t\t\t\t\t<div class=\"cf7-remove\">\n\t\t\t\t\t\t<\/div>\n\t\t\t\t\t<\/div>\n\t\t\t\t\t<div class=\"cf7_text_label\">\n\t\t\t\t\t<\/div>\n\t\t\t\t\t<div class=\"cf7_font\">\n\t\t\t\t\t<\/div>\n\t\t\t\t\t<div class=\"cf7_text_shortcode\">\n\t\t\t\t\t\t<p><span class=\"wpcf7-form-control-wrap\" data-name=\"your-email\"><input size=\"40\" maxlength=\"400\" class=\"wpcf7-form-control wpcf7-email wpcf7-validates-as-required wpcf7-text wpcf7-validates-as-email\" aria-required=\"true\" aria-invalid=\"false\" placeholder=\"E-Mail\" value=\"\" type=\"email\" name=\"your-email\" \/><\/span>\n\t\t\t\t\t\t<\/p>\n\t\t\t\t\t<\/div>\n\t\t\t\t<\/div>\n\t\t\t<\/div>\n\t\t<\/div>\n\t\t<div class=\"col-md-4\">\n\t\t\t<div class=\"cf7-builder-container-row-inner-drop ui-droppable ui-sortable\">\n\t\t\t\t<div class=\"cf7-text cf7-main-builder dropped ui-sortable-helper ui-sortable-handle\" id=\"cf7-container-builder-1541512858144\">\n\t\t\t\t\t<div class=\"cf7-ctrl cf7-ctrl-inner\">\n\t\t\t\t\t\t<div class=\"cf7-move\">\n\t\t\t\t\t\t<\/div>\n\t\t\t\t\t\t<div class=\"cf7-edit\">\n\t\t\t\t\t\t<\/div>\n\t\t\t\t\t\t<div class=\"cf7-dub cf7-dub-text\">\n\t\t\t\t\t\t<\/div>\n\t\t\t\t\t\t<div class=\"cf7-remove\">\n\t\t\t\t\t\t<\/div>\n\t\t\t\t\t<\/div>\n\t\t\t\t\t<div class=\"cf7_text_label\">\n\t\t\t\t\t<\/div>\n\t\t\t\t\t<div class=\"cf7_font\">\n\t\t\t\t\t<\/div>\n\t\t\t\t\t<div class=\"cf7_text_shortcode\">\n\t\t\t\t\t\t<p><span class=\"wpcf7-form-control-wrap\" data-name=\"telephone-number\"><input size=\"40\" maxlength=\"400\" class=\"wpcf7-form-control wpcf7-tel wpcf7-text wpcf7-validates-as-tel\" aria-invalid=\"false\" placeholder=\"Rufnummer\" value=\"\" type=\"tel\" name=\"telephone-number\" \/><\/span>\n\t\t\t\t\t\t<\/p>\n\t\t\t\t\t<\/div>\n\t\t\t\t<\/div>\n\t\t\t<\/div>\n\t\t<\/div>\n\t<\/div>\n<\/div>\n<div class=\"cf7-builder-container-row1 cf7-builder-container-row-inner cf7-main-builder dropped ui-sortable-handle\" id=\"cf7-container-builder-3714420\">\n\t<div class=\"cf7-ctrl\">\n\t\t<div class=\"cf7-move\">\n\t\t<\/div>\n\t\t<div class=\"cf7-colunm\">\n\t\t<\/div>\n\t\t<div class=\"cf7-dub cf7-dub-row\">\n\t\t<\/div>\n\t\t<div class=\"cf7-remove\">\n\t\t<\/div>\n\t<\/div>\n\t<div class=\"cf7-row\">\n\t\t<div class=\"col-md-4\">\n\t\t\t<div class=\"cf7-builder-container-row-inner-drop ui-droppable ui-sortable\">\n\t\t\t\t<div class=\"cf7-text cf7-main-builder dropped ui-sortable-helper ui-sortable-handle\" id=\"cf7-container-builder-1540346622559\">\n\t\t\t\t\t<div class=\"cf7-ctrl cf7-ctrl-inner\">\n\t\t\t\t\t\t<div class=\"cf7-move\">\n\t\t\t\t\t\t<\/div>\n\t\t\t\t\t\t<div class=\"cf7-edit\">\n\t\t\t\t\t\t<\/div>\n\t\t\t\t\t\t<div class=\"cf7-dub cf7-dub-text\">\n\t\t\t\t\t\t<\/div>\n\t\t\t\t\t\t<div class=\"cf7-remove\">\n\t\t\t\t\t\t<\/div>\n\t\t\t\t\t<\/div>\n\t\t\t\t\t<div class=\"cf7_text_label\">\n\t\t\t\t\t<\/div>\n\t\t\t\t\t<div class=\"cf7_font\">\n\t\t\t\t\t<\/div>\n\t\t\t\t\t<div class=\"cf7_text_shortcode\">\n\t\t\t\t\t\t<p><span class=\"wpcf7-form-control-wrap\" data-name=\"your-company\"><input size=\"40\" maxlength=\"400\" class=\"wpcf7-form-control wpcf7-text wpcf7-validates-as-required\" aria-required=\"true\" aria-invalid=\"false\" placeholder=\"Unternehmen\" value=\"\" type=\"text\" name=\"your-company\" \/><\/span>\n\t\t\t\t\t\t<\/p>\n\t\t\t\t\t<\/div>\n\t\t\t\t<\/div>\n\t\t\t<\/div>\n\t\t<\/div>\n\t\t<div class=\"col-md-4\">\n\t\t\t<div class=\"cf7-builder-container-row-inner-drop ui-droppable ui-sortable\">\n\t\t\t\t<div class=\"cf7-text cf7-main-builder dropped ui-sortable-handle\" id=\"cf7-container-builder-6729260\">\n\t\t\t\t\t<div class=\"cf7-ctrl cf7-ctrl-inner\">\n\t\t\t\t\t\t<div class=\"cf7-move\">\n\t\t\t\t\t\t<\/div>\n\t\t\t\t\t\t<div class=\"cf7-edit\">\n\t\t\t\t\t\t<\/div>\n\t\t\t\t\t\t<div class=\"cf7-dub cf7-dub-text\">\n\t\t\t\t\t\t<\/div>\n\t\t\t\t\t\t<div class=\"cf7-remove\">\n\t\t\t\t\t\t<\/div>\n\t\t\t\t\t<\/div>\n\t\t\t\t\t<div class=\"cf7_text_label\">\n\t\t\t\t\t<\/div>\n\t\t\t\t\t<div class=\"cf7_font\">\n\t\t\t\t\t<\/div>\n\t\t\t\t\t<div class=\"cf7_text_shortcode\">\n\t\t\t\t\t\t<p><span class=\"wpcf7-form-control-wrap\" data-name=\"your-country\"><input size=\"40\" maxlength=\"400\" class=\"wpcf7-form-control wpcf7-text\" aria-invalid=\"false\" placeholder=\"Land\" value=\"\" type=\"text\" name=\"your-country\" \/><\/span>\n\t\t\t\t\t\t<\/p>\n\t\t\t\t\t<\/div>\n\t\t\t\t<\/div>\n\t\t\t<\/div>\n\t\t<\/div>\n\t\t<div class=\"col-md-4\">\n\t\t\t<div class=\"cf7-builder-container-row-inner-drop ui-droppable ui-sortable\">\n\t\t\t<\/div>\n\t\t<\/div>\n\t<\/div>\n<\/div>\n<div class=\"cf7-builder-container-row1 cf7-builder-container-row-inner cf7-main-builder dropped ui-sortable-handle\" id=\"cf7-container-builder-1449213\">\n\t<div class=\"cf7-ctrl\">\n\t\t<div class=\"cf7-move\">\n\t\t<\/div>\n\t\t<div class=\"cf7-colunm\">\n\t\t<\/div>\n\t\t<div class=\"cf7-dub cf7-dub-row\">\n\t\t<\/div>\n\t\t<div class=\"cf7-remove\">\n\t\t<\/div>\n\t<\/div>\n\t<div class=\"cf7-row\">\n\t\t<div class=\"col-md-4\">\n\t\t\t<div class=\"cf7-builder-container-row-inner-drop ui-droppable ui-sortable\">\n\t\t\t\t<div class=\"cf7-text cf7-main-builder dropped ui-sortable-helper ui-sortable-handle\" id=\"cf7-container-builder-1541759239890\">\n\t\t\t\t\t<div class=\"cf7-ctrl cf7-ctrl-inner\">\n\t\t\t\t\t\t<div class=\"cf7-move\">\n\t\t\t\t\t\t<\/div>\n\t\t\t\t\t\t<div class=\"cf7-edit\">\n\t\t\t\t\t\t<\/div>\n\t\t\t\t\t\t<div class=\"cf7-dub cf7-dub-text\">\n\t\t\t\t\t\t<\/div>\n\t\t\t\t\t\t<div class=\"cf7-remove\">\n\t\t\t\t\t\t<\/div>\n\t\t\t\t\t<\/div>\n\t\t\t\t\t<div class=\"cf7_text_label\">\n\t\t\t\t\t<\/div>\n\t\t\t\t\t<div class=\"cf7_font\">\n\t\t\t\t\t<\/div>\n\t\t\t\t\t<div class=\"cf7_text_shortcode\">\n\t\t\t\t\t\t<p><span class=\"wpcf7-form-control-wrap\" data-name=\"product\"><select class=\"wpcf7-form-control wpcf7-select wpcf7-validates-as-required\" aria-required=\"true\" aria-invalid=\"false\" name=\"product\"><option value=\"Manhole Cover\">Mannlochdeckel<\/option><\/select><\/span>\n\t\t\t\t\t\t<\/p>\n\t\t\t\t\t<\/div>\n\t\t\t\t<\/div>\n\t\t\t<\/div>\n\t\t<\/div>\n\t\t<div class=\"col-md-4\">\n\t\t\t<div class=\"cf7-builder-container-row-inner-drop ui-droppable ui-sortable\">\n\t\t\t<\/div>\n\t\t<\/div>\n\t\t<div class=\"col-md-4\">\n\t\t\t<div class=\"cf7-builder-container-row-inner-drop ui-droppable ui-sortable\">\n\t\t\t<\/div>\n\t\t<\/div>\n\t<\/div>\n<\/div>\n<div class=\"cf7-builder-container-row1 cf7-builder-container-row-inner cf7-main-builder dropped ui-sortable-handle\" id=\"cf7-container-builder-9078273\">\n\t<div class=\"cf7-ctrl\">\n\t\t<div class=\"cf7-move\">\n\t\t<\/div>\n\t\t<div class=\"cf7-colunm\">\n\t\t<\/div>\n\t\t<div class=\"cf7-dub cf7-dub-row\">\n\t\t<\/div>\n\t\t<div class=\"cf7-remove\">\n\t\t<\/div>\n\t<\/div>\n\t<div class=\"cf7-row\">\n\t\t<div class=\"col-md-12\">\n\t\t\t<div class=\"cf7-builder-container-row-inner-drop ui-droppable ui-sortable\">\n\t\t\t\t<div class=\"cf7-text cf7-main-builder dropped ui-sortable-handle\" id=\"cf7-container-builder-1541699565246\">\n\t\t\t\t\t<div class=\"cf7-ctrl cf7-ctrl-inner\">\n\t\t\t\t\t\t<div class=\"cf7-move\">\n\t\t\t\t\t\t<\/div>\n\t\t\t\t\t\t<div class=\"cf7-edit\">\n\t\t\t\t\t\t<\/div>\n\t\t\t\t\t\t<div class=\"cf7-dub cf7-dub-text\">\n\t\t\t\t\t\t<\/div>\n\t\t\t\t\t\t<div class=\"cf7-remove\">\n\t\t\t\t\t\t<\/div>\n\t\t\t\t\t<\/div>\n\t\t\t\t\t<div class=\"cf7_text_label\">\n\t\t\t\t\t<\/div>\n\t\t\t\t\t<div class=\"cf7_font\">\n\t\t\t\t\t<\/div>\n\t\t\t\t\t<div class=\"cf7_text_shortcode\">\n\t\t\t\t\t\t<p><em>* Sie haben noch weitere Fragen? Wir helfen Ihnen gerne weiter! Bitte f\u00fcllen Sie das Formular auf unserer <a href=\"\/de\/contact\/\"><span style=\"color: #FEEB00;\">Kontaktseite...<\/span><\/a><\/em>\n\t\t\t\t\t\t<\/p>\n\t\t\t\t\t<\/div>\n\t\t\t\t<\/div>\n\t\t\t\t<div class=\"cf7-text cf7-main-builder dropped ui-sortable-placeholder ui-sortable-handle\">\n\t\t\t\t<\/div>\n\t\t\t\t<div class=\"cf7-text cf7-main-builder dropped ui-sortable-placeholder ui-sortable-helper ui-sortable-handle\">\n\t\t\t\t<\/div>\n\t\t\t\t<div class=\"cf7-text cf7-main-builder dropped ui-sortable-placeholder ui-sortable-handle\">\n\t\t\t\t<\/div>\n\t\t\t\t<div class=\"cf7-text cf7-main-builder dropped ui-sortable-handle\" id=\"cf7-container-builder-3619643\">\n\t\t\t\t\t<div class=\"cf7-ctrl cf7-ctrl-inner\">\n\t\t\t\t\t\t<div class=\"cf7-move\">\n\t\t\t\t\t\t<\/div>\n\t\t\t\t\t\t<div class=\"cf7-edit\">\n\t\t\t\t\t\t<\/div>\n\t\t\t\t\t\t<div class=\"cf7-dub cf7-dub-text\">\n\t\t\t\t\t\t<\/div>\n\t\t\t\t\t\t<div class=\"cf7-remove\">\n\t\t\t\t\t\t<\/div>\n\t\t\t\t\t<\/div>\n\t\t\t\t\t<div class=\"cf7_font\">\n\t\t\t\t\t<\/div>\n\t\t\t\t\t<div class=\"cf7_text_shortcode\">\n\t\t\t\t\t\t<p><input class=\"wpcf7-form-control wpcf7-submit has-spinner\" type=\"submit\" value=\"Senden Sie\" \/>\n\t\t\t\t\t\t<\/p>\n\t\t\t\t\t<\/div>\n\t\t\t\t<\/div>\n\t\t\t<\/div>\n\t\t<\/div>\n\t<\/div>\n<\/div><input type=\"hidden\" id=\"ct_checkjs_cf7_9c838d2e45b2ad1094d42f4ef36764f6\" name=\"ct_checkjs_cf7\" value=\"0\" \/><script >setTimeout(function(){var ct_input_name = \"ct_checkjs_cf7_9c838d2e45b2ad1094d42f4ef36764f6\";if (document.getElementById(ct_input_name) !== null) {var ct_input_value = document.getElementById(ct_input_name).value;document.getElementById(ct_input_name).value = document.getElementById(ct_input_name).value.replace(ct_input_value, '1442357486');}}, 1000);<\/script><input\n                    class=\"apbct_special_field apbct_email_id__wp_contact_form_7\"\n                    name=\"apbct__email_id__wp_contact_form_7\"\n                    aria-label=\"apbct__label_id__wp_contact_form_7\"\n                    type=\"text\" size=\"30\" maxlength=\"200\" autocomplete=\"off\"\n                    value=\"\"\n                \/><div class=\"wpcf7-response-output\" aria-hidden=\"true\"><\/div>\n<input type=\"hidden\" name=\"trp-form-language\" value=\"de\"\/><\/form>\n<\/div>\n\n\n\n\t\t<\/div>\n\t\t\t\t\t<\/div>\n\n\t\n\n\n<style>\n#row-1572915927 > .col > .col-inner {\n  padding: 0px 55px 0px 55px;\n  background-color: rgb(0,0,0);\n}\n<\/style>\n<\/div>\n\n\t\t<\/div>\n\n\t\t\n<style>\n#section_270558998 {\n  padding-top: 38px;\n  padding-bottom: 38px;\n}\n#section_270558998 .section-bg-overlay {\n  background-color: #0a0a0a;\n}\n<\/style>\n\t<\/section>\n\t\n\n\t\t<\/div>\n\t\t\t\t\t<\/div>\n\n\t\n\n\n<style>\n#row-693768138 > .col > .col-inner {\n  background-color: #0a0a0a;\n}\n<\/style>\n<\/div>\t<\/div>\n\t\n\t <a href=\"https:\/\/cablesafe.com\/de\/contact\/\" class=\"button primary\" >\n\t\t<span>Preisliste anfordern<\/span>\n\t<\/a>","protected":false},"featured_media":6851,"comment_status":"open","ping_status":"closed","template":"","meta":{"inline_featured_image":false},"product_brand":[],"product_cat":[15],"product_tag":[],"class_list":{"0":"post-403","1":"product","2":"type-product","3":"status-publish","4":"has-post-thumbnail","6":"product_cat-uncategorized","8":"first","9":"instock","10":"taxable","11":"shipping-taxable","12":"product-type-simple"},"_links":{"self":[{"href":"https:\/\/cablesafe.com\/de\/wp-json\/wp\/v2\/product\/403","targetHints":{"allow":["GET"]}}],"collection":[{"href":"https:\/\/cablesafe.com\/de\/wp-json\/wp\/v2\/product"}],"about":[{"href":"https:\/\/cablesafe.com\/de\/wp-json\/wp\/v2\/types\/product"}],"replies":[{"embeddable":true,"href":"https:\/\/cablesafe.com\/de\/wp-json\/wp\/v2\/comments?post=403"}],"wp:featuredmedia":[{"embeddable":true,"href":"https:\/\/cablesafe.com\/de\/wp-json\/wp\/v2\/media\/6851"}],"wp:attachment":[{"href":"https:\/\/cablesafe.com\/de\/wp-json\/wp\/v2\/media?parent=403"}],"wp:term":[{"taxonomy":"product_brand","embeddable":true,"href":"https:\/\/cablesafe.com\/de\/wp-json\/wp\/v2\/product_brand?post=403"},{"taxonomy":"product_cat","embeddable":true,"href":"https:\/\/cablesafe.com\/de\/wp-json\/wp\/v2\/product_cat?post=403"},{"taxonomy":"product_tag","embeddable":true,"href":"https:\/\/cablesafe.com\/de\/wp-json\/wp\/v2\/product_tag?post=403"}],"curies":[{"name":"wp","href":"https:\/\/api.w.org\/{rel}","templated":true}]}}