{"id":1702,"date":"2015-03-04T02:32:54","date_gmt":"2015-03-04T02:32:54","guid":{"rendered":"https:\/\/cablesafe.com\/uncategorized\/5-channel-cable-guard\/"},"modified":"2024-04-26T12:27:43","modified_gmt":"2024-04-26T12:27:43","slug":"5-channel-cable-guard","status":"publish","type":"product","link":"https:\/\/cablesafe.com\/de\/5-channels\/5-channel-cable-guard\/","title":{"rendered":"5-Kanal-Kabelschutz"},"content":{"rendered":"<h2 class=\"p-rich_text_section\"><strong>Beschreibung<\/strong><\/h2>\n<p>5-Kanal-Kabelschutzvorrichtungen verringern das Risiko eines Stromschlags, wenn Kabel und Schl\u00e4uche den \u00e4u\u00dferen Elementen ausgesetzt sind. 5-Kanal-Kabelschutzvorrichtungen sind ein ideales Sicherheitswerkzeug, um Ausrutschen, Stolpern und St\u00fcrzen vorzubeugen. Die leichten 5-Kanal-Kabelschutzvorrichtungen sind f\u00fcr eine intensive Nutzung ausgelegt. CableSafe\u00ae 5 Channel Heavy Duty Cable Protectors sind die kosteneffektivste L\u00f6sung f\u00fcr hochbelastbare Kabelabschirmungen, die aus hochwertigen Materialien hergestellt werden.<\/p>\n<p>5-Kanal-Kabelschutzvorrichtungen sind das erforderliche Sicherheitswerkzeug, um diese Unf\u00e4lle zu verhindern und einen sicheren Durchgang zu erm\u00f6glichen. Cable Guards schaffen einen stolperfreien Gehweg, der Unf\u00e4lle durch Ausrutschen, Stolpern und St\u00fcrze aufgrund von Kabelb\u00fcndeln und Schl\u00e4uchen reduziert. Cable Guards bieten Schutz vor den Elementen im Freien. Die Cable Guards sind kosteneffektiv und speziell f\u00fcr den harten Einsatz mit Qualit\u00e4tsmaterialien entwickelt. Die Cable Guards haben eine Garantie von 2 Jahren unter normalen Betriebsbedingungen.<\/p>","protected":false},"excerpt":{"rendered":"<p><img loading=\"lazy\" decoding=\"async\" class=\"alignnone size-full wp-image-9576\" src=\"https:\/\/cablesafe.com\/wp-content\/uploads\/2015\/03\/Cable-Guard-land-rover-gif.gif\" alt=\"\" width=\"600\" height=\"338\" \/><\/p>\n<ul>\n<li>Material: Nicht leitendes, UV-stabilisiertes Polyurethan<\/li>\n<li>Abmessungen (MM): (L) 900 mm x (B) 500 mm (H) x 50 mm<\/li>\n<li>Gewicht: 9,8 kg (40% ist leichter als die Gummiversionen)<\/li>\n<li>Abmessungen des Kanals:\n<ul>\n<li>4 Kan\u00e4le: (B) 34 mm x (H) 36 mm<\/li>\n<li>1 Zentrum: (B) 40 mm x (H) 36 mm<\/li>\n<\/ul>\n<\/li>\n<li>Gewichtsbelastung NATA-Labor getestet pro Reifen f\u00fcr 5 Minuten: 6T<\/li>\n<li>F\u00fcnf-Kanal Cable Guard<\/li>\n<\/ul>\n<p><iframe loading=\"lazy\" title=\"YouTube-Video-Player\" src=\"https:\/\/www.youtube.com\/embed\/GDi_SrJCGHw\" width=\"560\" height=\"315\" frameborder=\"0\" allowfullscreen=\"allowfullscreen\"><\/iframe><\/p>","protected":false},"featured_media":7963,"comment_status":"closed","ping_status":"closed","template":"","meta":{"inline_featured_image":false},"product_brand":[],"product_cat":[33,31],"product_tag":[],"class_list":{"0":"post-1702","1":"product","2":"type-product","3":"status-publish","4":"has-post-thumbnail","6":"product_cat-5-channels","7":"product_cat-cable-guards","9":"first","10":"instock","11":"taxable","12":"shipping-taxable","13":"purchasable","14":"product-type-simple"},"_links":{"self":[{"href":"https:\/\/cablesafe.com\/de\/wp-json\/wp\/v2\/product\/1702","targetHints":{"allow":["GET"]}}],"collection":[{"href":"https:\/\/cablesafe.com\/de\/wp-json\/wp\/v2\/product"}],"about":[{"href":"https:\/\/cablesafe.com\/de\/wp-json\/wp\/v2\/types\/product"}],"replies":[{"embeddable":true,"href":"https:\/\/cablesafe.com\/de\/wp-json\/wp\/v2\/comments?post=1702"}],"wp:featuredmedia":[{"embeddable":true,"href":"https:\/\/cablesafe.com\/de\/wp-json\/wp\/v2\/media\/7963"}],"wp:attachment":[{"href":"https:\/\/cablesafe.com\/de\/wp-json\/wp\/v2\/media?parent=1702"}],"wp:term":[{"taxonomy":"product_brand","embeddable":true,"href":"https:\/\/cablesafe.com\/de\/wp-json\/wp\/v2\/product_brand?post=1702"},{"taxonomy":"product_cat","embeddable":true,"href":"https:\/\/cablesafe.com\/de\/wp-json\/wp\/v2\/product_cat?post=1702"},{"taxonomy":"product_tag","embeddable":true,"href":"https:\/\/cablesafe.com\/de\/wp-json\/wp\/v2\/product_tag?post=1702"}],"curies":[{"name":"wp","href":"https:\/\/api.w.org\/{rel}","templated":true}]}}