{"id":1700,"date":"2015-03-04T02:31:36","date_gmt":"2015-03-04T02:31:36","guid":{"rendered":"https:\/\/cablesafe.com\/uncategorized\/3-channel-cable-guard-small\/"},"modified":"2024-04-26T12:28:26","modified_gmt":"2024-04-26T12:28:26","slug":"3-channel-cable-guard-small","status":"publish","type":"product","link":"https:\/\/cablesafe.com\/de\/3-channels\/3-channel-cable-guard-small\/","title":{"rendered":"3-Kanal-Kabelschutz klein"},"content":{"rendered":"<h2 class=\"p-rich_text_section\"><strong>Beschreibung<\/strong><\/h2>\n<p>Hochbelastbare 3-Kanal-Kabelschutzgitter Kleiner Schutz f\u00fcr elektrische Kabel und Schl\u00e4uche. Unser 3-Kanal-Kabelschutz ist kleiner und leichter als unser regul\u00e4rer 3-Kanal-Kabelschutz. Dieser Kabelschutz ist ideal f\u00fcr die Verwendung mit kleineren Kabeln. Der Cable Guard hat immer noch 3 Kan\u00e4le, die daf\u00fcr sorgen, dass die Kabel gut organisiert werden k\u00f6nnen. Er reduziert Stolperunf\u00e4lle und sch\u00fctzt Kabel und Schl\u00e4uche vor dem Verkehr, was den Verschlei\u00df reduziert und die Lebensdauer der Kabel deutlich erh\u00f6ht. Heavy Duty Cable Guards reduzieren das Risiko von Stromschl\u00e4gen, wenn Kabel und Schl\u00e4uche den Elementen im Freien ausgesetzt sind.<\/p>\n<p>3 Channel Cable Guard Small sch\u00fctzen elektrische Kabel und Schl\u00e4uche im Au\u00dfenbereich, indem sie Stolperstellen f\u00fcr den Verkehr reduzieren und die Gefahr von Stromschl\u00e4gen verringern, wenn Kabel und Schl\u00e4uche den Elementen im Freien ausgesetzt sind. Cable Guards sind das erforderliche Sicherheitswerkzeug, um diese Unf\u00e4lle zu verhindern und einen sicheren Durchgang zu erm\u00f6glichen.<\/p>\n<p>Cable Guards schaffen einen stolperfreien Gehweg, der Ausrutsch-, Stolper- und Sturzunf\u00e4lle durch Kabelb\u00fcndel und Schl\u00e4uche reduziert. Cable Guards bieten Schutz vor den Elementen im Freien. Die Cable Guards sind kosteneffektiv und speziell f\u00fcr den harten Einsatz mit Qualit\u00e4tsmaterialien entwickelt. Die Cable Guards haben eine Garantie von 2 Jahren unter normalen Betriebsbedingungen.<\/p>","protected":false},"excerpt":{"rendered":"<p><img loading=\"lazy\" decoding=\"async\" class=\"alignnone size-full wp-image-9576\" src=\"https:\/\/cablesafe.com\/wp-content\/uploads\/2015\/03\/Cable-Guard-land-rover-gif.gif\" alt=\"\" width=\"600\" height=\"338\" \/><\/p>\n<ul>\n<li>Material: Nicht leitendes, UV-stabilisiertes Polyurethan<\/li>\n<li>Abmessungen: (L) 900 mm x (B) 300 mm x (H) 45 mm<\/li>\n<li>Gewicht: 5,4 kg (viel leichter als die Gummiversionen)<\/li>\n<li>Abmessungen der Rinne: (B) 30 mm x (H) 35 mm<\/li>\n<li>Gewichtsbelastung NATA-Labor getestet pro Reifen f\u00fcr 5 Minuten: 8T<\/li>\n<li>Dreikanal-Kabelschutz klein<\/li>\n<\/ul>\n<p><iframe loading=\"lazy\" title=\"YouTube-Video-Player\" src=\"https:\/\/www.youtube.com\/embed\/GDi_SrJCGHw\" width=\"560\" height=\"315\" frameborder=\"0\" allowfullscreen=\"allowfullscreen\"><\/iframe><\/p>","protected":false},"featured_media":7961,"comment_status":"closed","ping_status":"closed","template":"","meta":{"inline_featured_image":false},"product_brand":[],"product_cat":[32,31],"product_tag":[],"class_list":{"0":"post-1700","1":"product","2":"type-product","3":"status-publish","4":"has-post-thumbnail","6":"product_cat-3-channels","7":"product_cat-cable-guards","9":"first","10":"instock","11":"taxable","12":"shipping-taxable","13":"purchasable","14":"product-type-simple"},"_links":{"self":[{"href":"https:\/\/cablesafe.com\/de\/wp-json\/wp\/v2\/product\/1700","targetHints":{"allow":["GET"]}}],"collection":[{"href":"https:\/\/cablesafe.com\/de\/wp-json\/wp\/v2\/product"}],"about":[{"href":"https:\/\/cablesafe.com\/de\/wp-json\/wp\/v2\/types\/product"}],"replies":[{"embeddable":true,"href":"https:\/\/cablesafe.com\/de\/wp-json\/wp\/v2\/comments?post=1700"}],"wp:featuredmedia":[{"embeddable":true,"href":"https:\/\/cablesafe.com\/de\/wp-json\/wp\/v2\/media\/7961"}],"wp:attachment":[{"href":"https:\/\/cablesafe.com\/de\/wp-json\/wp\/v2\/media?parent=1700"}],"wp:term":[{"taxonomy":"product_brand","embeddable":true,"href":"https:\/\/cablesafe.com\/de\/wp-json\/wp\/v2\/product_brand?post=1700"},{"taxonomy":"product_cat","embeddable":true,"href":"https:\/\/cablesafe.com\/de\/wp-json\/wp\/v2\/product_cat?post=1700"},{"taxonomy":"product_tag","embeddable":true,"href":"https:\/\/cablesafe.com\/de\/wp-json\/wp\/v2\/product_tag?post=1700"}],"curies":[{"name":"wp","href":"https:\/\/api.w.org\/{rel}","templated":true}]}}