{"id":1699,"date":"2015-03-04T02:30:59","date_gmt":"2015-03-04T02:30:59","guid":{"rendered":"https:\/\/cablesafe.com\/uncategorized\/2-channel-cable-guard\/"},"modified":"2024-04-26T12:28:46","modified_gmt":"2024-04-26T12:28:46","slug":"2-channel-cable-guard","status":"publish","type":"product","link":"https:\/\/cablesafe.com\/de\/cable-guards\/2-channel-cable-guard\/","title":{"rendered":"2-Kanal-Kabelschutz"},"content":{"rendered":"<h2 class=\"p-rich_text_section\"><strong>Beschreibung<\/strong><\/h2>\n<p>Hochbelastbare 2-Kanal-Kabelschutzvorrichtungen schaffen einen stolperfreien Gehweg, der Ausrutsch-, Stolper- und Sturzunf\u00e4lle durch Kabel- und Schlauchkn\u00e4uel verhindert. CableSafe\u00ae Schwerlast-Kabelschutzvorrichtungen bieten Schutz vor den Elementen im Freien. Die leichtgewichtigen Schutzvorrichtungen sind f\u00fcr eine starke Beanspruchung ausgelegt. CableSafe\u00ae Schwerlast-Kabelschutzgitter sind die kosteng\u00fcnstigste L\u00f6sung f\u00fcr Schwerlast-Kabelschutzgitter, die mit hochwertigen Materialien entwickelt wurden.<\/p>\n<p>2-Kanal-Kabelschutzvorrichtungen sch\u00fctzen elektrische Kabel und Schl\u00e4uche im Au\u00dfenbereich, indem sie Stolperstellen f\u00fcr den Verkehr reduzieren und die Gefahr von Stromschl\u00e4gen verringern, wenn Kabel und Schl\u00e4uche den Elementen im Freien ausgesetzt sind. Kabelschutzvorrichtungen sind das erforderliche Sicherheitswerkzeug, um diese Unf\u00e4lle zu verhindern und einen sicheren Durchgang zu erm\u00f6glichen.<\/p>\n<p>Cable Guards schaffen einen stolperfreien Gehweg, der Ausrutsch-, Stolper- und Sturzunf\u00e4lle durch Kabelb\u00fcndel und Schl\u00e4uche reduziert. Cable Guards bieten Schutz vor den Elementen im Freien. Die Cable Guards sind kosteneffektiv und speziell f\u00fcr den harten Einsatz mit Qualit\u00e4tsmaterialien entwickelt. Die Cable Guards haben eine Garantie von 2 Jahren unter normalen Betriebsbedingungen.<\/p>","protected":false},"excerpt":{"rendered":"<p><img loading=\"lazy\" decoding=\"async\" class=\"alignnone size-full wp-image-9576\" src=\"https:\/\/cablesafe.com\/wp-content\/uploads\/2015\/03\/Cable-Guard-land-rover-gif.gif\" alt=\"\" width=\"600\" height=\"338\" \/><\/p>\n<ul>\n<li>Material: Nicht leitendes, UV-stabilisiertes Polyurethan<\/li>\n<li>Abmessungen (MM): (L) 1000 mm x (B) 250 mm x (H) 45 mm<\/li>\n<li>Gewicht: 4 kg (viel leichter als die Gummiversionen)<\/li>\n<li>Abmessungen der Rinne: (B) 35 mm x (H) 30 mm<\/li>\n<li>Gewichtsbelastung NATA-Labor getestet pro Reifen f\u00fcr 5 Minuten: 4T<\/li>\n<li>Zweikanal-Kabelw\u00e4chter<\/li>\n<\/ul>","protected":false},"featured_media":7960,"comment_status":"closed","ping_status":"closed","template":"","meta":{"inline_featured_image":false},"product_brand":[],"product_cat":[30,31],"product_tag":[],"class_list":{"0":"post-1699","1":"product","2":"type-product","3":"status-publish","4":"has-post-thumbnail","6":"product_cat-2-channels","7":"product_cat-cable-guards","9":"first","10":"instock","11":"taxable","12":"shipping-taxable","13":"purchasable","14":"product-type-simple"},"_links":{"self":[{"href":"https:\/\/cablesafe.com\/de\/wp-json\/wp\/v2\/product\/1699","targetHints":{"allow":["GET"]}}],"collection":[{"href":"https:\/\/cablesafe.com\/de\/wp-json\/wp\/v2\/product"}],"about":[{"href":"https:\/\/cablesafe.com\/de\/wp-json\/wp\/v2\/types\/product"}],"replies":[{"embeddable":true,"href":"https:\/\/cablesafe.com\/de\/wp-json\/wp\/v2\/comments?post=1699"}],"wp:featuredmedia":[{"embeddable":true,"href":"https:\/\/cablesafe.com\/de\/wp-json\/wp\/v2\/media\/7960"}],"wp:attachment":[{"href":"https:\/\/cablesafe.com\/de\/wp-json\/wp\/v2\/media?parent=1699"}],"wp:term":[{"taxonomy":"product_brand","embeddable":true,"href":"https:\/\/cablesafe.com\/de\/wp-json\/wp\/v2\/product_brand?post=1699"},{"taxonomy":"product_cat","embeddable":true,"href":"https:\/\/cablesafe.com\/de\/wp-json\/wp\/v2\/product_cat?post=1699"},{"taxonomy":"product_tag","embeddable":true,"href":"https:\/\/cablesafe.com\/de\/wp-json\/wp\/v2\/product_tag?post=1699"}],"curies":[{"name":"wp","href":"https:\/\/api.w.org\/{rel}","templated":true}]}}