{"id":12490,"date":"2024-06-19T15:47:25","date_gmt":"2024-06-19T15:47:25","guid":{"rendered":"https:\/\/cablesafe.com\/?post_type=product&#038;p=12490"},"modified":"2025-07-02T09:18:33","modified_gmt":"2025-07-02T09:18:33","slug":"adjustable-kick-plate","status":"publish","type":"product","link":"https:\/\/cablesafe.com\/de\/dropped-objects-prevention\/adjustable-kick-plate\/","title":{"rendered":"Einstellbare Trittplatte"},"content":{"rendered":"<h2 class=\"p-rich_text_section\"><strong>Beschreibung<\/strong><\/h2>\n<p>Das verstellbare Trittbrett sch\u00fctzt \u00d6ffnungen auf Plattformen, wenn die Gefahr besteht, dass Gegenst\u00e4nde und Werkzeuge aus der H\u00f6he fallen. Die Trittplatte oder das Bordbrett ist eine niedrige Schutzbarriere und ist einfach mit J-Bolzen, Muttern und Federstiften zu installieren. Die verstellbare Trittplatte ist als niedrige Schutzbarriere konzipiert und l\u00e4sst sich mit verzinkten J-Schrauben leicht auf Gitterrostb\u00f6den montieren. Das Fu\u00dfbrett kann alle Kanten\u00f6ffnungen sch\u00fctzen und ist in Standardgr\u00f6\u00dfen erh\u00e4ltlich. Der Vorteil des verstellbaren Bordblechs liegt in der Kostenersparnis, da Gitterrost\u00f6ffnungen direkt mit einem Bordbrett fertiggestellt und sicher verschlossen werden k\u00f6nnen. Die verstellbare Trittplatte ist kosteng\u00fcnstig und kann an verschiedenen Stellen wiederverwendet werden.<\/p>","protected":false},"excerpt":{"rendered":"<p>Die CableSafe\u00ae Adjustable Kick Plate ist eine niedrige Schutzbarriere. Das Toeboard oder die Kickplate sch\u00fctzt \u00d6ffnungen auf Plattformen, wenn die Gefahr besteht, dass Gegenst\u00e4nde und Werkzeuge aus der H\u00f6he fallen.<\/p>\n<a href=\"https:\/\/cablesafe.com\/de\/contact\/\" class=\"button primary\" >\n\t\t<span>Preisliste anfordern<\/span>\n\t<\/a>\n <a href=\"#datasheet-adjustable-kick-plate\" class=\"button primary\" >\n\t\t<span>Datenblatt<\/span>\n\t<\/a>\n\t<div id=\"datasheet-adjustable-kick-plate\"\n\t     class=\"lightbox-by-id lightbox-content mfp-hide lightbox-white\"\n\t     style=\"max-width:600px ;padding:20px\">\n\t\t\n<div class=\"wpcf7 no-js\" id=\"wpcf7-f12536-o1\" lang=\"en-US\" dir=\"ltr\" data-wpcf7-id=\"12536\">\n<div class=\"screen-reader-response\"><p role=\"status\" aria-live=\"polite\" aria-atomic=\"true\"><\/p> <ul><\/ul><\/div>\n<form action=\"\/de\/wp-json\/wp\/v2\/product\/12490#wpcf7-f12536-o1\" method=\"post\" class=\"wpcf7-form init\" aria-label=\"Kontakt-Formular\" novalidate=\"novalidate\" data-status=\"init\" data-trp-original-action=\"\/de\/wp-json\/wp\/v2\/product\/12490#wpcf7-f12536-o1\">\n<fieldset class=\"hidden-fields-container\"><input type=\"hidden\" name=\"_wpcf7\" value=\"12536\" \/><input type=\"hidden\" name=\"_wpcf7_version\" value=\"6.1.5\" \/><input type=\"hidden\" name=\"_wpcf7_locale\" value=\"en_US\" \/><input type=\"hidden\" name=\"_wpcf7_unit_tag\" value=\"wpcf7-f12536-o1\" \/><input type=\"hidden\" name=\"_wpcf7_container_post\" value=\"0\" \/><input type=\"hidden\" name=\"_wpcf7_posted_data_hash\" value=\"\" \/>\n<\/fieldset>\n<div class=\"cf7-builder-container-row1 cf7-builder-container-row-inner cf7-main-builder dropped ui-sortable-handle\" id=\"cf7-container-builder-2076861\">\n\t<div class=\"cf7-ctrl\">\n\t\t<div class=\"cf7-move\">\n\t\t<\/div>\n\t\t<div class=\"cf7-colunm\">\n\t\t<\/div>\n\t\t<div class=\"cf7-dub cf7-dub-row\">\n\t\t<\/div>\n\t\t<div class=\"cf7-remove\">\n\t\t<\/div>\n\t<\/div>\n\t<div class=\"cf7-row\">\n\t\t<div class=\"col-md-12\">\n\t\t\t<div class=\"cf7-builder-container-row-inner-drop ui-droppable ui-sortable\">\n\t\t\t<\/div>\n\t\t<\/div>\n\t<\/div>\n<\/div>\n<div class=\"cf7-builder-container-row1 cf7-builder-container-row-inner cf7-main-builder dropped ui-sortable-handle\" id=\"cf7-container-builder-1511681290919\">\n\t<div class=\"cf7-ctrl\">\n\t\t<div class=\"cf7-move\">\n\t\t<\/div>\n\t\t<div class=\"cf7-colunm\">\n\t\t<\/div>\n\t\t<div class=\"cf7-dub cf7-dub-row\">\n\t\t<\/div>\n\t\t<div class=\"cf7-remove\">\n\t\t<\/div>\n\t<\/div>\n\t<div class=\"cf7-row\">\n\t\t<div class=\"col-md-4\">\n\t\t\t<div class=\"cf7-builder-container-row-inner-drop ui-droppable ui-sortable\">\n\t\t\t\t<div class=\"cf7-text cf7-main-builder dropped ui-sortable-handle\" id=\"cf7-container-builder-1542036023543\">\n\t\t\t\t\t<div class=\"cf7-ctrl cf7-ctrl-inner\">\n\t\t\t\t\t\t<div class=\"cf7-move\">\n\t\t\t\t\t\t<\/div>\n\t\t\t\t\t\t<div class=\"cf7-edit\">\n\t\t\t\t\t\t<\/div>\n\t\t\t\t\t\t<div class=\"cf7-dub cf7-dub-text\">\n\t\t\t\t\t\t<\/div>\n\t\t\t\t\t\t<div class=\"cf7-remove\">\n\t\t\t\t\t\t<\/div>\n\t\t\t\t\t<\/div>\n\t\t\t\t\t<div class=\"cf7_text_label\">\n\t\t\t\t\t<\/div>\n\t\t\t\t\t<div class=\"cf7_font\">\n\t\t\t\t\t<\/div>\n\t\t\t\t\t<div class=\"cf7_text_shortcode\">\n\t\t\t\t\t\t<p><span class=\"wpcf7-form-control-wrap\" data-name=\"your-name\"><input size=\"40\" maxlength=\"400\" class=\"wpcf7-form-control wpcf7-text wpcf7-validates-as-required\" aria-required=\"true\" aria-invalid=\"false\" placeholder=\"Name\" value=\"\" type=\"text\" name=\"your-name\" \/><\/span>\n\t\t\t\t\t\t<\/p>\n\t\t\t\t\t<\/div>\n\t\t\t\t<\/div>\n\t\t\t<\/div>\n\t\t<\/div>\n\t\t<div class=\"col-md-4\">\n\t\t\t<div class=\"cf7-builder-container-row-inner-drop ui-droppable ui-sortable\">\n\t\t\t\t<div class=\"cf7-text cf7-main-builder dropped ui-sortable-helper ui-sortable-handle\" id=\"cf7-container-builder-1540346637666\">\n\t\t\t\t\t<div class=\"cf7-ctrl cf7-ctrl-inner\">\n\t\t\t\t\t\t<div class=\"cf7-move\">\n\t\t\t\t\t\t<\/div>\n\t\t\t\t\t\t<div class=\"cf7-edit\">\n\t\t\t\t\t\t<\/div>\n\t\t\t\t\t\t<div class=\"cf7-dub cf7-dub-text\">\n\t\t\t\t\t\t<\/div>\n\t\t\t\t\t\t<div class=\"cf7-remove\">\n\t\t\t\t\t\t<\/div>\n\t\t\t\t\t<\/div>\n\t\t\t\t\t<div class=\"cf7_text_label\">\n\t\t\t\t\t<\/div>\n\t\t\t\t\t<div class=\"cf7_font\">\n\t\t\t\t\t<\/div>\n\t\t\t\t\t<div class=\"cf7_text_shortcode\">\n\t\t\t\t\t\t<p><span class=\"wpcf7-form-control-wrap\" data-name=\"your-email\"><input size=\"40\" maxlength=\"400\" class=\"wpcf7-form-control wpcf7-email wpcf7-validates-as-required wpcf7-text wpcf7-validates-as-email\" aria-required=\"true\" aria-invalid=\"false\" placeholder=\"E-Mail\" value=\"\" type=\"email\" name=\"your-email\" \/><\/span>\n\t\t\t\t\t\t<\/p>\n\t\t\t\t\t<\/div>\n\t\t\t\t<\/div>\n\t\t\t<\/div>\n\t\t<\/div>\n\t\t<div class=\"col-md-4\">\n\t\t\t<div class=\"cf7-builder-container-row-inner-drop ui-droppable ui-sortable\">\n\t\t\t\t<div class=\"cf7-text cf7-main-builder dropped ui-sortable-helper ui-sortable-handle\" id=\"cf7-container-builder-1541512858144\">\n\t\t\t\t\t<div class=\"cf7-ctrl cf7-ctrl-inner\">\n\t\t\t\t\t\t<div class=\"cf7-move\">\n\t\t\t\t\t\t<\/div>\n\t\t\t\t\t\t<div class=\"cf7-edit\">\n\t\t\t\t\t\t<\/div>\n\t\t\t\t\t\t<div class=\"cf7-dub cf7-dub-text\">\n\t\t\t\t\t\t<\/div>\n\t\t\t\t\t\t<div class=\"cf7-remove\">\n\t\t\t\t\t\t<\/div>\n\t\t\t\t\t<\/div>\n\t\t\t\t\t<div class=\"cf7_text_label\">\n\t\t\t\t\t<\/div>\n\t\t\t\t\t<div class=\"cf7_font\">\n\t\t\t\t\t<\/div>\n\t\t\t\t\t<div class=\"cf7_text_shortcode\">\n\t\t\t\t\t\t<p><span class=\"wpcf7-form-control-wrap\" data-name=\"telephone-number\"><input size=\"40\" maxlength=\"400\" class=\"wpcf7-form-control wpcf7-tel wpcf7-text wpcf7-validates-as-tel\" aria-invalid=\"false\" placeholder=\"Rufnummer\" value=\"\" type=\"tel\" name=\"telephone-number\" \/><\/span>\n\t\t\t\t\t\t<\/p>\n\t\t\t\t\t<\/div>\n\t\t\t\t<\/div>\n\t\t\t<\/div>\n\t\t<\/div>\n\t<\/div>\n<\/div>\n<div class=\"cf7-builder-container-row1 cf7-builder-container-row-inner cf7-main-builder dropped ui-sortable-handle\" id=\"cf7-container-builder-3714420\">\n\t<div class=\"cf7-ctrl\">\n\t\t<div class=\"cf7-move\">\n\t\t<\/div>\n\t\t<div class=\"cf7-colunm\">\n\t\t<\/div>\n\t\t<div class=\"cf7-dub cf7-dub-row\">\n\t\t<\/div>\n\t\t<div class=\"cf7-remove\">\n\t\t<\/div>\n\t<\/div>\n\t<div class=\"cf7-row\">\n\t\t<div class=\"col-md-4\">\n\t\t\t<div class=\"cf7-builder-container-row-inner-drop ui-droppable ui-sortable\">\n\t\t\t\t<div class=\"cf7-text cf7-main-builder dropped ui-sortable-helper ui-sortable-handle\" id=\"cf7-container-builder-1540346622559\">\n\t\t\t\t\t<div class=\"cf7-ctrl cf7-ctrl-inner\">\n\t\t\t\t\t\t<div class=\"cf7-move\">\n\t\t\t\t\t\t<\/div>\n\t\t\t\t\t\t<div class=\"cf7-edit\">\n\t\t\t\t\t\t<\/div>\n\t\t\t\t\t\t<div class=\"cf7-dub cf7-dub-text\">\n\t\t\t\t\t\t<\/div>\n\t\t\t\t\t\t<div class=\"cf7-remove\">\n\t\t\t\t\t\t<\/div>\n\t\t\t\t\t<\/div>\n\t\t\t\t\t<div class=\"cf7_text_label\">\n\t\t\t\t\t<\/div>\n\t\t\t\t\t<div class=\"cf7_font\">\n\t\t\t\t\t<\/div>\n\t\t\t\t\t<div class=\"cf7_text_shortcode\">\n\t\t\t\t\t\t<p><span class=\"wpcf7-form-control-wrap\" data-name=\"your-company\"><input size=\"40\" maxlength=\"400\" class=\"wpcf7-form-control wpcf7-text wpcf7-validates-as-required\" aria-required=\"true\" aria-invalid=\"false\" placeholder=\"Unternehmen\" value=\"\" type=\"text\" name=\"your-company\" \/><\/span>\n\t\t\t\t\t\t<\/p>\n\t\t\t\t\t<\/div>\n\t\t\t\t<\/div>\n\t\t\t<\/div>\n\t\t<\/div>\n\t\t<div class=\"col-md-4\">\n\t\t\t<div class=\"cf7-builder-container-row-inner-drop ui-droppable ui-sortable\">\n\t\t\t\t<div class=\"cf7-text cf7-main-builder dropped ui-sortable-handle\" id=\"cf7-container-builder-6729260\">\n\t\t\t\t\t<div class=\"cf7-ctrl cf7-ctrl-inner\">\n\t\t\t\t\t\t<div class=\"cf7-move\">\n\t\t\t\t\t\t<\/div>\n\t\t\t\t\t\t<div class=\"cf7-edit\">\n\t\t\t\t\t\t<\/div>\n\t\t\t\t\t\t<div class=\"cf7-dub cf7-dub-text\">\n\t\t\t\t\t\t<\/div>\n\t\t\t\t\t\t<div class=\"cf7-remove\">\n\t\t\t\t\t\t<\/div>\n\t\t\t\t\t<\/div>\n\t\t\t\t\t<div class=\"cf7_text_label\">\n\t\t\t\t\t<\/div>\n\t\t\t\t\t<div class=\"cf7_font\">\n\t\t\t\t\t<\/div>\n\t\t\t\t\t<div class=\"cf7_text_shortcode\">\n\t\t\t\t\t\t<p><span class=\"wpcf7-form-control-wrap\" data-name=\"your-country\"><input size=\"40\" maxlength=\"400\" class=\"wpcf7-form-control wpcf7-text\" aria-invalid=\"false\" placeholder=\"Land\" value=\"\" type=\"text\" name=\"your-country\" \/><\/span>\n\t\t\t\t\t\t<\/p>\n\t\t\t\t\t<\/div>\n\t\t\t\t<\/div>\n\t\t\t<\/div>\n\t\t<\/div>\n\t\t<div class=\"col-md-4\">\n\t\t\t<div class=\"cf7-builder-container-row-inner-drop ui-droppable ui-sortable\">\n\t\t\t<\/div>\n\t\t<\/div>\n\t<\/div>\n<\/div>\n<div class=\"cf7-builder-container-row1 cf7-builder-container-row-inner cf7-main-builder dropped ui-sortable-handle\" id=\"cf7-container-builder-1449213\">\n\t<div class=\"cf7-ctrl\">\n\t\t<div class=\"cf7-move\">\n\t\t<\/div>\n\t\t<div class=\"cf7-colunm\">\n\t\t<\/div>\n\t\t<div class=\"cf7-dub cf7-dub-row\">\n\t\t<\/div>\n\t\t<div class=\"cf7-remove\">\n\t\t<\/div>\n\t<\/div>\n\t<div class=\"cf7-row\">\n\t\t<div class=\"col-md-4\">\n\t\t\t<div class=\"cf7-builder-container-row-inner-drop ui-droppable ui-sortable\">\n\t\t\t\t<div class=\"cf7-text cf7-main-builder dropped ui-sortable-helper ui-sortable-handle\" id=\"cf7-container-builder-1541759239890\">\n\t\t\t\t\t<div class=\"cf7-ctrl cf7-ctrl-inner\">\n\t\t\t\t\t\t<div class=\"cf7-move\">\n\t\t\t\t\t\t<\/div>\n\t\t\t\t\t\t<div class=\"cf7-edit\">\n\t\t\t\t\t\t<\/div>\n\t\t\t\t\t\t<div class=\"cf7-dub cf7-dub-text\">\n\t\t\t\t\t\t<\/div>\n\t\t\t\t\t\t<div class=\"cf7-remove\">\n\t\t\t\t\t\t<\/div>\n\t\t\t\t\t<\/div>\n\t\t\t\t\t<div class=\"cf7_text_label\">\n\t\t\t\t\t<\/div>\n\t\t\t\t\t<div class=\"cf7_font\">\n\t\t\t\t\t<\/div>\n\t\t\t\t\t<div class=\"cf7_text_shortcode\">\n\t\t\t\t\t\t<p><input class=\"wpcf7-form-control wpcf7-submit has-spinner\" type=\"submit\" value=\"Senden Sie\" \/>\n\t\t\t\t\t\t<\/p>\n\t\t\t\t\t<\/div>\n\t\t\t\t<\/div>\n\t\t\t<\/div>\n\t\t<\/div>\n\t<\/div>\n<\/div><input type=\"hidden\" id=\"ct_checkjs_cf7_c74d97b01eae257e44aa9d5bade97baf\" name=\"ct_checkjs_cf7\" value=\"0\" \/><script >setTimeout(function(){var ct_input_name = \"ct_checkjs_cf7_c74d97b01eae257e44aa9d5bade97baf\";if (document.getElementById(ct_input_name) !== null) {var ct_input_value = document.getElementById(ct_input_name).value;document.getElementById(ct_input_name).value = document.getElementById(ct_input_name).value.replace(ct_input_value, '1212470687');}}, 1000);<\/script><input\n                    class=\"apbct_special_field apbct_email_id__wp_contact_form_7\"\n                    name=\"apbct__email_id__wp_contact_form_7\"\n                    aria-label=\"apbct__label_id__wp_contact_form_7\"\n                    type=\"text\" size=\"30\" maxlength=\"200\" autocomplete=\"off\"\n                    value=\"\"\n                \/><div class=\"wpcf7-response-output\" aria-hidden=\"true\"><\/div>\n<input type=\"hidden\" name=\"trp-form-language\" value=\"de\"\/><\/form>\n<\/div>\n\t<\/div>","protected":false},"featured_media":15171,"comment_status":"open","ping_status":"closed","template":"","meta":{"inline_featured_image":false},"product_brand":[],"product_cat":[21],"product_tag":[],"class_list":{"0":"post-12490","1":"product","2":"type-product","3":"status-publish","4":"has-post-thumbnail","6":"product_cat-dropped-objects-prevention","8":"first","9":"instock","10":"taxable","11":"shipping-taxable","12":"product-type-simple"},"_links":{"self":[{"href":"https:\/\/cablesafe.com\/de\/wp-json\/wp\/v2\/product\/12490","targetHints":{"allow":["GET"]}}],"collection":[{"href":"https:\/\/cablesafe.com\/de\/wp-json\/wp\/v2\/product"}],"about":[{"href":"https:\/\/cablesafe.com\/de\/wp-json\/wp\/v2\/types\/product"}],"replies":[{"embeddable":true,"href":"https:\/\/cablesafe.com\/de\/wp-json\/wp\/v2\/comments?post=12490"}],"wp:featuredmedia":[{"embeddable":true,"href":"https:\/\/cablesafe.com\/de\/wp-json\/wp\/v2\/media\/15171"}],"wp:attachment":[{"href":"https:\/\/cablesafe.com\/de\/wp-json\/wp\/v2\/media?parent=12490"}],"wp:term":[{"taxonomy":"product_brand","embeddable":true,"href":"https:\/\/cablesafe.com\/de\/wp-json\/wp\/v2\/product_brand?post=12490"},{"taxonomy":"product_cat","embeddable":true,"href":"https:\/\/cablesafe.com\/de\/wp-json\/wp\/v2\/product_cat?post=12490"},{"taxonomy":"product_tag","embeddable":true,"href":"https:\/\/cablesafe.com\/de\/wp-json\/wp\/v2\/product_tag?post=12490"}],"curies":[{"name":"wp","href":"https:\/\/api.w.org\/{rel}","templated":true}]}}