{"id":7984,"date":"2021-05-25T12:21:48","date_gmt":"2021-05-25T12:21:48","guid":{"rendered":"https:\/\/cablesafe.com\/?page_id=7984"},"modified":"2021-11-18T15:17:37","modified_gmt":"2021-11-18T15:17:37","slug":"return-policy","status":"publish","type":"page","link":"https:\/\/cablesafe.com\/de\/return-policy\/","title":{"rendered":"R\u00fcckgabepolitik"},"content":{"rendered":"<div class=\"row\"  id=\"row-1299873841\">\n\n\n\t<div id=\"col-1681584027\" class=\"col small-12 large-12\"  >\n\t\t\t\t<div class=\"col-inner\"  >\n\t\t\t\n\t\t\t\n\n<h5 class=\"uppercase\">R\u00dcCKGABE-POLITIK<\/h5>\n<div>Wir akzeptieren keine R\u00fcckgabe oder Umtausch, es sei denn, der von Ihnen gekaufte Artikel ist defekt. Wenn Sie einen defekten Artikel erhalten, kontaktieren Sie uns bitte unter info@cablesafe.com mit Details zum Produkt und dem Defekt. Sie k\u00f6nnen den Artikel, den Sie f\u00fcr defekt halten, an folgende Adresse schicken:<\/div>\n<div>&nbsp;<\/div>\n<div>CableSafe \/ Westmark B.V.<\/div>\n<div>Arnhemseweg 87, 3832 GK Leusden<\/div>\n<div>T: +31334614844<\/div>\n<div>E: info@cablesafe.com<\/div>\n<div>&nbsp;<\/div>\n<div>Nach Erhalt des zur\u00fcckgesandten Produkts werden wir es vollst\u00e4ndig pr\u00fcfen und Ihnen innerhalb einer angemessenen Frist per E-Mail mitteilen, ob Sie aufgrund des Mangels Anspruch auf eine Erstattung oder einen Ersatz haben. Wenn Sie Anspruch auf einen Ersatz oder eine R\u00fcckerstattung haben, werden wir das Produkt ersetzen oder den Kaufpreis zur\u00fcckerstatten, wobei die urspr\u00fcngliche Zahlungsmethode verwendet wird.<\/div>\n\n\t\t<\/div>\n\t\t\t\t\t<\/div>\n\n\t\n\n<\/div>","protected":false},"excerpt":{"rendered":"","protected":false},"author":4,"featured_media":8826,"parent":0,"menu_order":0,"comment_status":"closed","ping_status":"closed","template":"","meta":{"inline_featured_image":false,"footnotes":""},"class_list":["post-7984","page","type-page","status-publish","has-post-thumbnail","hentry"],"_links":{"self":[{"href":"https:\/\/cablesafe.com\/de\/wp-json\/wp\/v2\/pages\/7984","targetHints":{"allow":["GET"]}}],"collection":[{"href":"https:\/\/cablesafe.com\/de\/wp-json\/wp\/v2\/pages"}],"about":[{"href":"https:\/\/cablesafe.com\/de\/wp-json\/wp\/v2\/types\/page"}],"author":[{"embeddable":true,"href":"https:\/\/cablesafe.com\/de\/wp-json\/wp\/v2\/users\/4"}],"replies":[{"embeddable":true,"href":"https:\/\/cablesafe.com\/de\/wp-json\/wp\/v2\/comments?post=7984"}],"version-history":[{"count":0,"href":"https:\/\/cablesafe.com\/de\/wp-json\/wp\/v2\/pages\/7984\/revisions"}],"wp:featuredmedia":[{"embeddable":true,"href":"https:\/\/cablesafe.com\/de\/wp-json\/wp\/v2\/media\/8826"}],"wp:attachment":[{"href":"https:\/\/cablesafe.com\/de\/wp-json\/wp\/v2\/media?parent=7984"}],"curies":[{"name":"wp","href":"https:\/\/api.w.org\/{rel}","templated":true}]}}