{"id":13311,"date":"2024-06-26T12:37:05","date_gmt":"2024-06-26T12:37:05","guid":{"rendered":"https:\/\/cablesafe.com\/?page_id=13311"},"modified":"2024-07-04T13:10:48","modified_gmt":"2024-07-04T13:10:48","slug":"cable-bridges","status":"publish","type":"page","link":"https:\/\/cablesafe.com\/de\/cable-bridges\/","title":{"rendered":"Kabelbr\u00fccken"},"content":{"rendered":"<section class=\"section\" id=\"section_10066009\">\n\t\t<div class=\"section-bg fill\" >\n\t\t\t<img loading=\"lazy\" decoding=\"async\" width=\"1198\" height=\"800\" src=\"https:\/\/cablesafe.com\/wp-content\/uploads\/2023\/07\/Ontwerp-zonder-titel-9.jpg\" class=\"bg attachment-original size-original\" alt=\"\" \/>\t\t\t\t\t\t\n\t\t\t\n\n\t\t<\/div>\n\n\t\t\n\n\t\t<div class=\"section-content relative\">\n\t\t\t\n\n<div class=\"row\" style=\"max-width:1300px\" id=\"row-143997682\">\n\n\n\t<div id=\"col-271334757\" class=\"col medium-11 small-12 large-7\"  >\n\t\t\t\t<div class=\"col-inner\"  >\n\t\t\t\n\t\t\t\n\n\t<div id=\"text-855134683\" class=\"text\">\n\t\t\n\n<h2 class=\"uppercase\">Kabelbr\u00fccken<\/h2>\n\t\t\n<style>\n#text-855134683 {\n  font-size: 1.25rem;\n}\n@media (min-width:550px) {\n  #text-855134683 {\n    font-size: 2.25rem;\n  }\n}\n<\/style>\n\t<\/div>\n\t\n\n\t\t<\/div>\n\t\t\t\t\n<style>\n#col-271334757 > .col-inner {\n  padding: 30px 30px 10px 40px;\n}\n<\/style>\n\t<\/div>\n\n\t\n\n\n<style>\n#row-143997682 > .col > .col-inner {\n  background-color: rgb(255, 214, 80);\n}\n<\/style>\n<\/div>\n\n\t\t<\/div>\n\n\t\t\n<style>\n#section_10066009 {\n  padding-top: 30px;\n  padding-bottom: 30px;\n  min-height: 400px;\n}\n#section_10066009 .section-bg img {\n  object-position: 100% 11%;\n}\n@media (min-width:550px) {\n  #section_10066009 {\n    min-height: 600px;\n  }\n}\n@media (min-width:850px) {\n  #section_10066009 {\n    min-height: 600px;\n  }\n}\n<\/style>\n\t<\/section>\n\t\n\n\t<section class=\"section\" id=\"section_1223853573\">\n\t\t<div class=\"section-bg fill\" >\n\t\t\t\t\t\t\t\t\t\n\t\t\t\n\n\t\t<\/div>\n\n\t\t\n\n\t\t<div class=\"section-content relative\">\n\t\t\t\n\n<div class=\"row align-center\" style=\"max-width:1300px\" id=\"row-1126035327\">\n\n\n\t<div id=\"col-225034127\" class=\"col medium-11 small-12 large-9\"  >\n\t\t\t\t<div class=\"col-inner\"  >\n\t\t\t\n\t\t\t\n\n<div class=\"text-center\"><div class=\"is-divider divider clearfix\" style=\"margin-top:15.2px;margin-bottom:15.2px;max-width:150px;height:8px;background-color:rgb(254, 215, 80);\"><\/div><\/div>\n\n\t<div id=\"text-3513087710\" class=\"text\">\n\t\t\n\n<h3>Cable Bridges bietet robuste L\u00f6sungen f\u00fcr elektrische Kabel und tempor\u00e4res Kabelmanagement.<\/h3>\n\t\t\n<style>\n#text-3513087710 {\n  font-size: 1.75rem;\n  text-align: center;\n}\n@media (min-width:550px) {\n  #text-3513087710 {\n    font-size: 1.25rem;\n  }\n}\n@media (min-width:850px) {\n  #text-3513087710 {\n    font-size: 1.75rem;\n  }\n}\n<\/style>\n\t<\/div>\n\t\n\t<div id=\"text-1155320555\" class=\"text\">\n\t\t\n\n<p>Kabelbr\u00fccken werden zur Verwaltung und Organisation von Kabeln in verschiedenen Umgebungen verwendet, um sicherzustellen, dass sie sicher \u00fcber Gehwegen aufgeh\u00e4ngt sind und Stolperfallen vermieden werden. Unser Angebot an Kabelbr\u00fccken bietet robuste L\u00f6sungen f\u00fcr elektrische Kabel und tempor\u00e4res Kabelmanagement und erh\u00f6ht die Kabelsicherheit.<\/p>\n\t\t\n<style>\n#text-1155320555 {\n  font-size: 1rem;\n  text-align: center;\n}\n@media (min-width:550px) {\n  #text-1155320555 {\n    font-size: 1rem;\n  }\n}\n<\/style>\n\t<\/div>\n\t\n\n\t\t<\/div>\n\t\t\t\t\t<\/div>\n\n\t\n\n\t<div id=\"col-1122747930\" class=\"col medium-4 small-12 large-4\"  >\n\t\t\t\t<div class=\"col-inner\"  >\n\t\t\t\n\t\t\t\n\n\t\n  \n    <div class=\"row large-columns-1 medium-columns- small-columns- row-small slider row-slider slider-nav-reveal slider-nav-push\"  data-flickity-options='{&quot;imagesLoaded&quot;: true, &quot;groupCells&quot;: &quot;100%&quot;, &quot;dragThreshold&quot; : 5, &quot;cellAlign&quot;: &quot;left&quot;,&quot;wrapAround&quot;: true,&quot;prevNextButtons&quot;: true,&quot;percentPosition&quot;: true,&quot;pageDots&quot;: false, &quot;rightToLeft&quot;: false, &quot;autoPlay&quot; : false}' >\n\n  \n\t     <div class=\"product-small col has-hover product type-product post-399 status-publish first instock product_cat-cable-safety has-post-thumbnail taxable shipping-taxable product-type-simple\">\n\t<div class=\"col-inner\">\n\t\n<div class=\"badge-container absolute left top z-1\">\n\n<\/div>\n\t<div class=\"product-small box\">\n\t\t<div class=\"box-image\">\n\t\t\t<div class=\"image-fade_in_back\">\n\t\t\t\t<a href=\"https:\/\/cablesafe.com\/de\/cable-safety\/cable-bridge\/\">\n\t\t\t\t\t<img loading=\"lazy\" decoding=\"async\" width=\"300\" height=\"300\" src=\"https:\/\/cablesafe.com\/wp-content\/uploads\/2021\/01\/Bridge-300x300.jpg\" class=\"attachment-woocommerce_thumbnail size-woocommerce_thumbnail\" alt=\"Cable Bridge\" srcset=\"https:\/\/cablesafe.com\/wp-content\/uploads\/2021\/01\/Bridge-300x300.jpg 300w, https:\/\/cablesafe.com\/wp-content\/uploads\/2021\/01\/Bridge-280x280.jpg 280w, https:\/\/cablesafe.com\/wp-content\/uploads\/2021\/01\/Bridge-100x100.jpg 100w\" sizes=\"auto, (max-width: 300px) 100vw, 300px\" \/><img loading=\"lazy\" decoding=\"async\" width=\"300\" height=\"300\" src=\"https:\/\/cablesafe.com\/wp-content\/uploads\/2021\/01\/Bridge.-2JPG-300x300.jpg\" class=\"show-on-hover absolute fill hide-for-small back-image\" alt=\"Alternative view of Cable Bridge\" aria-hidden=\"true\" srcset=\"https:\/\/cablesafe.com\/wp-content\/uploads\/2021\/01\/Bridge.-2JPG-300x300.jpg 300w, https:\/\/cablesafe.com\/wp-content\/uploads\/2021\/01\/Bridge.-2JPG-280x280.jpg 280w, https:\/\/cablesafe.com\/wp-content\/uploads\/2021\/01\/Bridge.-2JPG-100x100.jpg 100w\" sizes=\"auto, (max-width: 300px) 100vw, 300px\" \/>\t\t\t\t<\/a>\n\t\t\t<\/div>\n\t\t\t<div class=\"image-tools is-small top right show-on-hover\">\n\t\t\t\t\t\t\t<\/div>\n\t\t\t<div class=\"image-tools is-small hide-for-small bottom left show-on-hover\">\n\t\t\t\t\t\t\t<\/div>\n\t\t\t<div class=\"image-tools grid-tools text-center hide-for-small bottom hover-slide-in show-on-hover\">\n\t\t\t\t\t\t\t<\/div>\n\t\t\t\t\t<\/div>\n\n\t\t<div class=\"box-text box-text-products\">\n\t\t\t<div class=\"title-wrapper\">\t\t<p class=\"category uppercase is-smaller no-text-overflow product-cat op-8\">\n\t\t\tSicherheit am Kabel\t\t<\/p>\n\t<p class=\"name product-title woocommerce-loop-product__title\"><a href=\"https:\/\/cablesafe.com\/de\/cable-safety\/cable-bridge\/\" class=\"woocommerce-LoopProduct-link woocommerce-loop-product__link\">Kabelbr\u00fccke<\/a><\/p><\/div><div class=\"price-wrapper\">\n<\/div>\t\t<\/div>\n\t<\/div>\n\t        <div class=\"quote-form\">         <!-- Button trigger modal -->\n                        <button type=\"button\" class=\"button wdm_enquiry\" id=\"wdm-quoteup-trigger-399\"  data-toggle=\"wdm-quoteup-modal\" data-target=\"#wdm-quoteup-modal\"\n                style = \"&#039;color:#ffffff;border-color:#0a0909;background:\" #0a0000;border-color:#0a0909;background: -webkit-linear-gradient(bottom,#0a0000, #0a0000);background: -o-linear-gradient(bottom,#0a0000, -moz-linear-gradient(bottom,#0a0000, #0a0000);filter:progid:dximagetransform.microsoft.gradient(gradienttype =\"0,startColorstr=#0a0000,\" endcolorstr=\"#0a0000);-ms-filter:\" progid:dximagetransform.microsoft.gradient(gradienttype=\"0,startColorstr=#0a0000,\" linear-gradient(#0a0000, #0a0000)&#039;>\n                ZUM ANGEBOT HINZUF\u00dcGEN                <\/button>\n                        <input type='hidden' name='author_email' id='author_email' value='louenlouonlinemarketing@gmail.com'>\n        <input type='hidden' name='wdmLocale' id='wdmLocale' value='de'>\n                <\/div><!--\/contact form or btn-->\n                \t<\/div>\n<\/div><\/div>\n\n\n\t\t<\/div>\n\t\t\t\t\t<\/div>\n\n\t\n\n<\/div>\n\n\t\t<\/div>\n\n\t\t\n<style>\n#section_1223853573 {\n  padding-top: 60px;\n  padding-bottom: 60px;\n}\n@media (min-width:550px) {\n  #section_1223853573 {\n    padding-top: 32px;\n    padding-bottom: 32px;\n  }\n}\n<\/style>\n\t<\/section>\n\t\n\t<div id=\"gap-856428378\" class=\"gap-element clearfix\" style=\"display:block; height:auto;\">\n\t\t\n<style>\n#gap-856428378 {\n  padding-top: 30px;\n}\n<\/style>\n\t<\/div>\n\t\n\n\n\t<section class=\"section dark\" id=\"section_1638674313\">\n\t\t<div class=\"section-bg fill\" >\n\t\t\t\t\t\t\t\t\t\n\t\t\t\n\t<div class=\"is-border\"\n\t\tstyle=\"border-color:rgb(254, 215, 80);border-width:8px 0px 0px 0px;\">\n\t<\/div>\n\n\t\t<\/div>\n\n\t\t\n\n\t\t<div class=\"section-content relative\">\n\t\t\t\n\n<div class=\"row align-middle align-center\" style=\"max-width:1300px\" id=\"row-131040923\">\n\n\n\t<div id=\"col-1534895144\" class=\"col medium-10 small-12 large-4\"  >\n\t\t\t\t<div class=\"col-inner\"  >\n\t\t\t\n\t\t\t\n\n\t<div id=\"text-4009629495\" class=\"text\">\n\t\t\n\n<h6><span style=\"color: #fed750;\">Kontakt<\/span><\/h6>\n\t\t\n<style>\n#text-4009629495 {\n  text-align: left;\n}\n<\/style>\n\t<\/div>\n\t\n\t<div id=\"text-1094080105\" class=\"text\">\n\t\t\n\n<h2>Haben Sie Fragen? <br \/>Kontakt aufnehmen<\/h2>\n\t\t\n<style>\n#text-1094080105 {\n  font-size: 1.75rem;\n  text-align: left;\n}\n<\/style>\n\t<\/div>\n\t\n<div class=\"is-divider divider clearfix\" style=\"margin-top:0px;margin-bottom:0px;max-width:800px;height:1px;background-color:rgb(254, 215, 80);\"><\/div>\n\n\t<div id=\"gap-917246487\" class=\"gap-element clearfix\" style=\"display:block; height:auto;\">\n\t\t\n<style>\n#gap-917246487 {\n  padding-top: 30px;\n}\n<\/style>\n\t<\/div>\n\t\n\n\t<div id=\"text-3021928157\" class=\"text\">\n\t\t\n\n<p>Cablesafe ist hier, um Ihnen weitere Informationen zu geben, Ihre Fragen zu beantworten und eine effektive L\u00f6sung f\u00fcr Ihre Sicherheitsbed\u00fcrfnisse zu finden, einschlie\u00dflich Kabelmanagement-Schienenl\u00f6sungen.<\/p>\n\t\t\n<style>\n#text-3021928157 {\n  text-align: left;\n}\n<\/style>\n\t<\/div>\n\t\n\t<div id=\"gap-1701164201\" class=\"gap-element clearfix\" style=\"display:block; height:auto;\">\n\t\t\n<style>\n#gap-1701164201 {\n  padding-top: 15px;\n}\n<\/style>\n\t<\/div>\n\t\n\n<a href=\"https:\/\/cablesafe.com\/de\/contact\/\" class=\"button white expand\" style=\"padding:5px 30px 5px 30px;\">\n\t\t<span>Nehmen Sie Kontakt mit uns auf<\/span>\n\t<\/a>\n\n\n\n\t\t<\/div>\n\t\t\t\t\n<style>\n#col-1534895144 > .col-inner {\n  padding: 0px 35px 0px 0px;\n}\n<\/style>\n\t<\/div>\n\n\t\n\n\t<div id=\"col-1904367527\" class=\"col medium-12 small-12 large-8 medium-col-first\"  >\n\t\t\t\t<div class=\"col-inner\"  >\n\t\t\t\n\t\t\t\n\n\n  <div class=\"banner has-hover\" id=\"banner-1966728675\">\n          <div class=\"banner-inner fill\">\n        <div class=\"banner-bg fill\" >\n            <img loading=\"lazy\" decoding=\"async\" width=\"800\" height=\"356\" src=\"https:\/\/cablesafe.com\/wp-content\/uploads\/2021\/01\/Hook1-800x356.jpg\" class=\"bg attachment-medium size-medium\" alt=\"\" \/>                                    \n                    <\/div>\n\t\t\n        <div class=\"banner-layers container\">\n            <div class=\"fill banner-link\"><\/div>            \n\n\n        <\/div>\n      <\/div>\n\n            \n<style>\n#banner-1966728675 {\n  padding-top: 300px;\n  background-color: rgb(39, 54, 71);\n}\n#banner-1966728675 .banner-bg img {\n  object-position: 79% 42%;\n}\n@media (min-width:550px) {\n  #banner-1966728675 {\n    padding-top: 500px;\n  }\n}\n<\/style>\n  <\/div>\n\n\n\n\t\t<\/div>\n\t\t\t\t\t<\/div>\n\n\t\n\n<\/div>\n\n\t\t<\/div>\n\n\t\t\n<style>\n#section_1638674313 {\n  padding-top: 75px;\n  padding-bottom: 75px;\n  background-color: rgb(0,0,0);\n}\n@media (min-width:850px) {\n  #section_1638674313 {\n    padding-top: 120px;\n    padding-bottom: 120px;\n  }\n}\n<\/style>\n\t<\/section>\n\t\n\n\t<section class=\"section\" id=\"section_883419962\">\n\t\t<div class=\"section-bg fill\" >\n\t\t\t\t\t\t\t\t\t\n\t\t\t\n\n\t\t<\/div>\n\n\t\t\n\n\t\t<div class=\"section-content relative\">\n\t\t\t\n\n\t<div id=\"gap-1258018951\" class=\"gap-element clearfix\" style=\"display:block; height:auto;\">\n\t\t\n<style>\n#gap-1258018951 {\n  padding-top: 30px;\n}\n<\/style>\n\t<\/div>\n\t\n\n\n\t\t<\/div>\n\n\t\t\n<style>\n#section_883419962 {\n  padding-top: 30px;\n  padding-bottom: 30px;\n}\n<\/style>\n\t<\/section>\n\t\n\n\t<section class=\"section\" id=\"section_1537986788\">\n\t\t<div class=\"section-bg fill\" >\n\t\t\t\t\t\t\t\t\t\n\t\t\t\n\n\t\t<\/div>\n\n\t\t\n\n\t\t<div class=\"section-content relative\">\n\t\t\t\n\n<div class=\"row row-large align-equal align-right\" style=\"max-width:1300px\" id=\"row-1510186652\">\n\n\n\t<div id=\"col-23736485\" class=\"col medium-12 small-12 large-4\"  >\n\t\t\t\t<div class=\"col-inner\"  >\n\t\t\t\n\t\t\t\n\n<h6>EINFACHHEIT IN DER SICHERHEIT<\/h6>\n\t<div id=\"text-4133830292\" class=\"text\">\n\t\t\n\n<h2>KABELBR\u00dcCKEN<\/h2>\n\t\t\n<style>\n#text-4133830292 {\n  font-size: 2.5rem;\n}\n<\/style>\n\t<\/div>\n\t\n\n\t\t<\/div>\n\t\t\t\t\n<style>\n#col-23736485 > .col-inner {\n  padding: 0px 30px 0px 0px;\n}\n<\/style>\n\t<\/div>\n\n\t\n\n\t<div id=\"col-1703498481\" class=\"col medium-6 small-12 large-4\"  >\n\t\t\t\t<div class=\"col-inner\"  >\n\t\t\t\n\t\t\t\n\n\n\t\t<div class=\"icon-box featured-box icon-box-top text-left\"  >\n\t\t\t\t<div class=\"icon-box-text last-reset\">\n\t\t\t\t\t\t\t\t\t\n\n<h2><strong>Elektrische Kabelbr\u00fccke<\/strong><\/h2>\n<p>Eine elektrische Kabelbr\u00fccke wurde entwickelt, um elektrische Kabel zu st\u00fctzen und zu sch\u00fctzen, indem sie \u00fcber dem Boden aufgeh\u00e4ngt werden. Diese L\u00f6sung ist ideal f\u00fcr Umgebungen, in denen Kabel sicher verwaltet werden m\u00fcssen, um Sch\u00e4den zu vermeiden und die Sicherheit zu gew\u00e4hrleisten. Durch den Einsatz einer Kabelbr\u00fccke k\u00f6nnen Sie die Kabel geordnet und vor dem Begehen und der Bewegung von Ger\u00e4ten gesch\u00fctzt halten.<\/p>\n\n\t\t<\/div>\n\t<\/div>\n\t\n\t\n\t<div id=\"gap-964832844\" class=\"gap-element clearfix\" style=\"display:block; height:auto;\">\n\t\t\n<style>\n#gap-964832844 {\n  padding-top: 30px;\n}\n<\/style>\n\t<\/div>\n\t\n\n\n\t\t<div class=\"icon-box featured-box icon-box-top text-left\"  >\n\t\t\t\t<div class=\"icon-box-text last-reset\">\n\t\t\t\t\t\t\t\t\t\n\n<h2><strong>Sicheres Aufh\u00e4ngen von Kabeln \u00fcber Gehwegen<\/strong><\/h2>\n<p>Einer der Hauptvorteile von Kabelbr\u00fccken ist ihre F\u00e4higkeit, Kabel sicher \u00fcber Gehwege zu f\u00fchren. Dadurch wird die Gefahr von Stolperfallen beseitigt und sichergestellt, dass die Gehwege frei und sicher f\u00fcr Fu\u00dfg\u00e4nger bleiben. Durch die Aufh\u00e4ngung von Kabeln \u00fcber dem Boden tragen Kabelbr\u00fccken zur Aufrechterhaltung einer ordentlichen und gefahrlosen Umgebung bei.<\/p>\n<h2><strong>Seilsicherung und Kombination mit Sicherheitshaken<\/strong><\/h2>\n<p>Die Verwendung von Kabelbr\u00fccken in Kombination mit Sicherheitshaken bietet eine optimale L\u00f6sung f\u00fcr die Seilsicherheit. Sicherheitshaken k\u00f6nnen zur sicheren Verankerung der Kabel an der Br\u00fccke verwendet werden, um sicherzustellen, dass sie an Ort und Stelle bleiben und ordnungsgem\u00e4\u00df aufgeh\u00e4ngt werden. Diese Kombination verbessert die allgemeine Sicherheit und Organisation von Kabeln in jeder Umgebung.<\/p>\n\n\t\t<\/div>\n\t<\/div>\n\t\n\t\n\n\t\t<\/div>\n\t\t\t\t\t<\/div>\n\n\t\n\n\t<div id=\"col-1650239116\" class=\"col medium-6 small-12 large-4\"  >\n\t\t\t\t<div class=\"col-inner\"  >\n\t\t\t\n\t\t\t\n\n\n\t\t<div class=\"icon-box featured-box icon-box-top text-left\"  >\n\t\t\t\t<div class=\"icon-box-text last-reset\">\n\t\t\t\t\t\t\t\t\t\n\n<h2><strong>Behelfsbr\u00fccke f\u00fcr Kabel<\/strong><\/h2>\n<p>Unsere Kabelbr\u00fccken funktionieren als permanente oder tempor\u00e4re Br\u00fccken f\u00fcr Kabel und bieten eine M\u00f6glichkeit, Kabel w\u00e4hrend Projekten oder Veranstaltungen zu verwalten. Diese Br\u00fccken sind einfach zu installieren und zu entfernen und bieten eine tempor\u00e4re, aber sichere Methode, um Kabel aufrecht und organisiert zu halten. Dies ist besonders n\u00fctzlich auf Baustellen, bei Veranstaltungen im Freien und bei anderen tempor\u00e4ren Installationen.<\/p>\n\n\t\t<\/div>\n\t<\/div>\n\t\n\t\n\t<div id=\"gap-1815233713\" class=\"gap-element clearfix\" style=\"display:block; height:auto;\">\n\t\t\n<style>\n#gap-1815233713 {\n  padding-top: 30px;\n}\n<\/style>\n\t<\/div>\n\t\n\n\n\t\t<div class=\"icon-box featured-box icon-box-top text-left\"  >\n\t\t\t\t<div class=\"icon-box-text last-reset\">\n\t\t\t\t\t\t\t\t\t\n\n<h2><strong>Eliminiert Kabel auf dem Gehweg<\/strong><\/h2>\n<p>Kabelbr\u00fccken beseitigen Kabel auf Gehwegen, indem sie sie schwebend und aus dem Weg halten. Dies erh\u00f6ht nicht nur die Sicherheit durch die Verringerung der Stolpergefahr, sondern verhindert auch die Besch\u00e4digung der Kabel durch den Fu\u00dfverkehr. Freie Gehwege tragen zu einer sichereren und effizienteren Arbeitsumgebung bei.<\/p>\n\n\t\t<\/div>\n\t<\/div>\n\t\n\t\n\n\t\t<\/div>\n\t\t\t\t\t<\/div>\n\n\t\n\n<\/div>\n\n\t\t<\/div>\n\n\t\t\n<style>\n#section_1537986788 {\n  padding-top: 30px;\n  padding-bottom: 30px;\n}\n@media (min-width:550px) {\n  #section_1537986788 {\n    padding-top: 70px;\n    padding-bottom: 70px;\n  }\n}\n<\/style>\n\t<\/section>\n\t\n\n\t<section class=\"section\" id=\"section_986956107\">\n\t\t<div class=\"section-bg fill\" >\n\t\t\t\t\t\t\t\t\t\n\t\t\t\n\n\t\t<\/div>\n\n\t\t\n\n\t\t<div class=\"section-content relative\">\n\t\t\t\n\n\t<div id=\"gap-1189451594\" class=\"gap-element clearfix\" style=\"display:block; height:auto;\">\n\t\t\n<style>\n#gap-1189451594 {\n  padding-top: 30px;\n}\n<\/style>\n\t<\/div>\n\t\n\n<div class=\"row align-middle\"  id=\"row-1237683098\">\n\n\n\t<div id=\"col-1594849051\" class=\"col medium-6 small-12 large-6\"  >\n\t\t\t\t<div class=\"col-inner\"  >\n\t\t\t\n\t\t\t\n\n<h2><strong>FAQ<\/strong><\/h2>\n<h3><em>Wozu werden Kabelbr\u00fccken verwendet?<\/em><\/h3>\n<p>Kabelbr\u00fccken werden verwendet, um Kabel zu st\u00fctzen und zu organisieren, indem sie \u00fcber dem Boden aufgeh\u00e4ngt werden, insbesondere \u00fcber Gehwegen und auf Werften. Sie verhindern Stolperfallen und sch\u00fctzen die Kabel vor Besch\u00e4digungen durch Fu\u00dfg\u00e4nger und Ger\u00e4te. Kabelbr\u00fccken sind f\u00fcr die Aufrechterhaltung einer sicheren und organisierten Arbeitsumgebung unerl\u00e4sslich, insbesondere bei tempor\u00e4ren Einrichtungen wie Baustellen und Veranstaltungen im Freien.<\/p>\n<h3><em>Was versteht man unter einer Kabelbr\u00fccke?<\/em><\/h3>\n<p>Eine Kabelbr\u00fccke ist eine Konstruktion, die dazu dient, Kabel \u00fcber dem Boden aufzuh\u00e4ngen und zu st\u00fctzen, so dass sie \u00fcber Gehwegen oder anderen Bereichen hochgehalten werden. Dadurch werden Stolperfallen vermieden und die Kabel vor Besch\u00e4digungen gesch\u00fctzt. Kabelbr\u00fccken werden oft in Kombination mit Sicherheitshaken verwendet, um die Kabel sicher zu verankern,<\/p>\n\n\t\t<\/div>\n\t\t\t\t\t<\/div>\n\n\t\n\n\t<div id=\"col-1949542252\" class=\"col medium-6 small-12 large-6\"  >\n\t\t\t\t<div class=\"col-inner\"  >\n\t\t\t\n\t\t\t\n\n\t<div class=\"img has-hover x md-x lg-x y md-y lg-y\" id=\"image_1415432246\">\n\t\t\t\t\t\t\t\t<div class=\"img-inner dark\" style=\"margin:0px 75px 0px 75px;\">\n\t\t\t<img loading=\"lazy\" decoding=\"async\" width=\"500\" height=\"500\" src=\"https:\/\/cablesafe.com\/wp-content\/uploads\/2020\/12\/2.png\" class=\"attachment-large size-large\" alt=\"\" srcset=\"https:\/\/cablesafe.com\/wp-content\/uploads\/2020\/12\/2.png 500w, https:\/\/cablesafe.com\/wp-content\/uploads\/2020\/12\/2-400x400.png 400w, https:\/\/cablesafe.com\/wp-content\/uploads\/2020\/12\/2-280x280.png 280w, https:\/\/cablesafe.com\/wp-content\/uploads\/2020\/12\/2-300x300.png 300w, https:\/\/cablesafe.com\/wp-content\/uploads\/2020\/12\/2-100x100.png 100w\" sizes=\"auto, (max-width: 500px) 100vw, 500px\" \/>\t\t\t\t\t\t\n\t\t\t\t\t<\/div>\n\t\t\t\t\t\t\t\t\n<style>\n#image_1415432246 {\n  width: 100%;\n}\n<\/style>\n\t<\/div>\n\t\n\n\n\t\t<\/div>\n\t\t\t\t\t<\/div>\n\n\t\n\n<\/div>\n\n\t\t<\/div>\n\n\t\t\n<style>\n#section_986956107 {\n  padding-top: 30px;\n  padding-bottom: 30px;\n}\n<\/style>\n\t<\/section>\n\t\n\n\t<section class=\"section\" id=\"section_1409551893\">\n\t\t<div class=\"section-bg fill\" >\n\t\t\t\t\t\t\t\t\t\n\t\t\t\n\n\t\t<\/div>\n\n\t\t\n\n\t\t<div class=\"section-content relative\">\n\t\t\t\n\n\t<div id=\"gap-2056438065\" class=\"gap-element clearfix\" style=\"display:block; height:auto;\">\n\t\t\n<style>\n#gap-2056438065 {\n  padding-top: 50px;\n}\n<\/style>\n\t<\/div>\n\t\n\n<div class=\"row align-middle\" style=\"max-width:1300px\" id=\"row-718804375\">\n\n\n\t<div id=\"col-250761294\" class=\"col medium-8 small-12 large-8\"  >\n\t\t\t\t<div class=\"col-inner\"  >\n\t\t\t\n\t\t\t\n\n\t<div id=\"text-4277918992\" class=\"text\">\n\t\t\n\n<h2>KOSTENLOSES ANGEBOT EINHOLEN<\/h2>\n<p><span style=\"font-size: 75%;\">Hochwertige Produkte mit pers\u00f6nlicher Aufmerksamkeit f\u00fcr Ihre Bed\u00fcrfnisse. Entdecken Sie alle unsere Produkte.<\/span><\/p>\n\t\t\n<style>\n#text-4277918992 {\n  font-size: 2rem;\n}\n@media (min-width:550px) {\n  #text-4277918992 {\n    font-size: 1.25rem;\n  }\n}\n@media (min-width:850px) {\n  #text-4277918992 {\n    font-size: 1.5rem;\n  }\n}\n<\/style>\n\t<\/div>\n\t\n\n\t\t<\/div>\n\t\t\t\t\t<\/div>\n\n\t\n\n\t<div id=\"col-1937318231\" class=\"col medium-4 small-12 large-4\"  >\n\t\t\t\t<div class=\"col-inner\"  >\n\t\t\t\n\t\t\t\n\n<a href=\"https:\/\/cablesafe.com\/de\/request-quote\/\" class=\"button alert expand\" style=\"padding:5px 30px 5px 30px;\">\n\t\t<span>Angebot einholen<\/span>\n\t<\/a>\n\n\n\n\t\t<\/div>\n\t\t\t\t\t<\/div>\n\n\t\n\n<\/div>\n\n\t\t<\/div>\n\n\t\t\n<style>\n#section_1409551893 {\n  padding-top: 20px;\n  padding-bottom: 20px;\n  background-color: rgb(254, 215, 80);\n}\n<\/style>\n\t<\/section>","protected":false},"excerpt":{"rendered":"","protected":false},"author":4,"featured_media":0,"parent":0,"menu_order":0,"comment_status":"closed","ping_status":"closed","template":"page-blank.php","meta":{"inline_featured_image":false,"footnotes":""},"class_list":["post-13311","page","type-page","status-publish","hentry"],"_links":{"self":[{"href":"https:\/\/cablesafe.com\/de\/wp-json\/wp\/v2\/pages\/13311","targetHints":{"allow":["GET"]}}],"collection":[{"href":"https:\/\/cablesafe.com\/de\/wp-json\/wp\/v2\/pages"}],"about":[{"href":"https:\/\/cablesafe.com\/de\/wp-json\/wp\/v2\/types\/page"}],"author":[{"embeddable":true,"href":"https:\/\/cablesafe.com\/de\/wp-json\/wp\/v2\/users\/4"}],"replies":[{"embeddable":true,"href":"https:\/\/cablesafe.com\/de\/wp-json\/wp\/v2\/comments?post=13311"}],"version-history":[{"count":7,"href":"https:\/\/cablesafe.com\/de\/wp-json\/wp\/v2\/pages\/13311\/revisions"}],"predecessor-version":[{"id":13445,"href":"https:\/\/cablesafe.com\/de\/wp-json\/wp\/v2\/pages\/13311\/revisions\/13445"}],"wp:attachment":[{"href":"https:\/\/cablesafe.com\/de\/wp-json\/wp\/v2\/media?parent=13311"}],"curies":[{"name":"wp","href":"https:\/\/api.w.org\/{rel}","templated":true}]}}