{"id":13306,"date":"2024-06-26T12:34:22","date_gmt":"2024-06-26T12:34:22","guid":{"rendered":"https:\/\/cablesafe.com\/?page_id=13306"},"modified":"2024-07-04T13:10:17","modified_gmt":"2024-07-04T13:10:17","slug":"cable-stand","status":"publish","type":"page","link":"https:\/\/cablesafe.com\/de\/cable-stand\/","title":{"rendered":"Kabelst\u00e4nder"},"content":{"rendered":"<section class=\"section\" id=\"section_1816328606\">\n\t\t<div class=\"section-bg fill\" >\n\t\t\t<img loading=\"lazy\" decoding=\"async\" width=\"1150\" height=\"634\" src=\"https:\/\/cablesafe.com\/wp-content\/uploads\/2024\/06\/Scherm\u00adafbeelding-2024-06-28-om-15.40.31.png\" class=\"bg attachment-original size-original\" alt=\"\" \/>\t\t\t\t\t\t\n\t\t\t\n\n\t\t<\/div>\n\n\t\t\n\n\t\t<div class=\"section-content relative\">\n\t\t\t\n\n<div class=\"row\" style=\"max-width:1300px\" id=\"row-995757663\">\n\n\n\t<div id=\"col-2121500339\" class=\"col medium-11 small-12 large-7\"  >\n\t\t\t\t<div class=\"col-inner\"  >\n\t\t\t\n\t\t\t\n\n\t<div id=\"text-2447695999\" class=\"text\">\n\t\t\n\n<h2 class=\"uppercase\">KABELSTAND<\/h2>\n\t\t\n<style>\n#text-2447695999 {\n  font-size: 1.25rem;\n}\n@media (min-width:550px) {\n  #text-2447695999 {\n    font-size: 2.25rem;\n  }\n}\n<\/style>\n\t<\/div>\n\t\n\n\t\t<\/div>\n\t\t\t\t\n<style>\n#col-2121500339 > .col-inner {\n  padding: 30px 30px 10px 40px;\n}\n<\/style>\n\t<\/div>\n\n\t\n\n\n<style>\n#row-995757663 > .col > .col-inner {\n  background-color: rgb(255, 214, 80);\n}\n<\/style>\n<\/div>\n\n\t\t<\/div>\n\n\t\t\n<style>\n#section_1816328606 {\n  padding-top: 30px;\n  padding-bottom: 30px;\n  min-height: 400px;\n}\n#section_1816328606 .section-bg img {\n  object-position: 100% 11%;\n}\n@media (min-width:550px) {\n  #section_1816328606 {\n    min-height: 600px;\n  }\n}\n@media (min-width:850px) {\n  #section_1816328606 {\n    min-height: 600px;\n  }\n}\n<\/style>\n\t<\/section>\n\t\n\n\t<section class=\"section\" id=\"section_1169238556\">\n\t\t<div class=\"section-bg fill\" >\n\t\t\t\t\t\t\t\t\t\n\t\t\t\n\n\t\t<\/div>\n\n\t\t\n\n\t\t<div class=\"section-content relative\">\n\t\t\t\n\n<div class=\"row align-center\" style=\"max-width:1300px\" id=\"row-1736038956\">\n\n\n\t<div id=\"col-1677899937\" class=\"col medium-11 small-12 large-9\"  >\n\t\t\t\t<div class=\"col-inner\"  >\n\t\t\t\n\t\t\t\n\n<div class=\"text-center\"><div class=\"is-divider divider clearfix\" style=\"margin-top:15.2px;margin-bottom:15.2px;max-width:150px;height:8px;background-color:rgb(254, 215, 80);\"><\/div><\/div>\n\n\t<div id=\"text-22241637\" class=\"text\">\n\t\t\n\n<h3>Unsere hochbelastbaren Kabelst\u00e4nder bieten ein erh\u00f6htes Kabelschienensystem<\/h3>\n\t\t\n<style>\n#text-22241637 {\n  font-size: 1.75rem;\n  text-align: center;\n}\n@media (min-width:550px) {\n  #text-22241637 {\n    font-size: 1.25rem;\n  }\n}\n@media (min-width:850px) {\n  #text-22241637 {\n    font-size: 1.75rem;\n  }\n}\n<\/style>\n\t<\/div>\n\t\n\t<div id=\"text-1714735654\" class=\"text\">\n\t\t\n\n<p>Kabelst\u00e4nder werden f\u00fcr die Aufrechterhaltung einer geordneten und sicheren Arbeitsumgebung verwendet, indem sie Dr\u00e4hte, Kabel und Schl\u00e4uche vom Boden fernhalten. Unsere robusten Kabelst\u00e4nder bieten ein erh\u00f6htes Kabelschienensystem, das ein effektives Kabelmanagement gew\u00e4hrleistet und die Sicherheit und Effizienz am Arbeitsplatz erh\u00f6ht.<\/p>\n\t\t\n<style>\n#text-1714735654 {\n  font-size: 1rem;\n  text-align: center;\n}\n@media (min-width:550px) {\n  #text-1714735654 {\n    font-size: 1rem;\n  }\n}\n<\/style>\n\t<\/div>\n\t\n\n\t\t<\/div>\n\t\t\t\t\t<\/div>\n\n\t\n\n\t<div id=\"col-285607261\" class=\"col medium-4 small-12 large-4\"  >\n\t\t\t\t<div class=\"col-inner\"  >\n\t\t\t\n\t\t\t\n\n\t\n  \n    <div class=\"row large-columns-1 medium-columns- small-columns- row-small slider row-slider slider-nav-reveal slider-nav-push\"  data-flickity-options='{&quot;imagesLoaded&quot;: true, &quot;groupCells&quot;: &quot;100%&quot;, &quot;dragThreshold&quot; : 5, &quot;cellAlign&quot;: &quot;left&quot;,&quot;wrapAround&quot;: true,&quot;prevNextButtons&quot;: true,&quot;percentPosition&quot;: true,&quot;pageDots&quot;: false, &quot;rightToLeft&quot;: false, &quot;autoPlay&quot; : false}' >\n\n  \n\t     <div class=\"product-small col has-hover product type-product post-400 status-publish first instock product_cat-cable-safety has-post-thumbnail taxable shipping-taxable product-type-simple\">\n\t<div class=\"col-inner\">\n\t\n<div class=\"badge-container absolute left top z-1\">\n\n<\/div>\n\t<div class=\"product-small box\">\n\t\t<div class=\"box-image\">\n\t\t\t<div class=\"image-fade_in_back\">\n\t\t\t\t<a href=\"https:\/\/cablesafe.com\/de\/cable-safety\/heavy-duty-cable-stand\/\">\n\t\t\t\t\t<img loading=\"lazy\" decoding=\"async\" width=\"300\" height=\"300\" src=\"https:\/\/cablesafe.com\/wp-content\/uploads\/2021\/01\/CableSafe-80-300x300.jpg\" class=\"attachment-woocommerce_thumbnail size-woocommerce_thumbnail\" alt=\"Heavy Duty Cable Stand\" srcset=\"https:\/\/cablesafe.com\/wp-content\/uploads\/2021\/01\/CableSafe-80-300x300.jpg 300w, https:\/\/cablesafe.com\/wp-content\/uploads\/2021\/01\/CableSafe-80-280x280.jpg 280w, https:\/\/cablesafe.com\/wp-content\/uploads\/2021\/01\/CableSafe-80-100x100.jpg 100w\" sizes=\"auto, (max-width: 300px) 100vw, 300px\" \/><img loading=\"lazy\" decoding=\"async\" width=\"300\" height=\"300\" src=\"https:\/\/cablesafe.com\/wp-content\/uploads\/2021\/01\/CableSafe-83-300x300.jpg\" class=\"show-on-hover absolute fill hide-for-small back-image\" alt=\"Alternative view of Heavy Duty Cable Stand\" aria-hidden=\"true\" srcset=\"https:\/\/cablesafe.com\/wp-content\/uploads\/2021\/01\/CableSafe-83-300x300.jpg 300w, https:\/\/cablesafe.com\/wp-content\/uploads\/2021\/01\/CableSafe-83-280x280.jpg 280w, https:\/\/cablesafe.com\/wp-content\/uploads\/2021\/01\/CableSafe-83-100x100.jpg 100w\" sizes=\"auto, (max-width: 300px) 100vw, 300px\" \/>\t\t\t\t<\/a>\n\t\t\t<\/div>\n\t\t\t<div class=\"image-tools is-small top right show-on-hover\">\n\t\t\t\t\t\t\t<\/div>\n\t\t\t<div class=\"image-tools is-small hide-for-small bottom left show-on-hover\">\n\t\t\t\t\t\t\t<\/div>\n\t\t\t<div class=\"image-tools grid-tools text-center hide-for-small bottom hover-slide-in show-on-hover\">\n\t\t\t\t\t\t\t<\/div>\n\t\t\t\t\t<\/div>\n\n\t\t<div class=\"box-text box-text-products\">\n\t\t\t<div class=\"title-wrapper\">\t\t<p class=\"category uppercase is-smaller no-text-overflow product-cat op-8\">\n\t\t\tSicherheit am Kabel\t\t<\/p>\n\t<p class=\"name product-title woocommerce-loop-product__title\"><a href=\"https:\/\/cablesafe.com\/de\/cable-safety\/heavy-duty-cable-stand\/\" class=\"woocommerce-LoopProduct-link woocommerce-loop-product__link\">Heavy Duty Kabelst\u00e4nder<\/a><\/p><\/div><div class=\"price-wrapper\">\n<\/div>\t\t<\/div>\n\t<\/div>\n\t        <div class=\"quote-form\">         <!-- Button trigger modal -->\n                        <button type=\"button\" class=\"button wdm_enquiry\" id=\"wdm-quoteup-trigger-400\"  data-toggle=\"wdm-quoteup-modal\" data-target=\"#wdm-quoteup-modal\"\n                style = \"&#039;color:#ffffff;border-color:#0a0909;background:\" #0a0000;border-color:#0a0909;background: -webkit-linear-gradient(bottom,#0a0000, #0a0000);background: -o-linear-gradient(bottom,#0a0000, -moz-linear-gradient(bottom,#0a0000, #0a0000);filter:progid:dximagetransform.microsoft.gradient(gradienttype =\"0,startColorstr=#0a0000,\" endcolorstr=\"#0a0000);-ms-filter:\" progid:dximagetransform.microsoft.gradient(gradienttype=\"0,startColorstr=#0a0000,\" linear-gradient(#0a0000, #0a0000)&#039;>\n                ZUM ANGEBOT HINZUF\u00dcGEN                <\/button>\n                        <input type='hidden' name='author_email' id='author_email' value='louenlouonlinemarketing@gmail.com'>\n        <input type='hidden' name='wdmLocale' id='wdmLocale' value='de'>\n                <\/div><!--\/contact form or btn-->\n                \t<\/div>\n<\/div><\/div>\n\n\n\t\t<\/div>\n\t\t\t\t\t<\/div>\n\n\t\n\n<\/div>\n\n\t\t<\/div>\n\n\t\t\n<style>\n#section_1169238556 {\n  padding-top: 60px;\n  padding-bottom: 60px;\n}\n@media (min-width:550px) {\n  #section_1169238556 {\n    padding-top: 32px;\n    padding-bottom: 32px;\n  }\n}\n<\/style>\n\t<\/section>\n\t\n\t<div id=\"gap-1242250906\" class=\"gap-element clearfix\" style=\"display:block; height:auto;\">\n\t\t\n<style>\n#gap-1242250906 {\n  padding-top: 30px;\n}\n<\/style>\n\t<\/div>\n\t\n\n\n\t<section class=\"section dark\" id=\"section_485819791\">\n\t\t<div class=\"section-bg fill\" >\n\t\t\t\t\t\t\t\t\t\n\t\t\t\n\t<div class=\"is-border\"\n\t\tstyle=\"border-color:rgb(254, 215, 80);border-width:8px 0px 0px 0px;\">\n\t<\/div>\n\n\t\t<\/div>\n\n\t\t\n\n\t\t<div class=\"section-content relative\">\n\t\t\t\n\n<div class=\"row align-middle align-center\" style=\"max-width:1300px\" id=\"row-893895694\">\n\n\n\t<div id=\"col-204902776\" class=\"col medium-10 small-12 large-4\"  >\n\t\t\t\t<div class=\"col-inner\"  >\n\t\t\t\n\t\t\t\n\n\t<div id=\"text-285929376\" class=\"text\">\n\t\t\n\n<h6><span style=\"color: #fed750;\">Kontakt<\/span><\/h6>\n\t\t\n<style>\n#text-285929376 {\n  text-align: left;\n}\n<\/style>\n\t<\/div>\n\t\n\t<div id=\"text-245636739\" class=\"text\">\n\t\t\n\n<h2>Haben Sie Fragen? <br \/>Kontakt aufnehmen<\/h2>\n\t\t\n<style>\n#text-245636739 {\n  font-size: 1.75rem;\n  text-align: left;\n}\n<\/style>\n\t<\/div>\n\t\n<div class=\"is-divider divider clearfix\" style=\"margin-top:0px;margin-bottom:0px;max-width:800px;height:1px;background-color:rgb(254, 215, 80);\"><\/div>\n\n\t<div id=\"gap-404590063\" class=\"gap-element clearfix\" style=\"display:block; height:auto;\">\n\t\t\n<style>\n#gap-404590063 {\n  padding-top: 30px;\n}\n<\/style>\n\t<\/div>\n\t\n\n\t<div id=\"text-2596312966\" class=\"text\">\n\t\t\n\n<p>Cablesafe ist hier, um Ihnen weitere Informationen zu geben, Ihre Fragen zu beantworten und eine effektive L\u00f6sung f\u00fcr Ihre Sicherheitsbed\u00fcrfnisse zu finden, einschlie\u00dflich Kabelmanagement-Schienenl\u00f6sungen.<\/p>\n\t\t\n<style>\n#text-2596312966 {\n  text-align: left;\n}\n<\/style>\n\t<\/div>\n\t\n\t<div id=\"gap-707534452\" class=\"gap-element clearfix\" style=\"display:block; height:auto;\">\n\t\t\n<style>\n#gap-707534452 {\n  padding-top: 15px;\n}\n<\/style>\n\t<\/div>\n\t\n\n<a href=\"https:\/\/cablesafe.com\/de\/contact\/\" class=\"button white expand\" style=\"padding:5px 30px 5px 30px;\">\n\t\t<span>Nehmen Sie Kontakt mit uns auf<\/span>\n\t<\/a>\n\n\n\n\t\t<\/div>\n\t\t\t\t\n<style>\n#col-204902776 > .col-inner {\n  padding: 0px 35px 0px 0px;\n}\n<\/style>\n\t<\/div>\n\n\t\n\n\t<div id=\"col-624408055\" class=\"col medium-12 small-12 large-8 medium-col-first\"  >\n\t\t\t\t<div class=\"col-inner\"  >\n\t\t\t\n\t\t\t\n\n\n  <div class=\"banner has-hover\" id=\"banner-1689858783\">\n          <div class=\"banner-inner fill\">\n        <div class=\"banner-bg fill\" >\n            <img loading=\"lazy\" decoding=\"async\" width=\"800\" height=\"356\" src=\"https:\/\/cablesafe.com\/wp-content\/uploads\/2021\/01\/Hook1-800x356.jpg\" class=\"bg attachment-medium size-medium\" alt=\"\" \/>                                    \n                    <\/div>\n\t\t\n        <div class=\"banner-layers container\">\n            <div class=\"fill banner-link\"><\/div>            \n\n\n        <\/div>\n      <\/div>\n\n            \n<style>\n#banner-1689858783 {\n  padding-top: 300px;\n  background-color: rgb(39, 54, 71);\n}\n#banner-1689858783 .banner-bg img {\n  object-position: 79% 42%;\n}\n@media (min-width:550px) {\n  #banner-1689858783 {\n    padding-top: 500px;\n  }\n}\n<\/style>\n  <\/div>\n\n\n\n\t\t<\/div>\n\t\t\t\t\t<\/div>\n\n\t\n\n<\/div>\n\n\t\t<\/div>\n\n\t\t\n<style>\n#section_485819791 {\n  padding-top: 75px;\n  padding-bottom: 75px;\n  background-color: rgb(0,0,0);\n}\n@media (min-width:850px) {\n  #section_485819791 {\n    padding-top: 120px;\n    padding-bottom: 120px;\n  }\n}\n<\/style>\n\t<\/section>\n\t\n\n\t<section class=\"section\" id=\"section_1988698207\">\n\t\t<div class=\"section-bg fill\" >\n\t\t\t\t\t\t\t\t\t\n\t\t\t\n\n\t\t<\/div>\n\n\t\t\n\n\t\t<div class=\"section-content relative\">\n\t\t\t\n\n\t<div id=\"gap-1177588650\" class=\"gap-element clearfix\" style=\"display:block; height:auto;\">\n\t\t\n<style>\n#gap-1177588650 {\n  padding-top: 30px;\n}\n<\/style>\n\t<\/div>\n\t\n\n\n\t\t<\/div>\n\n\t\t\n<style>\n#section_1988698207 {\n  padding-top: 30px;\n  padding-bottom: 30px;\n}\n<\/style>\n\t<\/section>\n\t\n\n\t<section class=\"section\" id=\"section_1034368617\">\n\t\t<div class=\"section-bg fill\" >\n\t\t\t\t\t\t\t\t\t\n\t\t\t\n\n\t\t<\/div>\n\n\t\t\n\n\t\t<div class=\"section-content relative\">\n\t\t\t\n\n<div class=\"row row-large align-equal align-right\" style=\"max-width:1300px\" id=\"row-1499943520\">\n\n\n\t<div id=\"col-2035080096\" class=\"col medium-12 small-12 large-4\"  >\n\t\t\t\t<div class=\"col-inner\"  >\n\t\t\t\n\t\t\t\n\n<h6>EINFACHHEIT IN DER SICHERHEIT<\/h6>\n\t<div id=\"text-2230405989\" class=\"text\">\n\t\t\n\n<h2>KABELST\u00c4NDE<\/h2>\n\t\t\n<style>\n#text-2230405989 {\n  font-size: 2.5rem;\n}\n<\/style>\n\t<\/div>\n\t\n\n\t\t<\/div>\n\t\t\t\t\n<style>\n#col-2035080096 > .col-inner {\n  padding: 0px 30px 0px 0px;\n}\n<\/style>\n\t<\/div>\n\n\t\n\n\t<div id=\"col-1407261893\" class=\"col medium-6 small-12 large-4\"  >\n\t\t\t\t<div class=\"col-inner\"  >\n\t\t\t\n\t\t\t\n\n\n\t\t<div class=\"icon-box featured-box icon-box-top text-left\"  >\n\t\t\t\t<div class=\"icon-box-text last-reset\">\n\t\t\t\t\t\t\t\t\t\n\n<h2><strong>Kabelst\u00e4nder und Kabelhalterungsst\u00e4nder<\/strong><\/h2>\n<p>Unsere Kabelst\u00e4nder und Kabelhalter sind so konzipiert, dass sie Kabel, Dr\u00e4hte und Schl\u00e4uche st\u00fctzen und organisieren. Indem sie diese Elemente vom Boden abheben, verhindern unsere St\u00e4nder Stolperfallen und sch\u00fctzen die Kabel vor Sch\u00e4den, die durch den Fu\u00dfverkehr und die Bewegung der Ger\u00e4te entstehen. Diese Organisation vereinfacht auch das Kabelmanagement und die Wartung.<\/p>\n\n\t\t<\/div>\n\t<\/div>\n\t\n\t\n\t<div id=\"gap-377411849\" class=\"gap-element clearfix\" style=\"display:block; height:auto;\">\n\t\t\n<style>\n#gap-377411849 {\n  padding-top: 30px;\n}\n<\/style>\n\t<\/div>\n\t\n\n\n\t\t<div class=\"icon-box featured-box icon-box-top text-left\"  >\n\t\t\t\t<div class=\"icon-box-text last-reset\">\n\t\t\t\t\t\t\t\t\t\n\n<h2><strong>Heavy Duty Kabelst\u00e4nder<\/strong><\/h2>\n<p>Der Heavy Duty Cable Stand wurde speziell f\u00fcr Umgebungen entwickelt, in denen robuste Kabelmanagementl\u00f6sungen erforderlich sind. Dieses Produkt bietet eine M\u00f6glichkeit, Dr\u00e4hte, Kabel und Schl\u00e4uche aufrecht zu halten und sicherzustellen, dass sie organisiert und gesch\u00fctzt bleiben. Die robuste Konstruktion dieser St\u00e4nder eignet sich f\u00fcr den Einsatz in industriellen Umgebungen, auf Baustellen und in anderen Bereichen, in denen die Sicherheit von Kabeln von gr\u00f6\u00dfter Bedeutung ist.<\/p>\n\n\t\t<\/div>\n\t<\/div>\n\t\n\t\n\n\t\t<\/div>\n\t\t\t\t\t<\/div>\n\n\t\n\n\t<div id=\"col-365950338\" class=\"col medium-6 small-12 large-4\"  >\n\t\t\t\t<div class=\"col-inner\"  >\n\t\t\t\n\t\t\t\n\n\n\t\t<div class=\"icon-box featured-box icon-box-top text-left\"  >\n\t\t\t\t<div class=\"icon-box-text last-reset\">\n\t\t\t\t\t\t\t\t\t\n\n<h2><strong>Sicherheit am Kabel<\/strong><\/h2>\n<p>Eine ordnungsgem\u00e4\u00dfe Kabelverwaltung ist entscheidend f\u00fcr die Aufrechterhaltung eines sicheren Arbeitsplatzes und die Vermeidung potenzieller Gefahren, die mit losen oder unsachgem\u00e4\u00df gelagerten Kabeln verbunden sind.<\/p>\n\n\t\t<\/div>\n\t<\/div>\n\t\n\t\n\t<div id=\"gap-1235749881\" class=\"gap-element clearfix\" style=\"display:block; height:auto;\">\n\t\t\n<style>\n#gap-1235749881 {\n  padding-top: 30px;\n}\n<\/style>\n\t<\/div>\n\t\n\n\n\t\t<div class=\"icon-box featured-box icon-box-top text-left\"  >\n\t\t\t\t<div class=\"icon-box-text last-reset\">\n\t\t\t\t\t\t\t\t\t\n\n<h2><strong>Drahtschienen-System<\/strong><\/h2>\n<p>Unsere Heavy Duty Cable Stands erh\u00f6hen die Kabelf\u00fchrungsschienen f\u00fcr zus\u00e4tzliche Sicherheit. Dieses System h\u00e4lt Kabel und Schl\u00e4uche vom Boden fern und verhindert, dass sie sich verheddern oder besch\u00e4digt werden. Das Kabelschienensystem erm\u00f6glicht au\u00dferdem einen leichten Zugang und eine einfache Einstellung, was die Verwaltung und Wartung der Kabel erleichtert.<\/p>\n<p>\u00a0<\/p>\n\n\t\t<\/div>\n\t<\/div>\n\t\n\t\n\n\t\t<\/div>\n\t\t\t\t\t<\/div>\n\n\t\n\n<\/div>\n\n\t\t<\/div>\n\n\t\t\n<style>\n#section_1034368617 {\n  padding-top: 30px;\n  padding-bottom: 30px;\n}\n@media (min-width:550px) {\n  #section_1034368617 {\n    padding-top: 70px;\n    padding-bottom: 70px;\n  }\n}\n<\/style>\n\t<\/section>\n\t\n\n\t<section class=\"section\" id=\"section_21556377\">\n\t\t<div class=\"section-bg fill\" >\n\t\t\t\t\t\t\t\t\t\n\t\t\t\n\n\t\t<\/div>\n\n\t\t\n\n\t\t<div class=\"section-content relative\">\n\t\t\t\n\n\t<div id=\"gap-265561885\" class=\"gap-element clearfix\" style=\"display:block; height:auto;\">\n\t\t\n<style>\n#gap-265561885 {\n  padding-top: 30px;\n}\n<\/style>\n\t<\/div>\n\t\n\n<div class=\"row align-middle\"  id=\"row-2093382520\">\n\n\n\t<div id=\"col-1259024254\" class=\"col medium-6 small-12 large-6\"  >\n\t\t\t\t<div class=\"col-inner\"  >\n\t\t\t\n\t\t\t\n\n<p>Unsere Kabelst\u00e4nder entsprechen den h\u00f6chsten Sicherheitsstandards und bieten zuverl\u00e4ssige und effektive Hilfsmittel f\u00fcr die Verwaltung von Kabeln, Dr\u00e4hten und Schl\u00e4uchen.<\/p>\n<h2><strong>FAQ<\/strong><\/h2>\n<h3><br \/><strong><em>Wozu dient ein Kabelst\u00e4nder?<\/em><\/strong><\/h3>\n<p>Kabelst\u00e4nder werden verwendet, um Dr\u00e4hte, Kabel und Schl\u00e4uche zu st\u00fctzen und zu organisieren, indem sie vom Boden abgehoben werden. Dies verhindert Stolperfallen und sch\u00fctzt die Kabel vor Sch\u00e4den, die durch das Begehen und die Bewegung der Ger\u00e4te verursacht werden. Kabelst\u00e4nder sind f\u00fcr die Aufrechterhaltung einer sicheren und organisierten Arbeitsumgebung unerl\u00e4sslich.<\/p>\n<h3><strong><em>Was versteht man unter einem Kabelst\u00e4nder?<\/em><\/strong><\/h3>\n<p>Ein Kabelst\u00e4nder ist ein Ger\u00e4t, das Kabel, Dr\u00e4hte und Schl\u00e4uche st\u00fctzt und anhebt, um sie vom Boden fernzuhalten und die Sicherheit und Organisation zu verbessern. Kabelst\u00e4nder k\u00f6nnen Merkmale wie eine robuste Konstruktion und Drahtschienensysteme aufweisen, um sicherzustellen, dass die Kabel in verschiedenen Arbeitsumgebungen sicher verwaltet und gesch\u00fctzt werden.<\/p>\n<p>\u00a0<\/p>\n\n\t\t<\/div>\n\t\t\t\t\t<\/div>\n\n\t\n\n\t<div id=\"col-521050388\" class=\"col medium-6 small-12 large-6\"  >\n\t\t\t\t<div class=\"col-inner\"  >\n\t\t\t\n\t\t\t\n\n\t<div class=\"img has-hover x md-x lg-x y md-y lg-y\" id=\"image_147700648\">\n\t\t\t\t\t\t\t\t<div class=\"img-inner dark\" style=\"margin:0px 75px 0px 75px;\">\n\t\t\t<img loading=\"lazy\" decoding=\"async\" width=\"500\" height=\"500\" src=\"https:\/\/cablesafe.com\/wp-content\/uploads\/2020\/12\/2.png\" class=\"attachment-large size-large\" alt=\"\" srcset=\"https:\/\/cablesafe.com\/wp-content\/uploads\/2020\/12\/2.png 500w, https:\/\/cablesafe.com\/wp-content\/uploads\/2020\/12\/2-400x400.png 400w, https:\/\/cablesafe.com\/wp-content\/uploads\/2020\/12\/2-280x280.png 280w, https:\/\/cablesafe.com\/wp-content\/uploads\/2020\/12\/2-300x300.png 300w, https:\/\/cablesafe.com\/wp-content\/uploads\/2020\/12\/2-100x100.png 100w\" sizes=\"auto, (max-width: 500px) 100vw, 500px\" \/>\t\t\t\t\t\t\n\t\t\t\t\t<\/div>\n\t\t\t\t\t\t\t\t\n<style>\n#image_147700648 {\n  width: 100%;\n}\n<\/style>\n\t<\/div>\n\t\n\n\n\t\t<\/div>\n\t\t\t\t\t<\/div>\n\n\t\n\n<\/div>\n\n\t\t<\/div>\n\n\t\t\n<style>\n#section_21556377 {\n  padding-top: 30px;\n  padding-bottom: 30px;\n}\n<\/style>\n\t<\/section>\n\t\n\n\t<section class=\"section\" id=\"section_1112356750\">\n\t\t<div class=\"section-bg fill\" >\n\t\t\t\t\t\t\t\t\t\n\t\t\t\n\n\t\t<\/div>\n\n\t\t\n\n\t\t<div class=\"section-content relative\">\n\t\t\t\n\n\t<div id=\"gap-1351011446\" class=\"gap-element clearfix\" style=\"display:block; height:auto;\">\n\t\t\n<style>\n#gap-1351011446 {\n  padding-top: 50px;\n}\n<\/style>\n\t<\/div>\n\t\n\n<div class=\"row align-middle\" style=\"max-width:1300px\" id=\"row-1916637824\">\n\n\n\t<div id=\"col-643736038\" class=\"col medium-8 small-12 large-8\"  >\n\t\t\t\t<div class=\"col-inner\"  >\n\t\t\t\n\t\t\t\n\n\t<div id=\"text-1657188522\" class=\"text\">\n\t\t\n\n<h2>KOSTENLOSES ANGEBOT EINHOLEN<\/h2>\n<p><span style=\"font-size: 75%;\">Hochwertige Produkte mit pers\u00f6nlicher Aufmerksamkeit f\u00fcr Ihre Bed\u00fcrfnisse. Entdecken Sie alle unsere Produkte.<\/span><\/p>\n\t\t\n<style>\n#text-1657188522 {\n  font-size: 2rem;\n}\n@media (min-width:550px) {\n  #text-1657188522 {\n    font-size: 1.25rem;\n  }\n}\n@media (min-width:850px) {\n  #text-1657188522 {\n    font-size: 1.5rem;\n  }\n}\n<\/style>\n\t<\/div>\n\t\n\n\t\t<\/div>\n\t\t\t\t\t<\/div>\n\n\t\n\n\t<div id=\"col-1481137089\" class=\"col medium-4 small-12 large-4\"  >\n\t\t\t\t<div class=\"col-inner\"  >\n\t\t\t\n\t\t\t\n\n<a href=\"https:\/\/cablesafe.com\/de\/request-quote\/\" class=\"button alert expand\" style=\"padding:5px 30px 5px 30px;\">\n\t\t<span>Angebot einholen<\/span>\n\t<\/a>\n\n\n\n\t\t<\/div>\n\t\t\t\t\t<\/div>\n\n\t\n\n<\/div>\n\n\t\t<\/div>\n\n\t\t\n<style>\n#section_1112356750 {\n  padding-top: 20px;\n  padding-bottom: 20px;\n  background-color: rgb(254, 215, 80);\n}\n<\/style>\n\t<\/section>","protected":false},"excerpt":{"rendered":"","protected":false},"author":4,"featured_media":0,"parent":0,"menu_order":0,"comment_status":"closed","ping_status":"closed","template":"page-blank.php","meta":{"inline_featured_image":false,"footnotes":""},"class_list":["post-13306","page","type-page","status-publish","hentry"],"_links":{"self":[{"href":"https:\/\/cablesafe.com\/de\/wp-json\/wp\/v2\/pages\/13306","targetHints":{"allow":["GET"]}}],"collection":[{"href":"https:\/\/cablesafe.com\/de\/wp-json\/wp\/v2\/pages"}],"about":[{"href":"https:\/\/cablesafe.com\/de\/wp-json\/wp\/v2\/types\/page"}],"author":[{"embeddable":true,"href":"https:\/\/cablesafe.com\/de\/wp-json\/wp\/v2\/users\/4"}],"replies":[{"embeddable":true,"href":"https:\/\/cablesafe.com\/de\/wp-json\/wp\/v2\/comments?post=13306"}],"version-history":[{"count":6,"href":"https:\/\/cablesafe.com\/de\/wp-json\/wp\/v2\/pages\/13306\/revisions"}],"predecessor-version":[{"id":13444,"href":"https:\/\/cablesafe.com\/de\/wp-json\/wp\/v2\/pages\/13306\/revisions\/13444"}],"wp:attachment":[{"href":"https:\/\/cablesafe.com\/de\/wp-json\/wp\/v2\/media?parent=13306"}],"curies":[{"name":"wp","href":"https:\/\/api.w.org\/{rel}","templated":true}]}}