{"id":13265,"date":"2024-06-26T08:09:39","date_gmt":"2024-06-26T08:09:39","guid":{"rendered":"https:\/\/cablesafe.com\/?page_id=13265"},"modified":"2024-06-26T08:29:44","modified_gmt":"2024-06-26T08:29:44","slug":"safety-mats","status":"publish","type":"page","link":"https:\/\/cablesafe.com\/de\/safety-mats\/","title":{"rendered":"Schaltmatten"},"content":{"rendered":"<section class=\"section\" id=\"section_934120606\">\n\t\t<div class=\"section-bg fill\" >\n\t\t\t<img loading=\"lazy\" decoding=\"async\" width=\"1638\" height=\"1008\" src=\"https:\/\/cablesafe.com\/wp-content\/uploads\/2024\/06\/Scherm\u00adafbeelding-2024-06-26-om-10.24.58.png\" class=\"bg attachment-original size-original\" alt=\"\" \/>\t\t\t\t\t\t\n\t\t\t\n\n\t\t<\/div>\n\n\t\t\n\n\t\t<div class=\"section-content relative\">\n\t\t\t\n\n<div class=\"row\" style=\"max-width:1300px\" id=\"row-1243461510\">\n\n\n\t<div id=\"col-1288332869\" class=\"col medium-11 small-12 large-7\"  >\n\t\t\t\t<div class=\"col-inner\"  >\n\t\t\t\n\t\t\t\n\n\t<div id=\"text-3796384766\" class=\"text\">\n\t\t\n\n<h2 class=\"uppercase\">Sicherheit MATS<\/h2>\n\n\t\t\n<style>\n#text-3796384766 {\n  font-size: 1.25rem;\n}\n@media (min-width:550px) {\n  #text-3796384766 {\n    font-size: 2.25rem;\n  }\n}\n<\/style>\n\t<\/div>\n\t\n\n\t\t<\/div>\n\t\t\t\t\n<style>\n#col-1288332869 > .col-inner {\n  padding: 30px 30px 10px 40px;\n}\n<\/style>\n\t<\/div>\n\n\t\n\n\n<style>\n#row-1243461510 > .col > .col-inner {\n  background-color: rgb(255, 214, 80);\n}\n<\/style>\n<\/div>\n\n\t\t<\/div>\n\n\t\t\n<style>\n#section_934120606 {\n  padding-top: 30px;\n  padding-bottom: 30px;\n  min-height: 400px;\n}\n#section_934120606 .section-bg img {\n  object-position: 100% 11%;\n}\n@media (min-width:550px) {\n  #section_934120606 {\n    min-height: 600px;\n  }\n}\n@media (min-width:850px) {\n  #section_934120606 {\n    min-height: 600px;\n  }\n}\n<\/style>\n\t<\/section>\n\t\n\n\t<section class=\"section\" id=\"section_517599831\">\n\t\t<div class=\"section-bg fill\" >\n\t\t\t\t\t\t\t\t\t\n\t\t\t\n\n\t\t<\/div>\n\n\t\t\n\n\t\t<div class=\"section-content relative\">\n\t\t\t\n\n<div class=\"row align-center\" style=\"max-width:1300px\" id=\"row-1088190835\">\n\n\n\t<div id=\"col-1893647762\" class=\"col medium-11 small-12 large-9\"  >\n\t\t\t\t<div class=\"col-inner\"  >\n\t\t\t\n\t\t\t\n\n<div class=\"text-center\"><div class=\"is-divider divider clearfix\" style=\"margin-top:15.2px;margin-bottom:15.2px;max-width:150px;height:8px;background-color:rgb(254, 215, 80);\"><\/div><\/div>\n\n\t<div id=\"text-1439083665\" class=\"text\">\n\t\t\n\n<h3>Unsere Schaltmatten sind ein wichtiger Bestandteil unserer Produktpalette zur Vermeidung von herabfallenden Gegenst\u00e4nden.<\/h3>\n\t\t\n<style>\n#text-1439083665 {\n  font-size: 1.75rem;\n  text-align: center;\n}\n@media (min-width:550px) {\n  #text-1439083665 {\n    font-size: 1.25rem;\n  }\n}\n@media (min-width:850px) {\n  #text-1439083665 {\n    font-size: 1.75rem;\n  }\n}\n<\/style>\n\t<\/div>\n\t\n\t<div id=\"text-3540624426\" class=\"text\">\n\t\t\n\n<p>Unsere Schaltmatten sind ein wichtiger Bestandteil unserer Produktpalette zur Vermeidung von herabfallenden Gegenst\u00e4nden. Sie bieten robusten Schutz und erh\u00f6hen die Sicherheit in verschiedenen Arbeitsumgebungen. Diese Matten wurden entwickelt, um zu verhindern, dass kleine Gegenst\u00e4nde durch L\u00fccken fallen und potenzielle Gefahren verursachen. Sie sind f\u00fcr die Aufrechterhaltung eines sicheren und effizienten Arbeitsbereichs unerl\u00e4sslich. Wir bieten sowohl tempor\u00e4re als auch permanente Mattenl\u00f6sungen an.<\/p>\n\n\t\t\n<style>\n#text-3540624426 {\n  font-size: 1rem;\n  text-align: center;\n}\n@media (min-width:550px) {\n  #text-3540624426 {\n    font-size: 1rem;\n  }\n}\n<\/style>\n\t<\/div>\n\t\n\t\n  \n    <div class=\"row  equalize-box large-columns-2 medium-columns-2 small-columns-1 row-small\" >\n  \n\t     <div class=\"product-small col has-hover product type-product post-893 status-publish first instock product_cat-dropped-objects-prevention has-post-thumbnail taxable shipping-taxable product-type-simple\">\n\t<div class=\"col-inner\">\n\t\n<div class=\"badge-container absolute left top z-1\">\n\n<\/div>\n\t<div class=\"product-small box\">\n\t\t<div class=\"box-image\">\n\t\t\t<div class=\"image-fade_in_back\">\n\t\t\t\t<a href=\"https:\/\/cablesafe.com\/de\/dropped-objects-prevention\/prevention-work-mat\/\">\n\t\t\t\t\t<img loading=\"lazy\" decoding=\"async\" width=\"300\" height=\"300\" src=\"https:\/\/cablesafe.com\/wp-content\/uploads\/2021\/01\/Cablesafe-Dropped-Object-Prevention-Work-Mat--300x300.jpg\" class=\"attachment-woocommerce_thumbnail size-woocommerce_thumbnail\" alt=\"Dropped Objects Prevention Work Mat\" srcset=\"https:\/\/cablesafe.com\/wp-content\/uploads\/2021\/01\/Cablesafe-Dropped-Object-Prevention-Work-Mat--300x300.jpg 300w, https:\/\/cablesafe.com\/wp-content\/uploads\/2021\/01\/Cablesafe-Dropped-Object-Prevention-Work-Mat--280x280.jpg 280w, https:\/\/cablesafe.com\/wp-content\/uploads\/2021\/01\/Cablesafe-Dropped-Object-Prevention-Work-Mat--100x100.jpg 100w\" sizes=\"auto, (max-width: 300px) 100vw, 300px\" \/><img loading=\"lazy\" decoding=\"async\" width=\"300\" height=\"300\" src=\"https:\/\/cablesafe.com\/wp-content\/uploads\/2021\/01\/CableSafe-44-300x300.jpg\" class=\"show-on-hover absolute fill hide-for-small back-image\" alt=\"Alternative view of Dropped Objects Prevention Work Mat\" aria-hidden=\"true\" srcset=\"https:\/\/cablesafe.com\/wp-content\/uploads\/2021\/01\/CableSafe-44-300x300.jpg 300w, https:\/\/cablesafe.com\/wp-content\/uploads\/2021\/01\/CableSafe-44-280x280.jpg 280w, https:\/\/cablesafe.com\/wp-content\/uploads\/2021\/01\/CableSafe-44-100x100.jpg 100w\" sizes=\"auto, (max-width: 300px) 100vw, 300px\" \/>\t\t\t\t<\/a>\n\t\t\t<\/div>\n\t\t\t<div class=\"image-tools is-small top right show-on-hover\">\n\t\t\t\t\t\t\t<\/div>\n\t\t\t<div class=\"image-tools is-small hide-for-small bottom left show-on-hover\">\n\t\t\t\t\t\t\t<\/div>\n\t\t\t<div class=\"image-tools grid-tools text-center hide-for-small bottom hover-slide-in show-on-hover\">\n\t\t\t\t\t\t\t<\/div>\n\t\t\t\t\t<\/div>\n\n\t\t<div class=\"box-text box-text-products\">\n\t\t\t<div class=\"title-wrapper\">\t\t<p class=\"category uppercase is-smaller no-text-overflow product-cat op-8\">\n\t\t\tVerhinderung fallengelassener Gegenst\u00e4nde\t\t<\/p>\n\t<p class=\"name product-title woocommerce-loop-product__title\"><a href=\"https:\/\/cablesafe.com\/de\/dropped-objects-prevention\/prevention-work-mat\/\" class=\"woocommerce-LoopProduct-link woocommerce-loop-product__link\">Arbeitsmatte zur Vermeidung von herabfallenden Gegenst\u00e4nden<\/a><\/p><\/div><div class=\"price-wrapper\">\n<\/div>\t\t<\/div>\n\t<\/div>\n\t        <div class=\"quote-form\">         <!-- Button trigger modal -->\n                        <button type=\"button\" class=\"button wdm_enquiry\" id=\"wdm-quoteup-trigger-893\"  data-toggle=\"wdm-quoteup-modal\" data-target=\"#wdm-quoteup-modal\"\n                style = \"&#039;color:#ffffff;border-color:#0a0909;background:\" #0a0000;border-color:#0a0909;background: -webkit-linear-gradient(bottom,#0a0000, #0a0000);background: -o-linear-gradient(bottom,#0a0000, -moz-linear-gradient(bottom,#0a0000, #0a0000);filter:progid:dximagetransform.microsoft.gradient(gradienttype =\"0,startColorstr=#0a0000,\" endcolorstr=\"#0a0000);-ms-filter:\" progid:dximagetransform.microsoft.gradient(gradienttype=\"0,startColorstr=#0a0000,\" linear-gradient(#0a0000, #0a0000)&#039;>\n                ZUM ANGEBOT HINZUF\u00dcGEN                <\/button>\n                        <input type='hidden' name='author_email' id='author_email' value='louenlouonlinemarketing@gmail.com'>\n        <input type='hidden' name='wdmLocale' id='wdmLocale' value='de'>\n                <\/div><!--\/contact form or btn-->\n                \t<\/div>\n<\/div><div class=\"product-small col has-hover product type-product post-7178 status-publish instock product_cat-dropped-objects-prevention has-post-thumbnail taxable shipping-taxable product-type-simple\">\n\t<div class=\"col-inner\">\n\t\n<div class=\"badge-container absolute left top z-1\">\n\n<\/div>\n\t<div class=\"product-small box\">\n\t\t<div class=\"box-image\">\n\t\t\t<div class=\"image-fade_in_back\">\n\t\t\t\t<a href=\"https:\/\/cablesafe.com\/de\/dropped-objects-prevention\/dropped-object-prevention-walkway\/\">\n\t\t\t\t\t<img loading=\"lazy\" decoding=\"async\" width=\"300\" height=\"300\" src=\"https:\/\/cablesafe.com\/wp-content\/uploads\/2021\/03\/CableSafe-35-300x300.jpg\" class=\"attachment-woocommerce_thumbnail size-woocommerce_thumbnail\" alt=\"Dropped Objects Prevention Walkway Mat\" srcset=\"https:\/\/cablesafe.com\/wp-content\/uploads\/2021\/03\/CableSafe-35-300x300.jpg 300w, https:\/\/cablesafe.com\/wp-content\/uploads\/2021\/03\/CableSafe-35-280x280.jpg 280w, https:\/\/cablesafe.com\/wp-content\/uploads\/2021\/03\/CableSafe-35-100x100.jpg 100w\" sizes=\"auto, (max-width: 300px) 100vw, 300px\" \/><img loading=\"lazy\" decoding=\"async\" width=\"300\" height=\"300\" src=\"https:\/\/cablesafe.com\/wp-content\/uploads\/2021\/03\/CableSafe-36-300x300.jpg\" class=\"show-on-hover absolute fill hide-for-small back-image\" alt=\"Alternative view of Dropped Objects Prevention Walkway Mat\" aria-hidden=\"true\" srcset=\"https:\/\/cablesafe.com\/wp-content\/uploads\/2021\/03\/CableSafe-36-300x300.jpg 300w, https:\/\/cablesafe.com\/wp-content\/uploads\/2021\/03\/CableSafe-36-280x280.jpg 280w, https:\/\/cablesafe.com\/wp-content\/uploads\/2021\/03\/CableSafe-36-100x100.jpg 100w\" sizes=\"auto, (max-width: 300px) 100vw, 300px\" \/>\t\t\t\t<\/a>\n\t\t\t<\/div>\n\t\t\t<div class=\"image-tools is-small top right show-on-hover\">\n\t\t\t\t\t\t\t<\/div>\n\t\t\t<div class=\"image-tools is-small hide-for-small bottom left show-on-hover\">\n\t\t\t\t\t\t\t<\/div>\n\t\t\t<div class=\"image-tools grid-tools text-center hide-for-small bottom hover-slide-in show-on-hover\">\n\t\t\t\t\t\t\t<\/div>\n\t\t\t\t\t<\/div>\n\n\t\t<div class=\"box-text box-text-products\">\n\t\t\t<div class=\"title-wrapper\">\t\t<p class=\"category uppercase is-smaller no-text-overflow product-cat op-8\">\n\t\t\tVerhinderung fallengelassener Gegenst\u00e4nde\t\t<\/p>\n\t<p class=\"name product-title woocommerce-loop-product__title\"><a href=\"https:\/\/cablesafe.com\/de\/dropped-objects-prevention\/dropped-object-prevention-walkway\/\" class=\"woocommerce-LoopProduct-link woocommerce-loop-product__link\">Gehwegmatte zur Vermeidung von heruntergefallenen Gegenst\u00e4nden<\/a><\/p><\/div><div class=\"price-wrapper\">\n<\/div>\t\t<\/div>\n\t<\/div>\n\t        <div class=\"quote-form\">         <!-- Button trigger modal -->\n                        <button type=\"button\" class=\"button wdm_enquiry\" id=\"wdm-quoteup-trigger-7178\"  data-toggle=\"wdm-quoteup-modal\" data-target=\"#wdm-quoteup-modal\"\n                style = \"&#039;color:#ffffff;border-color:#0a0909;background:\" #0a0000;border-color:#0a0909;background: -webkit-linear-gradient(bottom,#0a0000, #0a0000);background: -o-linear-gradient(bottom,#0a0000, -moz-linear-gradient(bottom,#0a0000, #0a0000);filter:progid:dximagetransform.microsoft.gradient(gradienttype =\"0,startColorstr=#0a0000,\" endcolorstr=\"#0a0000);-ms-filter:\" progid:dximagetransform.microsoft.gradient(gradienttype=\"0,startColorstr=#0a0000,\" linear-gradient(#0a0000, #0a0000)&#039;>\n                ZUM ANGEBOT HINZUF\u00dcGEN                <\/button>\n                        <input type='hidden' name='author_email' id='author_email' value='louenlouonlinemarketing@gmail.com'>\n        <input type='hidden' name='wdmLocale' id='wdmLocale' value='de'>\n                <\/div><!--\/contact form or btn-->\n                \t<\/div>\n<\/div><\/div>\n\n\n\t\t<\/div>\n\t\t\t\t\t<\/div>\n\n\t\n\n<\/div>\n\n\t\t<\/div>\n\n\t\t\n<style>\n#section_517599831 {\n  padding-top: 60px;\n  padding-bottom: 60px;\n}\n@media (min-width:550px) {\n  #section_517599831 {\n    padding-top: 32px;\n    padding-bottom: 32px;\n  }\n}\n<\/style>\n\t<\/section>\n\t\n\t<div id=\"gap-612608199\" class=\"gap-element clearfix\" style=\"display:block; height:auto;\">\n\t\t\n<style>\n#gap-612608199 {\n  padding-top: 30px;\n}\n<\/style>\n\t<\/div>\n\t\n\n\n\t<section class=\"section dark\" id=\"section_1232091579\">\n\t\t<div class=\"section-bg fill\" >\n\t\t\t\t\t\t\t\t\t\n\t\t\t\n\t<div class=\"is-border\"\n\t\tstyle=\"border-color:rgb(254, 215, 80);border-width:8px 0px 0px 0px;\">\n\t<\/div>\n\n\t\t<\/div>\n\n\t\t\n\n\t\t<div class=\"section-content relative\">\n\t\t\t\n\n<div class=\"row align-middle align-center\" style=\"max-width:1300px\" id=\"row-464284639\">\n\n\n\t<div id=\"col-272222438\" class=\"col medium-10 small-12 large-4\"  >\n\t\t\t\t<div class=\"col-inner\"  >\n\t\t\t\n\t\t\t\n\n\t<div id=\"text-1898337282\" class=\"text\">\n\t\t\n\n<h6><span style=\"color: #fed750;\">Kontakt<\/span><\/h6>\n\t\t\n<style>\n#text-1898337282 {\n  text-align: left;\n}\n<\/style>\n\t<\/div>\n\t\n\t<div id=\"text-4102580985\" class=\"text\">\n\t\t\n\n<h2>Haben Sie Fragen? <br \/>Kontakt aufnehmen<\/h2>\n\t\t\n<style>\n#text-4102580985 {\n  font-size: 1.75rem;\n  text-align: left;\n}\n<\/style>\n\t<\/div>\n\t\n<div class=\"is-divider divider clearfix\" style=\"margin-top:0px;margin-bottom:0px;max-width:800px;height:1px;background-color:rgb(254, 215, 80);\"><\/div>\n\n\t<div id=\"gap-1839075401\" class=\"gap-element clearfix\" style=\"display:block; height:auto;\">\n\t\t\n<style>\n#gap-1839075401 {\n  padding-top: 30px;\n}\n<\/style>\n\t<\/div>\n\t\n\n\t<div id=\"text-1847770404\" class=\"text\">\n\t\t\n\n<p>Cablesafe ist hier, um Ihnen weitere Informationen zu geben, Ihre Fragen zu beantworten und eine effektive L\u00f6sung f\u00fcr Ihre Sicherheitsbed\u00fcrfnisse zu finden, einschlie\u00dflich Kabelmanagement-Schienenl\u00f6sungen.<\/p>\n\t\t\n<style>\n#text-1847770404 {\n  text-align: left;\n}\n<\/style>\n\t<\/div>\n\t\n\t<div id=\"gap-1797320220\" class=\"gap-element clearfix\" style=\"display:block; height:auto;\">\n\t\t\n<style>\n#gap-1797320220 {\n  padding-top: 15px;\n}\n<\/style>\n\t<\/div>\n\t\n\n<a href=\"https:\/\/cablesafe.com\/de\/contact\/\" class=\"button white expand\" style=\"padding:5px 30px 5px 30px;\">\n\t\t<span>Nehmen Sie Kontakt mit uns auf<\/span>\n\t<\/a>\n\n\n\n\t\t<\/div>\n\t\t\t\t\n<style>\n#col-272222438 > .col-inner {\n  padding: 0px 35px 0px 0px;\n}\n<\/style>\n\t<\/div>\n\n\t\n\n\t<div id=\"col-1501406829\" class=\"col medium-12 small-12 large-8 medium-col-first\"  >\n\t\t\t\t<div class=\"col-inner\"  >\n\t\t\t\n\t\t\t\n\n\n  <div class=\"banner has-hover\" id=\"banner-1788797933\">\n          <div class=\"banner-inner fill\">\n        <div class=\"banner-bg fill\" >\n            <img loading=\"lazy\" decoding=\"async\" width=\"800\" height=\"356\" src=\"https:\/\/cablesafe.com\/wp-content\/uploads\/2021\/01\/Hook1-800x356.jpg\" class=\"bg attachment-medium size-medium\" alt=\"\" \/>                                    \n                    <\/div>\n\t\t\n        <div class=\"banner-layers container\">\n            <div class=\"fill banner-link\"><\/div>            \n\n\n        <\/div>\n      <\/div>\n\n            \n<style>\n#banner-1788797933 {\n  padding-top: 300px;\n  background-color: rgb(39, 54, 71);\n}\n#banner-1788797933 .banner-bg img {\n  object-position: 79% 42%;\n}\n@media (min-width:550px) {\n  #banner-1788797933 {\n    padding-top: 500px;\n  }\n}\n<\/style>\n  <\/div>\n\n\n\n\t\t<\/div>\n\t\t\t\t\t<\/div>\n\n\t\n\n<\/div>\n\n\t\t<\/div>\n\n\t\t\n<style>\n#section_1232091579 {\n  padding-top: 75px;\n  padding-bottom: 75px;\n  background-color: rgb(0,0,0);\n}\n@media (min-width:850px) {\n  #section_1232091579 {\n    padding-top: 120px;\n    padding-bottom: 120px;\n  }\n}\n<\/style>\n\t<\/section>\n\t\n\n\t<section class=\"section\" id=\"section_1111161388\">\n\t\t<div class=\"section-bg fill\" >\n\t\t\t\t\t\t\t\t\t\n\t\t\t\n\n\t\t<\/div>\n\n\t\t\n\n\t\t<div class=\"section-content relative\">\n\t\t\t\n\n\t<div id=\"gap-917426455\" class=\"gap-element clearfix\" style=\"display:block; height:auto;\">\n\t\t\n<style>\n#gap-917426455 {\n  padding-top: 30px;\n}\n<\/style>\n\t<\/div>\n\t\n\n\n\t\t<\/div>\n\n\t\t\n<style>\n#section_1111161388 {\n  padding-top: 30px;\n  padding-bottom: 30px;\n}\n<\/style>\n\t<\/section>\n\t\n\n\t<section class=\"section\" id=\"section_1991339406\">\n\t\t<div class=\"section-bg fill\" >\n\t\t\t\t\t\t\t\t\t\n\t\t\t\n\n\t\t<\/div>\n\n\t\t\n\n\t\t<div class=\"section-content relative\">\n\t\t\t\n\n<div class=\"row row-large align-equal align-right\" style=\"max-width:1300px\" id=\"row-1924995546\">\n\n\n\t<div id=\"col-884981984\" class=\"col medium-12 small-12 large-4\"  >\n\t\t\t\t<div class=\"col-inner\"  >\n\t\t\t\n\t\t\t\n\n<h6>EINFACHHEIT IN DER SICHERHEIT<\/h6>\n\t<div id=\"text-483734336\" class=\"text\">\n\t\t\n\n<h2>SICHERHEITSMATTEN<\/h2>\n\n\t\t\n<style>\n#text-483734336 {\n  font-size: 2.5rem;\n}\n<\/style>\n\t<\/div>\n\t\n\n\t\t<\/div>\n\t\t\t\t\n<style>\n#col-884981984 > .col-inner {\n  padding: 0px 30px 0px 0px;\n}\n<\/style>\n\t<\/div>\n\n\t\n\n\t<div id=\"col-791360961\" class=\"col medium-6 small-12 large-4\"  >\n\t\t\t\t<div class=\"col-inner\"  >\n\t\t\t\n\t\t\t\n\n\n\t\t<div class=\"icon-box featured-box icon-box-top text-left\"  >\n\t\t\t\t<div class=\"icon-box-text last-reset\">\n\t\t\t\t\t\t\t\t\t\n\n<h2><strong>Matten zur Vermeidung von heruntergefallenen Gegenst\u00e4nden<\/strong><\/h2>\n<p>Schaltmatten sind eine wirksame L\u00f6sung f\u00fcr die Verhinderung des Herabfallens von Gegenst\u00e4nden. Sie bilden eine Barriere, die das Herabfallen von Werkzeugen, Materialien und anderen kleinen Gegenst\u00e4nden durch L\u00fccken in Gehwegen, Plattformen und anderen erh\u00f6hten Fl\u00e4chen verhindert. Dies tr\u00e4gt dazu bei, das Risiko von Verletzungen und Unf\u00e4llen durch herabfallende Gegenst\u00e4nde zu verringern und eine sicherere Arbeitsumgebung zu schaffen.<\/p>\n\n\t\t<\/div>\n\t<\/div>\n\t\n\t\n\t<div id=\"gap-1867590242\" class=\"gap-element clearfix\" style=\"display:block; height:auto;\">\n\t\t\n<style>\n#gap-1867590242 {\n  padding-top: 30px;\n}\n<\/style>\n\t<\/div>\n\t\n\n\n\t\t<div class=\"icon-box featured-box icon-box-top text-left\"  >\n\t\t\t\t<div class=\"icon-box-text last-reset\">\n\t\t\t\t\t\t\t\t\t\n\n<h2><strong>Rutschfestigkeit und Sicherheit<\/strong><\/h2>\n<p>Unsere Schaltmatten verhindern nicht nur das Herabfallen von Gegenst\u00e4nden, sondern auch das Ausrutschen und St\u00fcrzen. Ihre rutschfeste Oberfl\u00e4che bietet zus\u00e4tzliche Traktion, verringert das Unfallrisiko und erh\u00f6ht die Sicherheit der Arbeiter. Dies macht sie zu einer vielseitigen Sicherheitsl\u00f6sung f\u00fcr ein breites Spektrum von Industrie- und Bauumgebungen.<\/p>\n\n\t\t<\/div>\n\t<\/div>\n\t\n\t\n\n\t\t<\/div>\n\t\t\t\t\t<\/div>\n\n\t\n\n\t<div id=\"col-378920457\" class=\"col medium-6 small-12 large-4\"  >\n\t\t\t\t<div class=\"col-inner\"  >\n\t\t\t\n\t\t\t\n\n\n\t\t<div class=\"icon-box featured-box icon-box-top text-left\"  >\n\t\t\t\t<div class=\"icon-box-text last-reset\">\n\t\t\t\t\t\t\t\t\t\n\n<h2><strong>Verhindern des Herunterfallens von Kleinteilen<\/strong><\/h2>\n<p>Unsere Schaltmatten wurden speziell entwickelt, um zu verhindern, dass kleine Gegenst\u00e4nde durch L\u00fccken in Arbeitsb\u00fchnen und Laufwegen fallen. Indem sie diese L\u00fccken abdecken, tragen sie dazu bei, Arbeiter und darunter liegende Ausr\u00fcstung vor potenziellen Gefahren zu sch\u00fctzen. Diese Fallschutzmattenl\u00f6sung ist ideal f\u00fcr Hochrisikobereiche, in denen Gegenst\u00e4nde leicht herunterfallen und Sch\u00e4den oder Verletzungen verursachen k\u00f6nnen.<\/p>\n\n\t\t<\/div>\n\t<\/div>\n\t\n\t\n\t<div id=\"gap-722116745\" class=\"gap-element clearfix\" style=\"display:block; height:auto;\">\n\t\t\n<style>\n#gap-722116745 {\n  padding-top: 30px;\n}\n<\/style>\n\t<\/div>\n\t\n\n\n\t\t<div class=\"icon-box featured-box icon-box-top text-left\"  >\n\t\t\t\t<div class=\"icon-box-text last-reset\">\n\t\t\t\t\t\t\t\t\t\n\n<h2><strong>Vielseitig und langlebig<\/strong><\/h2>\n<p>Unsere Matten zum Schutz vor herabfallenden Gegenst\u00e4nden sind aus hochwertigen Materialien gefertigt, die Langlebigkeit und Effektivit\u00e4t gew\u00e4hrleisten. Sie sind einfach zu installieren und k\u00f6nnen an verschiedene Arbeitsumgebungen angepasst werden und bieten zuverl\u00e4ssigen Schutz vor herabfallenden Gegenst\u00e4nden und Rutschgefahren. Ganz gleich, ob Sie Fallschutzmatten f\u00fcr Baustellen oder f\u00fcr die Industrie ben\u00f6tigen, unsere Matten sorgen f\u00fcr die notwendige Sicherheit und Einhaltung der Vorschriften.<\/p>\n\n\t\t<\/div>\n\t<\/div>\n\t\n\t\n\n\t\t<\/div>\n\t\t\t\t\t<\/div>\n\n\t\n\n<\/div>\n\n\t\t<\/div>\n\n\t\t\n<style>\n#section_1991339406 {\n  padding-top: 30px;\n  padding-bottom: 30px;\n}\n@media (min-width:550px) {\n  #section_1991339406 {\n    padding-top: 70px;\n    padding-bottom: 70px;\n  }\n}\n<\/style>\n\t<\/section>\n\t\n\n\t<section class=\"section\" id=\"section_554152289\">\n\t\t<div class=\"section-bg fill\" >\n\t\t\t\t\t\t\t\t\t\n\t\t\t\n\n\t\t<\/div>\n\n\t\t\n\n\t\t<div class=\"section-content relative\">\n\t\t\t\n\n\t<div id=\"gap-185471144\" class=\"gap-element clearfix\" style=\"display:block; height:auto;\">\n\t\t\n<style>\n#gap-185471144 {\n  padding-top: 30px;\n}\n<\/style>\n\t<\/div>\n\t\n\n<div class=\"row align-middle\"  id=\"row-780056575\">\n\n\n\t<div id=\"col-1036980176\" class=\"col medium-6 small-12 large-6\"  >\n\t\t\t\t<div class=\"col-inner\"  >\n\t\t\t\n\t\t\t\n\n\n\t\t<\/div>\n\t\t\t\t\t<\/div>\n\n\t\n\n\t<div id=\"col-1862007197\" class=\"col medium-6 small-12 large-6\"  >\n\t\t\t\t<div class=\"col-inner\"  >\n\t\t\t\n\t\t\t\n\n\t<div class=\"img has-hover x md-x lg-x y md-y lg-y\" id=\"image_457161881\">\n\t\t\t\t\t\t\t\t<div class=\"img-inner dark\" style=\"margin:0px 75px 0px 75px;\">\n\t\t\t<img loading=\"lazy\" decoding=\"async\" width=\"1018\" height=\"800\" src=\"https:\/\/cablesafe.com\/wp-content\/uploads\/2024\/06\/Scherm\u00adafbeelding-2024-06-26-om-10.19.01-1018x800.png\" class=\"attachment-large size-large\" alt=\"\" srcset=\"https:\/\/cablesafe.com\/wp-content\/uploads\/2024\/06\/Scherm\u00adafbeelding-2024-06-26-om-10.19.01-1018x800.png 1018w, https:\/\/cablesafe.com\/wp-content\/uploads\/2024\/06\/Scherm\u00adafbeelding-2024-06-26-om-10.19.01-509x400.png 509w, https:\/\/cablesafe.com\/wp-content\/uploads\/2024\/06\/Scherm\u00adafbeelding-2024-06-26-om-10.19.01-768x603.png 768w, https:\/\/cablesafe.com\/wp-content\/uploads\/2024\/06\/Scherm\u00adafbeelding-2024-06-26-om-10.19.01-15x12.png 15w, https:\/\/cablesafe.com\/wp-content\/uploads\/2024\/06\/Scherm\u00adafbeelding-2024-06-26-om-10.19.01-600x471.png 600w, https:\/\/cablesafe.com\/wp-content\/uploads\/2024\/06\/Scherm\u00adafbeelding-2024-06-26-om-10.19.01.png 1026w\" sizes=\"auto, (max-width: 1018px) 100vw, 1018px\" \/>\t\t\t\t\t\t\n\t\t\t\t\t<\/div>\n\t\t\t\t\t\t\t\t\n<style>\n#image_457161881 {\n  width: 100%;\n}\n<\/style>\n\t<\/div>\n\t\n\n\n\t\t<\/div>\n\t\t\t\t\t<\/div>\n\n\t\n\n<\/div>\n<div class=\"row align-middle\"  id=\"row-986841543\">\n\n\n\t<div id=\"col-82594021\" class=\"col medium-11 small-12 large-11\"  >\n\t\t\t\t<div class=\"col-inner\"  >\n\t\t\t\n\t\t\t\n\n<h2><strong>FAQ <br \/><\/strong><\/h2>\n<h3><em>Wof\u00fcr werden Sicherheitsmatten verwendet?<\/em><\/h3>\n<p>Schaltmatten werden verwendet, um zu verhindern, dass kleine Gegenst\u00e4nde durch L\u00fccken in Gehwegen, auf Plattformen und anderen erh\u00f6hten Fl\u00e4chen fallen, wodurch das Risiko von Verletzungen und Unf\u00e4llen durch herabfallende Gegenst\u00e4nde verringert wird. Sie helfen auch, Ausrutschen und St\u00fcrzen vorzubeugen, indem sie eine rutschfeste Oberfl\u00e4che bieten und so die Sicherheit am Arbeitsplatz insgesamt erh\u00f6hen.<\/p>\n<h3><em>Was bedeutet Sicherheitsmatten?<\/em><\/h3>\n<p>Unter Sicherheitsmatten versteht man die Verwendung von Matten, die eine sch\u00fctzende Barriere auf erh\u00f6hten Fl\u00e4chen bilden und verhindern, dass kleine Gegenst\u00e4nde durch die L\u00fccken fallen und darunter eine Gefahr darstellen. Au\u00dferdem verhindern sie Ausrutschen und St\u00fcrze und tragen so zu einer sichereren Arbeitsumgebung bei. Sicherheitsmatten sind im Baugewerbe, in der Industrie und in anderen Bereichen, in denen die Gefahr des Herunterfallens von Gegenst\u00e4nden und des Ausrutschens gro\u00df ist, unerl\u00e4sslich.<\/p>\n\n\t\t<\/div>\n\t\t\t\t\t<\/div>\n\n\t\n\n<\/div>\n\n\t\t<\/div>\n\n\t\t\n<style>\n#section_554152289 {\n  padding-top: 30px;\n  padding-bottom: 30px;\n}\n<\/style>\n\t<\/section>\n\t\n\n\t<section class=\"section\" id=\"section_871942794\">\n\t\t<div class=\"section-bg fill\" >\n\t\t\t\t\t\t\t\t\t\n\t\t\t\n\n\t\t<\/div>\n\n\t\t\n\n\t\t<div class=\"section-content relative\">\n\t\t\t\n\n\t<div id=\"gap-1122498433\" class=\"gap-element clearfix\" style=\"display:block; height:auto;\">\n\t\t\n<style>\n#gap-1122498433 {\n  padding-top: 50px;\n}\n<\/style>\n\t<\/div>\n\t\n\n<div class=\"row align-middle\" style=\"max-width:1300px\" id=\"row-1190503302\">\n\n\n\t<div id=\"col-228017078\" class=\"col medium-8 small-12 large-8\"  >\n\t\t\t\t<div class=\"col-inner\"  >\n\t\t\t\n\t\t\t\n\n\t<div id=\"text-2788708986\" class=\"text\">\n\t\t\n\n<h2>KOSTENLOSES ANGEBOT EINHOLEN<\/h2>\n<p><span style=\"font-size: 75%;\">Hochwertige Produkte mit pers\u00f6nlicher Aufmerksamkeit f\u00fcr Ihre Bed\u00fcrfnisse. Entdecken Sie alle unsere Produkte.<\/span><\/p>\n\t\t\n<style>\n#text-2788708986 {\n  font-size: 2rem;\n}\n@media (min-width:550px) {\n  #text-2788708986 {\n    font-size: 1.25rem;\n  }\n}\n@media (min-width:850px) {\n  #text-2788708986 {\n    font-size: 1.5rem;\n  }\n}\n<\/style>\n\t<\/div>\n\t\n\n\t\t<\/div>\n\t\t\t\t\t<\/div>\n\n\t\n\n\t<div id=\"col-1729718646\" class=\"col medium-4 small-12 large-4\"  >\n\t\t\t\t<div class=\"col-inner\"  >\n\t\t\t\n\t\t\t\n\n<a href=\"https:\/\/cablesafe.com\/de\/request-quote\/\" class=\"button alert expand\" style=\"padding:5px 30px 5px 30px;\">\n\t\t<span>Angebot einholen<\/span>\n\t<\/a>\n\n\n\n\t\t<\/div>\n\t\t\t\t\t<\/div>\n\n\t\n\n<\/div>\n\n\t\t<\/div>\n\n\t\t\n<style>\n#section_871942794 {\n  padding-top: 20px;\n  padding-bottom: 20px;\n  background-color: rgb(254, 215, 80);\n}\n<\/style>\n\t<\/section>","protected":false},"excerpt":{"rendered":"","protected":false},"author":4,"featured_media":0,"parent":0,"menu_order":0,"comment_status":"closed","ping_status":"closed","template":"page-blank.php","meta":{"inline_featured_image":false,"footnotes":""},"class_list":["post-13265","page","type-page","status-publish","hentry"],"_links":{"self":[{"href":"https:\/\/cablesafe.com\/de\/wp-json\/wp\/v2\/pages\/13265","targetHints":{"allow":["GET"]}}],"collection":[{"href":"https:\/\/cablesafe.com\/de\/wp-json\/wp\/v2\/pages"}],"about":[{"href":"https:\/\/cablesafe.com\/de\/wp-json\/wp\/v2\/types\/page"}],"author":[{"embeddable":true,"href":"https:\/\/cablesafe.com\/de\/wp-json\/wp\/v2\/users\/4"}],"replies":[{"embeddable":true,"href":"https:\/\/cablesafe.com\/de\/wp-json\/wp\/v2\/comments?post=13265"}],"version-history":[{"count":3,"href":"https:\/\/cablesafe.com\/de\/wp-json\/wp\/v2\/pages\/13265\/revisions"}],"predecessor-version":[{"id":13276,"href":"https:\/\/cablesafe.com\/de\/wp-json\/wp\/v2\/pages\/13265\/revisions\/13276"}],"wp:attachment":[{"href":"https:\/\/cablesafe.com\/de\/wp-json\/wp\/v2\/media?parent=13265"}],"curies":[{"name":"wp","href":"https:\/\/api.w.org\/{rel}","templated":true}]}}